{"id":16285,"date":"2025-07-01T12:43:16","date_gmt":"2025-07-01T10:43:16","guid":{"rendered":"https:\/\/www.dibellatextiles.com\/impressum\/"},"modified":"2026-03-26T12:49:27","modified_gmt":"2026-03-26T11:49:27","slug":"stopka-redakcyjna","status":"publish","type":"page","link":"https:\/\/www.dibellatextiles.com\/pl\/stopka-redakcyjna\/","title":{"rendered":"Stopka redakcyjna"},"content":{"rendered":"<div class=\"fusion-fullwidth fullwidth-box fusion-builder-row-1 fusion-flex-container has-pattern-background has-mask-background nonhundred-percent-fullwidth non-hundred-percent-height-scrolling\" style=\"--awb-border-radius-top-left:0px;--awb-border-radius-top-right:0px;--awb-border-radius-bottom-right:0px;--awb-border-radius-bottom-left:0px;--awb-flex-wrap:wrap;\" ><div class=\"fusion-builder-row fusion-row fusion-flex-align-items-flex-start fusion-flex-content-wrap\" style=\"max-width:1320.8px;margin-left: calc(-4% \/ 2 );margin-right: calc(-4% \/ 2 );\"><div class=\"fusion-layout-column fusion_builder_column fusion-builder-column-0 fusion_builder_column_1_1 1_1 fusion-flex-column\" style=\"--awb-bg-size:cover;--awb-width-large:100%;--awb-margin-top-large:25px;--awb-spacing-right-large:1.92%;--awb-margin-bottom-large:25px;--awb-spacing-left-large:1.92%;--awb-width-medium:100%;--awb-order-medium:0;--awb-spacing-right-medium:1.92%;--awb-spacing-left-medium:1.92%;--awb-width-small:100%;--awb-order-small:0;--awb-spacing-right-small:1.92%;--awb-spacing-left-small:1.92%;\"><div class=\"fusion-column-wrapper fusion-column-has-shadow fusion-flex-justify-content-flex-start fusion-content-layout-column\"><div class=\"fusion-text fusion-text-1\"><p>Dibella b.v.<br \/>\nHamelandroute 90<br \/>\n7121 JC Aalten<\/p>\n<h2>Kontakt<\/h2>\n<p>Telefon: +49 (0) 2871 2198-0<br \/>\nfax: +49 (0) 2871 2198-20<br \/>\nEmail: info@dibellatextiles.com<\/p>\n<h2>Numer identyfikacyjny VAT<\/h2>\n<p>Numer identyfikacyjny VAT zgodnie z \u00a7 27a ustawy o podatku od towar\u00f3w i us\u0142ug:<br \/>\nNL006460185B01<\/p>\n<h2>Numer identyfikacyjny przedsi\u0119biorstwa<\/h2>\n<p>KvK 09058728<\/p>\n<h2>Rozstrzyganie spor\u00f3w konsumenckich \/ Uniwersalny organ polubowny<\/h2>\n<p>Nie jeste\u015bmy ani zobowi\u0105zani, ani sk\u0142onni do brania udzia\u0142u w procedurach rozstrzygania spor\u00f3w przed organem polubownym dla konsument\u00f3w.<\/p>\n<\/div><div class=\"fusion-text fusion-text-2 fusion-text-no-margin\" style=\"--awb-margin-bottom:4rem;\"><h2>\u0179r\u00f3d\u0142a i prawa autorskie do zdj\u0119\u0107<\/h2>\n<p>Adobe Stock\/ Trinette Reed\/Stocksy<br \/>\nAdobe Stock\/<a href=\"https:\/\/stock.adobe.com\/de\/contributor\/211108081\/volodymyr-skurtul?load_type=author&amp;prev_url=detail\" data-renderer-mark=\"true\" data-is-router-link=\"false\" data-testid=\"link-with-safety\" target=\"_blank\" rel=\"noopener noreferrer nofollow\">Volodymyr Skurtul<\/a><br \/>\nMichael Kestin<br \/>\nMT Mediendesign &#8211; Michael Tewiele<br \/>\nStrich+Pixel &#8211; Elena Jansen<br \/>\nDibella b.v.<br \/>\nGreen Workwear GmbH<br \/>\nGoodTextilesFoundation<br \/>\nEllery Studio<br \/>\nScholz &amp; Friends Reputation<br \/>\nVogels\u00e4nger Studios GmbH &amp; Co. KG<\/p>\n<h2>Koncepcja i realizacja<\/h2>\n<p><a href=\"https:\/\/www.deutz-werbung.de\/\" target=\"_blank\" rel=\"noreferrer noopener nofollow\">deutz produktionsstudios GmbH \u2013 Agencja reklamowa oferuj\u0105ca kompleksowe us\u0142ugi w Bocholt, Niemcy<\/a><\/p>\n<\/div><\/div><\/div><\/div><\/div>\n","protected":false},"excerpt":{"rendered":"","protected":false},"author":1,"featured_media":0,"parent":0,"menu_order":10,"comment_status":"closed","ping_status":"closed","template":"100-width.php","meta":{"_acf_changed":false,"footnotes":""},"class_list":["post-16285","page","type-page","status-publish","hentry"],"acf":[],"_links":{"self":[{"href":"https:\/\/www.dibellatextiles.com\/pl\/wp-json\/wp\/v2\/pages\/16285","targetHints":{"allow":["GET"]}}],"collection":[{"href":"https:\/\/www.dibellatextiles.com\/pl\/wp-json\/wp\/v2\/pages"}],"about":[{"href":"https:\/\/www.dibellatextiles.com\/pl\/wp-json\/wp\/v2\/types\/page"}],"author":[{"embeddable":true,"href":"https:\/\/www.dibellatextiles.com\/pl\/wp-json\/wp\/v2\/users\/1"}],"replies":[{"embeddable":true,"href":"https:\/\/www.dibellatextiles.com\/pl\/wp-json\/wp\/v2\/comments?post=16285"}],"version-history":[{"count":4,"href":"https:\/\/www.dibellatextiles.com\/pl\/wp-json\/wp\/v2\/pages\/16285\/revisions"}],"predecessor-version":[{"id":16290,"href":"https:\/\/www.dibellatextiles.com\/pl\/wp-json\/wp\/v2\/pages\/16285\/revisions\/16290"}],"wp:attachment":[{"href":"https:\/\/www.dibellatextiles.com\/pl\/wp-json\/wp\/v2\/media?parent=16285"}],"curies":[{"name":"wp","href":"https:\/\/api.w.org\/{rel}","templated":true}]}}