{"id":15922,"date":"2025-10-08T13:39:36","date_gmt":"2025-10-08T11:39:36","guid":{"rendered":"https:\/\/www.dibellatextiles.com\/zrownowazony-rozwoj\/complaints-management\/"},"modified":"2026-03-30T10:35:41","modified_gmt":"2026-03-30T08:35:41","slug":"zarzadzanie-reklamacjami","status":"publish","type":"page","link":"https:\/\/www.dibellatextiles.com\/pl\/zrownowazony-rozwoj\/zarzadzanie-reklamacjami\/","title":{"rendered":"Zarz\u0105dzanie reklamacjami"},"content":{"rendered":"<p><div class=\"fusion-fullwidth fullwidth-box fusion-builder-row-1 fusion-flex-container has-pattern-background has-mask-background nonhundred-percent-fullwidth non-hundred-percent-height-scrolling\" style=\"--awb-border-radius-top-left:0px;--awb-border-radius-top-right:0px;--awb-border-radius-bottom-right:0px;--awb-border-radius-bottom-left:0px;--awb-flex-wrap:wrap;\" ><div class=\"fusion-builder-row fusion-row fusion-flex-align-items-flex-start fusion-flex-content-wrap\" style=\"max-width:1320.8px;margin-left: calc(-4% \/ 2 );margin-right: calc(-4% \/ 2 );\"><div class=\"fusion-layout-column fusion_builder_column fusion-builder-column-0 fusion_builder_column_1_1 1_1 fusion-flex-column\" style=\"--awb-bg-size:cover;--awb-width-large:100%;--awb-margin-top-large:25px;--awb-spacing-right-large:1.92%;--awb-margin-bottom-large:25px;--awb-spacing-left-large:1.92%;--awb-width-medium:100%;--awb-order-medium:0;--awb-spacing-right-medium:1.92%;--awb-spacing-left-medium:1.92%;--awb-width-small:100%;--awb-order-small:0;--awb-spacing-right-small:1.92%;--awb-spacing-left-small:1.92%;\"><div class=\"fusion-column-wrapper fusion-column-has-shadow fusion-flex-justify-content-flex-start fusion-content-layout-column\"><div class=\"fusion-title title fusion-title-1 fusion-sep-none fusion-title-text fusion-title-size-one\" style=\"--awb-margin-top-small:8px;--awb-margin-right-small:0px;--awb-margin-bottom-small:16px;--awb-margin-left-small:0px;\"><h1 class=\"fusion-title-heading title-heading-left fusion-responsive-typography-calculated\" style=\"margin:0;--fontSize:60;line-height:var(--awb-typography1-line-height);\">Zarz\u0105dzanie reklamacjami dla dostawc\u00f3w<\/h1><\/div><div class=\"fusion-title title fusion-title-2 fusion-sep-none fusion-title-text fusion-title-size-two\" style=\"--awb-margin-top-small:8px;--awb-margin-right-small:0px;--awb-margin-bottom-small:16px;--awb-margin-left-small:0px;--awb-font-size:30px;\"><h2 class=\"fusion-title-heading title-heading-left fusion-responsive-typography-calculated\" style=\"margin:0;font-size:1em;--fontSize:30;line-height:var(--awb-typography1-line-height);\">Mechanizm reklamacyjny:<\/h2><\/div><div class=\"fusion-text fusion-text-1\"><p>Bierzemy odpowiedzialno\u015b\u0107 za ludzi, kt\u00f3rzy s\u0105 zaanga\u017cowani w produkcj\u0119 naszych tekstyli\u00f3w. W tym celu wsp\u00f3\u0142pracujemy wy\u0142\u0105cznie z dostawcami, kt\u00f3re wyra\u017anie spe\u0142niaj\u0105 nasze wysokie standardy w zakresie praw cz\u0142owieka, ochrony \u015brodowiska i zdrowia. Opr\u00f3cz uznanych certyfikat\u00f3w wa\u017cna jest dla nas osobista wymiana informacji z naszymi dostawcami. Poniewa\u017c tylko ten, kto wie, \u201egdzie tkwi problem\u201d, mo\u017ce podj\u0105\u0107 dzia\u0142ania. Dlatego te\u017c jednym z naszych g\u0142\u00f3wnych cel\u00f3w jest zapewnienie pracownikom mo\u017cliwo\u015bci bezpo\u015bredniego zg\u0142aszania ewentualnych skarg bezpo\u015brednio do nas:<\/p>\n<p>Osoba kontaktowa: Pani Michaela Gnass, CSR Manager, e-mail: <a href=\"mailto:gnass@dibellatextiles.com\">gnass@dibellatextiles.com<\/a>, telefon: <a href=\"tel:00492871219863\">+49 (0) 2871 2198-63<\/a><\/p>\n<\/div><\/div><\/div><\/div><\/div><div class=\"fusion-fullwidth fullwidth-box fusion-builder-row-2 fusion-flex-container has-pattern-background has-mask-background nonhundred-percent-fullwidth non-hundred-percent-height-scrolling\" style=\"--awb-border-radius-top-left:0px;--awb-border-radius-top-right:0px;--awb-border-radius-bottom-right:0px;--awb-border-radius-bottom-left:0px;--awb-flex-wrap:wrap;\" ><div class=\"fusion-builder-row fusion-row fusion-flex-align-items-flex-start fusion-flex-content-wrap\" style=\"max-width:1320.8px;margin-left: calc(-4% \/ 2 );margin-right: calc(-4% \/ 2 );\"><div class=\"fusion-layout-column fusion_builder_column fusion-builder-column-1 fusion_builder_column_1_1 1_1 fusion-flex-column\" style=\"--awb-bg-size:cover;--awb-width-large:100%;--awb-margin-top-large:25px;--awb-spacing-right-large:1.92%;--awb-margin-bottom-large:25px;--awb-spacing-left-large:1.92%;--awb-width-medium:100%;--awb-order-medium:0;--awb-spacing-right-medium:1.92%;--awb-spacing-left-medium:1.92%;--awb-width-small:100%;--awb-order-small:0;--awb-spacing-right-small:1.92%;--awb-spacing-left-small:1.92%;\"><div class=\"fusion-column-wrapper fusion-column-has-shadow fusion-flex-justify-content-flex-start fusion-content-layout-column\"><div class=\"fusion-title title fusion-title-3 fusion-sep-none fusion-title-text fusion-title-size-three\" style=\"--awb-margin-top-small:8px;--awb-margin-right-small:0px;--awb-margin-bottom-small:16px;--awb-margin-left-small:0px;\"><h3 class=\"fusion-title-heading title-heading-left fusion-responsive-typography-calculated\" style=\"margin:0;--fontSize:28;--minFontSize:28;line-height:1.32;\">Procesy i procedura post\u0119powania<\/h3><\/div><div class=\"fusion-image-element \" style=\"--awb-caption-title-font-family:var(--h2_typography-font-family);--awb-caption-title-font-weight:var(--h2_typography-font-weight);--awb-caption-title-font-style:var(--h2_typography-font-style);--awb-caption-title-size:var(--h2_typography-font-size);--awb-caption-title-transform:var(--h2_typography-text-transform);--awb-caption-title-line-height:var(--h2_typography-line-height);--awb-caption-title-letter-spacing:var(--h2_typography-letter-spacing);\"><span class=\" fusion-imageframe imageframe-none imageframe-1 hover-type-none\"><img decoding=\"async\" width=\"1070\" height=\"274\" title=\"process-amd-procedures\" src=\"https:\/\/www.dibellatextiles.com\/wp-content\/uploads\/2025\/12\/process-amd-procedures.webp\" data-orig-src=\"https:\/\/www.dibellatextiles.com\/wp-content\/uploads\/2025\/12\/process-amd-procedures.webp\" alt class=\"lazyload img-responsive wp-image-12858\" srcset=\"data:image\/svg+xml,%3Csvg%20xmlns%3D%27http%3A%2F%2Fwww.w3.org%2F2000%2Fsvg%27%20width%3D%271070%27%20height%3D%27274%27%20viewBox%3D%270%200%201070%20274%27%3E%3Crect%20width%3D%271070%27%20height%3D%27274%27%20fill-opacity%3D%220%22%2F%3E%3C%2Fsvg%3E\" data-srcset=\"https:\/\/www.dibellatextiles.com\/wp-content\/uploads\/2025\/12\/process-amd-procedures-200x51.webp 200w, https:\/\/www.dibellatextiles.com\/wp-content\/uploads\/2025\/12\/process-amd-procedures-400x102.webp 400w, https:\/\/www.dibellatextiles.com\/wp-content\/uploads\/2025\/12\/process-amd-procedures-600x154.webp 600w, https:\/\/www.dibellatextiles.com\/wp-content\/uploads\/2025\/12\/process-amd-procedures-800x205.webp 800w, https:\/\/www.dibellatextiles.com\/wp-content\/uploads\/2025\/12\/process-amd-procedures.webp 1070w\" data-sizes=\"auto\" data-orig-sizes=\"(max-width: 1300px) 100vw, (max-width: 640px) 100vw, 1070px\" \/><\/span><\/div><div class=\"fusion-title title fusion-title-4 fusion-sep-none fusion-title-text fusion-title-size-three\" style=\"--awb-margin-top-small:8px;--awb-margin-right-small:0px;--awb-margin-bottom-small:16px;--awb-margin-left-small:0px;\"><h3 class=\"fusion-title-heading title-heading-left fusion-responsive-typography-calculated\" style=\"margin:0;--fontSize:28;--minFontSize:28;line-height:1.32;\">Procedura post\u0119powania:<\/h3><\/div><\/div><\/div><div class=\"fusion-layout-column fusion_builder_column fusion-builder-column-2 fusion_builder_column_1_1 1_1 fusion-flex-column\" style=\"--awb-bg-size:cover;--awb-width-large:100%;--awb-margin-top-large:25px;--awb-spacing-right-large:1.92%;--awb-margin-bottom-large:25px;--awb-spacing-left-large:1.92%;--awb-width-medium:100%;--awb-order-medium:0;--awb-spacing-right-medium:1.92%;--awb-spacing-left-medium:1.92%;--awb-width-small:100%;--awb-order-small:0;--awb-spacing-right-small:1.92%;--awb-spacing-left-small:1.92%;\"><div class=\"fusion-column-wrapper fusion-column-has-shadow fusion-flex-justify-content-flex-start fusion-content-layout-column\"><div class=\"fusion-text fusion-text-2\"><p><strong>A) Dibella bada mechanizmy post\u0119powania reklamacyjnego \/ kana\u0142y komunikacji u strategicznych dostawc\u00f3w<\/strong><\/p>\n<p>Baza danych z podzia\u0142em na:<\/p>\n<ol>\n<li>Kraj<\/li>\n<li>Certyfikaty (GOTS,&#8230;)<\/li>\n<li>Otrzymane reklamacje<\/li>\n<li>Poszukiwanie rozwi\u0105za\u0144<\/li>\n<li>Stowarzyszenia\/zwi\u0105zki zawodowych<\/li>\n<li>Skrzynki reklamacyjne<\/li>\n<li>Zintegrowana Polityka Reklamacyjna\/Dokumentacji<\/li>\n<\/ol>\n<p><b>Wynik<i>: Zintegrowane mechanizmy post\u0119powania reklamacyjnego\/kana\u0142y komunikacyjne wszystkich strategicznych dostawc\u00f3w s\u0105 dost\u0119pne na \u017c\u0105danie. Wszyscy dostawcy strategiczni dysponuj\u0105 w\u0142asnymi kana\u0142ami ds. reklamacji.<\/i><\/b><\/p>\n<p><strong>B) Dibella analizuje mechanizmy post\u0119powania reklamacyjnego\/kana\u0142y komunikacji u dostawc\u00f3w strategicznych.<\/strong><\/p>\n<p>Analiza<\/p>\n<p>1. Odniesienie do analizy ryzyka Dibelli<\/p>\n<p><strong>Wynik<em>: Ryzyka zwi\u0105zane z poszczeg\u00f3lnymi krajami i te ju\u017c uznane za priorytetowe, s\u0105 powi\u0105zane z odpowiednim mechanizmem post\u0119powania reklamacyjnego strategicznego dostawcy<\/em><\/strong><\/p>\n<p><strong>C) Dibella sprawdza skuteczno\u015b\u0107 mechanizm\u00f3w post\u0119powania reklamacyjnego\/kana\u0142\u00f3w komunikacji<\/strong><\/p>\n<p>Sprawdzenie skuteczno\u015bci poprzez<\/p>\n<ol>\n<li>audyty, certyfikaty<\/li>\n<li>poprzez w\u0142asne projekty Dibelli *<\/li>\n<li>przegl\u0105d wdro\u017conych dzia\u0142a\u0144 poprzez wizj\u0119 lokaln\u0105\/list\u0119 kontroln\u0105<\/li>\n<\/ol>\n<p>* DE = Realizacja projektu &#8222;Rekompensata inflacyjna dla pracownik\u00f3w dostawcy&#8221; wiosn\u0105 2024 roku. Szczeg\u00f3\u0142owy raport znajduje si\u0119 poni\u017cej.<\/p>\n<p><strong>Rezultat<em>: Mechanizmy post\u0119powania reklamacyjnego\/kana\u0142y komunikacji s\u0105 sprawdzane i oceniane pod k\u0105tem skuteczno\u015bci<\/em><\/strong><\/p>\n<p><strong>D) Dibella podejmuje ewentualne dalsze dzia\u0142ania<\/strong><\/p>\n<p>Sprawdza, czy konieczne s\u0105 dalsze dzia\u0142ania<\/p>\n<ol>\n<li>Wprowadzenie Planu Dzia\u0142a\u0144 Koryguj\u0105cych (CAP)<\/li>\n<li>patrz C) Ponowne sprawdzenie skuteczno\u015bci<\/li>\n<\/ol>\n<p><strong>E) Dibella mo\u017ce zapewni\u0107 odpowiednie \u015brodki zaradcze\/zado\u015b\u0107uczynienie<\/strong><\/p>\n<p>Zapewnienie pomocy i dost\u0119pu do zado\u015b\u0107uczynienia<\/p>\n<ol>\n<li>Dibella tworzy wymagania organizacyjne, kadrowe.<br \/>\nOsoby kontaktowe i zakresy odpowiedzialno\u015bci:<br \/>\nKierownik ds. zakup\u00f3w: Pan Simon Bartholomes<br \/>\nCSR Manager: Pani Michaela Gnass<\/li>\n<li>Pytanie: Czy w ci\u0105gu ostatnich 12 miesi\u0119cy zastosowano jakie\u015b \u015brodki zaradcze\/zado\u015buczynienie?<br \/>\n<b>Otrzymanie reklamacji 2022\/2023<\/b><br \/>\nPodczas wizyty w zak\u0142adzie odzie\u017cowym pakista\u0144skiego dostawcy w 2022 r. pracownicy skar\u017cyli si\u0119 na niewygodne krzes\u0142a w szwalni. W rozmowach z 80 osobami, kt\u00f3rych dotyczy\u0142a ta kwestia, uzgodniono, \u017ce udost\u0119pniony zostanie wyb\u00f3r alternatywnych krzese\u0142. Po fazie testowej pracownicy zdecydowali si\u0119 na model z wy\u015bcie\u0142anym oparciem. Osoby, kt\u00f3rych dotyczy\u0142a ta sytuacja, s\u0105 zadowolone z podj\u0119tych dzia\u0142a\u0144 naprawczych i przekaza\u0142y nam pozytywne opinie<br \/>\n<b>Otrzymanie dw\u00f3ch skarg w 2024 roku<\/b><br \/>\nWiosn\u0105 2024 roku otrzymali\u015bmy zg\u0142oszenie od dw\u00f3ch by\u0142ych pracownik\u00f3w jednego z naszych dostawc\u00f3w. Poinformowali nas oni o rozwi\u0105zaniu um\u00f3w argumentowanym redukcj\u0105 etat\u00f3w, przy jednoczesnej rekrutacji nowego personelu. Firma Dibella niezw\u0142ocznie zainicjowa\u0142a mediacj\u0119 u dostawcy. W wyniku naszych dzia\u0142a\u0144 jeden z pracownik\u00f3w skorzysta\u0142 z profesjonalnego wsparcia i podj\u0105\u0142 now\u0105 prac\u0119, wyra\u017caj\u0105c wdzi\u0119czno\u015b\u0107 za nasz\u0105 pomoc. Drugi z pracownik\u00f3w, mimo wielokrotnych pr\u00f3b kontaktu z naszej strony, nie zdecydowa\u0142 si\u0119 na dalszy dialog.<\/li>\n<\/ol>\n<p>Firma Dibella dzia\u0142a zgodnie z zasad\u0105 przezorno\u015bci. Poprzez powo\u0142an\u0105 przez nas fundacj\u0119 GoodTextiles inicjujemy i finansujemy projekty maj\u0105ce na celu wspieranie pozytywnych zmian spo\u0142ecznych oraz ekologicznych.<\/p>\n<p>Przyk\u0142ad: Centrum Szkoleniowe dla ekologicznych rolnik\u00f3w Fairtrade, projekty szkolne promuj\u0105ce edukacj\u0119, kompensuj\u0105ce emisj\u0119 CO<sub>2<\/sub> w Lesie Dibella itp. (wi\u0119cej informacji na: <a href=\"https:\/\/www.goodtextiles.org\/\" target=\"_blank\" rel=\"noopener noreferrer nofollow\">www.goodtextiles.org<\/a>)<\/p>\n<p><b>W przypadku zado\u015b\u0107uczynienia\/odszkodowania obowi\u0105zuje nast\u0119puj\u0105cy proces:<\/b><\/p>\n<\/div><div class=\"fusion-title title fusion-title-5 fusion-sep-none fusion-title-text fusion-title-size-three\" style=\"--awb-margin-top-small:8px;--awb-margin-right-small:0px;--awb-margin-bottom-small:16px;--awb-margin-left-small:0px;\"><h3 class=\"fusion-title-heading title-heading-left fusion-responsive-typography-calculated\" style=\"margin:0;--fontSize:28;--minFontSize:28;line-height:1.32;\"><\/h3><\/div><div class=\"fusion-image-element \" style=\"--awb-caption-title-font-family:var(--h2_typography-font-family);--awb-caption-title-font-weight:var(--h2_typography-font-weight);--awb-caption-title-font-style:var(--h2_typography-font-style);--awb-caption-title-size:var(--h2_typography-font-size);--awb-caption-title-transform:var(--h2_typography-text-transform);--awb-caption-title-line-height:var(--h2_typography-line-height);--awb-caption-title-letter-spacing:var(--h2_typography-letter-spacing);\"><span class=\" fusion-imageframe imageframe-none imageframe-2 hover-type-none\"><img decoding=\"async\" width=\"944\" height=\"272\" title=\"remedy-reparation\" src=\"https:\/\/www.dibellatextiles.com\/wp-content\/uploads\/2025\/12\/remedy-reparation.webp\" data-orig-src=\"https:\/\/www.dibellatextiles.com\/wp-content\/uploads\/2025\/12\/remedy-reparation.webp\" alt class=\"lazyload img-responsive wp-image-12857\" srcset=\"data:image\/svg+xml,%3Csvg%20xmlns%3D%27http%3A%2F%2Fwww.w3.org%2F2000%2Fsvg%27%20width%3D%27944%27%20height%3D%27272%27%20viewBox%3D%270%200%20944%20272%27%3E%3Crect%20width%3D%27944%27%20height%3D%27272%27%20fill-opacity%3D%220%22%2F%3E%3C%2Fsvg%3E\" data-srcset=\"https:\/\/www.dibellatextiles.com\/wp-content\/uploads\/2025\/12\/remedy-reparation-200x58.webp 200w, https:\/\/www.dibellatextiles.com\/wp-content\/uploads\/2025\/12\/remedy-reparation-400x115.webp 400w, https:\/\/www.dibellatextiles.com\/wp-content\/uploads\/2025\/12\/remedy-reparation-600x173.webp 600w, https:\/\/www.dibellatextiles.com\/wp-content\/uploads\/2025\/12\/remedy-reparation-800x231.webp 800w, https:\/\/www.dibellatextiles.com\/wp-content\/uploads\/2025\/12\/remedy-reparation.webp 944w\" data-sizes=\"auto\" data-orig-sizes=\"(max-width: 1300px) 100vw, (max-width: 640px) 100vw, 944px\" \/><\/span><\/div><div class=\"fusion-text fusion-text-3\"><p>1) Ewidentne potwierdzenie spowodowanej szkody<\/p>\n<p>2) Wymiana\/dialog z osobami poszkodowanymi (podr\u00f3\u017c lub na pi\u015bmie)<\/p>\n<p>3) Tworzenie dokumentacji (lista reklamacji)<\/p>\n<p>4) Zainteresowane strony i Dibella opracowuj\u0105 wsp\u00f3lne \u015brodki zaradcze (forma i wysoko\u015b\u0107)<\/p>\n<p>5) Weryfikacja poziomu satysfakcji os\u00f3b poszkodowanych z uzyskanego rezultatu. W razie potrzeby: wdro\u017cenie Planu Dzia\u0142a\u0144 Koryguj\u0105cych (CAP).<\/p>\n<\/div><\/div><\/div><\/div><\/div><div class=\"fusion-fullwidth fullwidth-box fusion-builder-row-3 fusion-flex-container has-pattern-background has-mask-background nonhundred-percent-fullwidth non-hundred-percent-height-scrolling\" style=\"--awb-border-radius-top-left:0px;--awb-border-radius-top-right:0px;--awb-border-radius-bottom-right:0px;--awb-border-radius-bottom-left:0px;--awb-flex-wrap:wrap;\" ><div class=\"fusion-builder-row fusion-row fusion-flex-align-items-flex-start fusion-flex-content-wrap\" style=\"max-width:1320.8px;margin-left: calc(-4% \/ 2 );margin-right: calc(-4% \/ 2 );\"><div class=\"fusion-layout-column fusion_builder_column fusion-builder-column-3 fusion_builder_column_1_1 1_1 fusion-flex-column\" style=\"--awb-bg-size:cover;--awb-width-large:100%;--awb-margin-top-large:25px;--awb-spacing-right-large:1.92%;--awb-margin-bottom-large:25px;--awb-spacing-left-large:1.92%;--awb-width-medium:100%;--awb-order-medium:0;--awb-spacing-right-medium:1.92%;--awb-spacing-left-medium:1.92%;--awb-width-small:100%;--awb-order-small:0;--awb-spacing-right-small:1.92%;--awb-spacing-left-small:1.92%;\"><div class=\"fusion-column-wrapper fusion-column-has-shadow fusion-flex-justify-content-flex-start fusion-content-layout-column\"><div class=\"fusion-title title fusion-title-6 fusion-sep-none fusion-title-text fusion-title-size-three\" style=\"--awb-margin-top-small:8px;--awb-margin-right-small:0px;--awb-margin-bottom-small:16px;--awb-margin-left-small:0px;\"><h3 class=\"fusion-title-heading title-heading-left fusion-responsive-typography-calculated\" style=\"margin:0;--fontSize:28;--minFontSize:28;line-height:1.32;\">Dibella aktywnie anga\u017cuje si\u0119 w dalszy rozw\u00f3j dialogu spo\u0142ecznego z i w\u015br\u00f3d swoich dostawc\u00f3w.<\/h3><\/div><\/div><\/div><\/div><\/div><div class=\"fusion-fullwidth fullwidth-box fusion-builder-row-4 fusion-flex-container has-pattern-background has-mask-background nonhundred-percent-fullwidth non-hundred-percent-height-scrolling\" style=\"--awb-border-radius-top-left:0px;--awb-border-radius-top-right:0px;--awb-border-radius-bottom-right:0px;--awb-border-radius-bottom-left:0px;--awb-flex-wrap:wrap;\" ><div class=\"fusion-builder-row fusion-row fusion-flex-align-items-flex-start fusion-flex-content-wrap\" style=\"max-width:1320.8px;margin-left: calc(-4% \/ 2 );margin-right: calc(-4% \/ 2 );\"><div class=\"fusion-layout-column fusion_builder_column fusion-builder-column-4 fusion_builder_column_1_1 1_1 fusion-flex-column\" style=\"--awb-bg-size:cover;--awb-width-large:100%;--awb-margin-top-large:25px;--awb-spacing-right-large:1.92%;--awb-margin-bottom-large:25px;--awb-spacing-left-large:1.92%;--awb-width-medium:100%;--awb-order-medium:0;--awb-spacing-right-medium:1.92%;--awb-spacing-left-medium:1.92%;--awb-width-small:100%;--awb-order-small:0;--awb-spacing-right-small:1.92%;--awb-spacing-left-small:1.92%;\"><div class=\"fusion-column-wrapper fusion-column-has-shadow fusion-flex-justify-content-flex-start fusion-content-layout-column\"><div style=\"text-align:center;\"><a class=\"fusion-button button-flat fusion-button-default-size button-default fusion-button-default button-1 fusion-button-default-span fusion-button-default-type\" target=\"_self\" href=\"\/pl\/zrownowazony-rozwoj\/\"><span class=\"fusion-button-text awb-button__text awb-button__text--default\">Powr\u00f3t do przegl\u0105du: Zr\u00f3wnowa\u017cony rozw\u00f3j<\/span><\/a><\/div><\/div><\/div><\/div><\/div><\/p>\n","protected":false},"excerpt":{"rendered":"","protected":false},"author":2,"featured_media":0,"parent":15769,"menu_order":5,"comment_status":"closed","ping_status":"closed","template":"100-width.php","meta":{"_acf_changed":false,"footnotes":""},"class_list":["post-15922","page","type-page","status-publish","hentry"],"acf":[],"_links":{"self":[{"href":"https:\/\/www.dibellatextiles.com\/pl\/wp-json\/wp\/v2\/pages\/15922","targetHints":{"allow":["GET"]}}],"collection":[{"href":"https:\/\/www.dibellatextiles.com\/pl\/wp-json\/wp\/v2\/pages"}],"about":[{"href":"https:\/\/www.dibellatextiles.com\/pl\/wp-json\/wp\/v2\/types\/page"}],"author":[{"embeddable":true,"href":"https:\/\/www.dibellatextiles.com\/pl\/wp-json\/wp\/v2\/users\/2"}],"replies":[{"embeddable":true,"href":"https:\/\/www.dibellatextiles.com\/pl\/wp-json\/wp\/v2\/comments?post=15922"}],"version-history":[{"count":5,"href":"https:\/\/www.dibellatextiles.com\/pl\/wp-json\/wp\/v2\/pages\/15922\/revisions"}],"predecessor-version":[{"id":16442,"href":"https:\/\/www.dibellatextiles.com\/pl\/wp-json\/wp\/v2\/pages\/15922\/revisions\/16442"}],"up":[{"embeddable":true,"href":"https:\/\/www.dibellatextiles.com\/pl\/wp-json\/wp\/v2\/pages\/15769"}],"wp:attachment":[{"href":"https:\/\/www.dibellatextiles.com\/pl\/wp-json\/wp\/v2\/media?parent=15922"}],"curies":[{"name":"wp","href":"https:\/\/api.w.org\/{rel}","templated":true}]}}