{"id":15915,"date":"2025-10-08T13:44:31","date_gmt":"2025-10-08T11:44:31","guid":{"rendered":"https:\/\/www.dibellatextiles.com\/zrownowazony-rozwoj\/dibella-forest\/"},"modified":"2026-03-25T11:07:19","modified_gmt":"2026-03-25T10:07:19","slug":"las-dibella","status":"publish","type":"page","link":"https:\/\/www.dibellatextiles.com\/pl\/zrownowazony-rozwoj\/las-dibella\/","title":{"rendered":"Las Dibella"},"content":{"rendered":"<p><div class=\"fusion-fullwidth fullwidth-box fusion-builder-row-1 fusion-flex-container has-pattern-background has-mask-background nonhundred-percent-fullwidth non-hundred-percent-height-scrolling\" style=\"--awb-border-radius-top-left:0px;--awb-border-radius-top-right:0px;--awb-border-radius-bottom-right:0px;--awb-border-radius-bottom-left:0px;--awb-flex-wrap:wrap;\" ><div class=\"fusion-builder-row fusion-row fusion-flex-align-items-flex-start fusion-flex-content-wrap\" style=\"max-width:1320.8px;margin-left: calc(-4% \/ 2 );margin-right: calc(-4% \/ 2 );\"><div class=\"fusion-layout-column fusion_builder_column fusion-builder-column-0 fusion_builder_column_1_1 1_1 fusion-flex-column\" style=\"--awb-bg-size:cover;--awb-width-large:100%;--awb-margin-top-large:25px;--awb-spacing-right-large:1.92%;--awb-margin-bottom-large:25px;--awb-spacing-left-large:1.92%;--awb-width-medium:100%;--awb-order-medium:0;--awb-spacing-right-medium:1.92%;--awb-spacing-left-medium:1.92%;--awb-width-small:100%;--awb-order-small:0;--awb-spacing-right-small:1.92%;--awb-spacing-left-small:1.92%;\" data-scroll-devices=\"small-visibility,medium-visibility,large-visibility\"><div class=\"fusion-column-wrapper fusion-column-has-shadow fusion-flex-justify-content-flex-start fusion-content-layout-column\"><div class=\"fusion-title title fusion-title-1 fusion-sep-none fusion-title-text fusion-title-size-one\" style=\"--awb-margin-top-small:8px;--awb-margin-right-small:0px;--awb-margin-bottom-small:16px;--awb-margin-left-small:0px;\"><h1 class=\"fusion-title-heading title-heading-left fusion-responsive-typography-calculated\" style=\"margin:0;--fontSize:60;line-height:var(--awb-typography1-line-height);\">Projekt bliski naszemu sercu: nasz las Dibella<\/h1><\/div><div class=\"fusion-title title fusion-title-2 fusion-sep-none fusion-title-text fusion-title-size-two\" style=\"--awb-margin-top-small:8px;--awb-margin-right-small:0px;--awb-margin-bottom-small:16px;--awb-margin-left-small:0px;--awb-font-size:30px;\"><h2 class=\"fusion-title-heading title-heading-left fusion-responsive-typography-calculated\" style=\"margin:0;font-size:1em;--fontSize:30;line-height:var(--awb-typography1-line-height);\">Zacz\u0119\u0142o si\u0119 od projektu zalesiania, ros\u0142o, ros\u0142o i ros\u0142o \u2026<\/h2><\/div><div class=\"fusion-text fusion-text-1\" style=\"--awb-text-font-family:&quot;GT Walsheim Regular&quot;;--awb-text-font-style:normal;--awb-text-font-weight:400;\"><p>Dzi\u0119ki lasowi Dibella w Indiach wspieramy osi\u0105gni\u0119cie naszych deklarowanych cel\u00f3w klimatycznych i umo\u017cliwiamy stronom trzecim rozpocz\u0119cie pracy z kompensacj\u0105 dwutlenku w\u0119gla (CO<sub>2<\/sub>). Jednocze\u015bnie stale rosn\u0105cy las powinien aktywnie przyczynia\u0107 si\u0119 do ochrony klimatu i \u015brodowiska w stanie Tamil Nadu.<\/p>\n<\/div><div class=\"fusion-video fusion-selfhosted-video\" style=\"max-width:100%;\"><div class=\"video-wrapper\"><video playsinline=\"true\" width=\"100%\" style=\"object-fit: cover;\" autoplay=\"true\" muted=\"true\" loop=\"true\" poster=\"https:\/\/www.dibellatextiles.com\/wp-content\/uploads\/2025\/10\/Screenshot-Forestvideo-200x122.webp\" preload=\"auto\" controls=\"1\"><source src=\"https:\/\/www.dibellatextiles.com\/wp-content\/uploads\/2025\/10\/dibella_forest.mp4-720p.mp4\" type=\"video\/mp4\">Sorry, your browser doesn&#039;t support embedded videos.<\/video><\/div><\/div><\/div><\/div><div class=\"fusion-layout-column fusion_builder_column fusion-builder-column-1 fusion_builder_column_2_3 2_3 fusion-flex-column\" style=\"--awb-bg-size:cover;--awb-width-large:66.666666666667%;--awb-margin-top-large:25px;--awb-spacing-right-large:2.88%;--awb-margin-bottom-large:25px;--awb-spacing-left-large:2.88%;--awb-width-medium:100%;--awb-order-medium:0;--awb-spacing-right-medium:1.92%;--awb-spacing-left-medium:1.92%;--awb-width-small:100%;--awb-order-small:0;--awb-spacing-right-small:1.92%;--awb-spacing-left-small:1.92%;\"><div class=\"fusion-column-wrapper fusion-column-has-shadow fusion-flex-justify-content-flex-start fusion-content-layout-column\"><div class=\"fusion-text fusion-text-2\"><p>Program zalesiania Dibella jest otwarty na udzia\u0142 stron trzecich: klienci, partnerzy i dostawcy mog\u0105 zrekompensowa\u0107 sw\u00f3j \u015blad w\u0119glowy poprzez posiadanie w\u0142asnego kawa\u0142ka lasu.<\/p>\n<p>Projekt ten sta\u0142 si\u0119 ju\u017c wzorem do na\u015bladowania. Aby mog\u0142a dalej si\u0119 rozwija\u0107, Dibella zadba\u0142a o odpowiednie warunki: powi\u0119kszenie powierzchni lasu jest mo\u017cliwe.<\/p>\n<p>Czy s\u0105 Pa\u0144stwo zainteresowani udzia\u0142em w tym ekscytuj\u0105cym i bliskim naturze projekcie? Zapraszamy do bezpo\u015bredniego kontaktu z nami, a wsp\u00f3lnie zastanowimy si\u0119, jak mo\u017cemy pom\u00f3c w realizacji Pa\u0144stwa pomys\u0142\u00f3w: <a href=\"mailto:gnass@dibellatextiles.com\">gnass@dibellatextiles.com<\/a><\/p>\n<\/div><\/div><\/div><div class=\"fusion-layout-column fusion_builder_column fusion-builder-column-2 fusion_builder_column_1_3 1_3 fusion-flex-column\" style=\"--awb-bg-size:cover;--awb-width-large:33.333333333333%;--awb-margin-top-large:25px;--awb-spacing-right-large:5.76%;--awb-margin-bottom-large:25px;--awb-spacing-left-large:5.76%;--awb-width-medium:100%;--awb-order-medium:0;--awb-spacing-right-medium:1.92%;--awb-spacing-left-medium:1.92%;--awb-width-small:100%;--awb-order-small:0;--awb-spacing-right-small:1.92%;--awb-spacing-left-small:1.92%;\"><div class=\"fusion-column-wrapper fusion-column-has-shadow fusion-flex-justify-content-flex-start fusion-content-layout-column\"><div class=\"fusion-image-element \" style=\"text-align:right;--awb-aspect-ratio:3 \/ 2;--awb-object-position:61% 53%;--awb-caption-title-font-family:var(--h2_typography-font-family);--awb-caption-title-font-weight:var(--h2_typography-font-weight);--awb-caption-title-font-style:var(--h2_typography-font-style);--awb-caption-title-size:var(--h2_typography-font-size);--awb-caption-title-transform:var(--h2_typography-text-transform);--awb-caption-title-line-height:var(--h2_typography-line-height);--awb-caption-title-letter-spacing:var(--h2_typography-letter-spacing);\"><span class=\" fusion-imageframe imageframe-none imageframe-1 hover-type-none has-aspect-ratio\"><img decoding=\"async\" width=\"200\" height=\"150\" alt=\"Planting Trees in Dibella Forest\" title=\"Dibella Forrest-39\" src=\"https:\/\/www.dibellatextiles.com\/wp-content\/uploads\/2025\/10\/Dibella-Forrest-39.webp\" data-orig-src=\"https:\/\/www.dibellatextiles.com\/wp-content\/uploads\/2025\/10\/Dibella-Forrest-39-200x150.webp\" class=\"lazyload img-responsive wp-image-8259 img-with-aspect-ratio\" data-parent-fit=\"cover\" data-parent-container=\".fusion-image-element\" srcset=\"data:image\/svg+xml,%3Csvg%20xmlns%3D%27http%3A%2F%2Fwww.w3.org%2F2000%2Fsvg%27%20width%3D%271920%27%20height%3D%271440%27%20viewBox%3D%270%200%201920%201440%27%3E%3Crect%20width%3D%271920%27%20height%3D%271440%27%20fill-opacity%3D%220%22%2F%3E%3C%2Fsvg%3E\" data-srcset=\"https:\/\/www.dibellatextiles.com\/wp-content\/uploads\/2025\/10\/Dibella-Forrest-39-200x150.webp 200w, https:\/\/www.dibellatextiles.com\/wp-content\/uploads\/2025\/10\/Dibella-Forrest-39-400x300.webp 400w, https:\/\/www.dibellatextiles.com\/wp-content\/uploads\/2025\/10\/Dibella-Forrest-39-600x450.webp 600w, https:\/\/www.dibellatextiles.com\/wp-content\/uploads\/2025\/10\/Dibella-Forrest-39-800x600.webp 800w, https:\/\/www.dibellatextiles.com\/wp-content\/uploads\/2025\/10\/Dibella-Forrest-39-1200x900.webp 1200w, https:\/\/www.dibellatextiles.com\/wp-content\/uploads\/2025\/10\/Dibella-Forrest-39.webp 1920w\" data-sizes=\"auto\" data-orig-sizes=\"(max-width: 1300px) 100vw, (max-width: 640px) 100vw, 400px\" \/><\/span><\/div><\/div><\/div><\/div><\/div><div class=\"fusion-fullwidth fullwidth-box fusion-builder-row-2 fusion-flex-container has-pattern-background has-mask-background nonhundred-percent-fullwidth non-hundred-percent-height-scrolling\" style=\"--awb-border-radius-top-left:0px;--awb-border-radius-top-right:0px;--awb-border-radius-bottom-right:0px;--awb-border-radius-bottom-left:0px;--awb-flex-wrap:wrap;\" ><div class=\"fusion-builder-row fusion-row fusion-flex-align-items-flex-start fusion-flex-content-wrap\" style=\"max-width:1320.8px;margin-left: calc(-4% \/ 2 );margin-right: calc(-4% \/ 2 );\"><div class=\"fusion-layout-column fusion_builder_column fusion-builder-column-3 fusion_builder_column_1_1 1_1 fusion-flex-column\" style=\"--awb-bg-size:cover;--awb-width-large:100%;--awb-margin-top-large:25px;--awb-spacing-right-large:1.92%;--awb-margin-bottom-large:25px;--awb-spacing-left-large:1.92%;--awb-width-medium:100%;--awb-order-medium:0;--awb-spacing-right-medium:1.92%;--awb-spacing-left-medium:1.92%;--awb-width-small:100%;--awb-order-small:0;--awb-spacing-right-small:1.92%;--awb-spacing-left-small:1.92%;\"><div class=\"fusion-column-wrapper fusion-column-has-shadow fusion-flex-justify-content-flex-start fusion-content-layout-column\"><div style=\"text-align:center;\"><a class=\"fusion-button button-flat fusion-button-default-size button-default fusion-button-default button-1 fusion-button-default-span fusion-button-default-type\" target=\"_self\" href=\"\/pl\/zrownowazony-rozwoj\/\"><span class=\"fusion-button-text awb-button__text awb-button__text--default\">Powr\u00f3t do przegl\u0105du: Zr\u00f3wnowa\u017cony rozw\u00f3j<\/span><\/a><\/div><\/div><\/div><\/div><\/div><\/p>\n","protected":false},"excerpt":{"rendered":"","protected":false},"author":2,"featured_media":0,"parent":15769,"menu_order":2,"comment_status":"closed","ping_status":"closed","template":"100-width.php","meta":{"_acf_changed":false,"footnotes":""},"class_list":["post-15915","page","type-page","status-publish","hentry"],"acf":[],"_links":{"self":[{"href":"https:\/\/www.dibellatextiles.com\/pl\/wp-json\/wp\/v2\/pages\/15915","targetHints":{"allow":["GET"]}}],"collection":[{"href":"https:\/\/www.dibellatextiles.com\/pl\/wp-json\/wp\/v2\/pages"}],"about":[{"href":"https:\/\/www.dibellatextiles.com\/pl\/wp-json\/wp\/v2\/types\/page"}],"author":[{"embeddable":true,"href":"https:\/\/www.dibellatextiles.com\/pl\/wp-json\/wp\/v2\/users\/2"}],"replies":[{"embeddable":true,"href":"https:\/\/www.dibellatextiles.com\/pl\/wp-json\/wp\/v2\/comments?post=15915"}],"version-history":[{"count":3,"href":"https:\/\/www.dibellatextiles.com\/pl\/wp-json\/wp\/v2\/pages\/15915\/revisions"}],"predecessor-version":[{"id":15918,"href":"https:\/\/www.dibellatextiles.com\/pl\/wp-json\/wp\/v2\/pages\/15915\/revisions\/15918"}],"up":[{"embeddable":true,"href":"https:\/\/www.dibellatextiles.com\/pl\/wp-json\/wp\/v2\/pages\/15769"}],"wp:attachment":[{"href":"https:\/\/www.dibellatextiles.com\/pl\/wp-json\/wp\/v2\/media?parent=15915"}],"curies":[{"name":"wp","href":"https:\/\/api.w.org\/{rel}","templated":true}]}}