{"id":13889,"date":"2025-10-08T13:39:36","date_gmt":"2025-10-08T11:39:36","guid":{"rendered":"https:\/\/www.dibellatextiles.com\/duurzaam-handelen\/beschwerdemanagement\/"},"modified":"2026-03-30T12:16:32","modified_gmt":"2026-03-30T10:16:32","slug":"klachtenmanagement","status":"publish","type":"page","link":"https:\/\/www.dibellatextiles.com\/nl\/duurzaam-handelen\/klachtenmanagement\/","title":{"rendered":"Klachtenmanagement"},"content":{"rendered":"<p><div class=\"fusion-fullwidth fullwidth-box fusion-builder-row-1 fusion-flex-container has-pattern-background has-mask-background nonhundred-percent-fullwidth non-hundred-percent-height-scrolling\" style=\"--awb-border-radius-top-left:0px;--awb-border-radius-top-right:0px;--awb-border-radius-bottom-right:0px;--awb-border-radius-bottom-left:0px;--awb-flex-wrap:wrap;\" ><div class=\"fusion-builder-row fusion-row fusion-flex-align-items-flex-start fusion-flex-content-wrap\" style=\"max-width:1320.8px;margin-left: calc(-4% \/ 2 );margin-right: calc(-4% \/ 2 );\"><div class=\"fusion-layout-column fusion_builder_column fusion-builder-column-0 fusion_builder_column_1_1 1_1 fusion-flex-column\" style=\"--awb-bg-size:cover;--awb-width-large:100%;--awb-margin-top-large:25px;--awb-spacing-right-large:1.92%;--awb-margin-bottom-large:25px;--awb-spacing-left-large:1.92%;--awb-width-medium:100%;--awb-order-medium:0;--awb-spacing-right-medium:1.92%;--awb-spacing-left-medium:1.92%;--awb-width-small:100%;--awb-order-small:0;--awb-spacing-right-small:1.92%;--awb-spacing-left-small:1.92%;\"><div class=\"fusion-column-wrapper fusion-column-has-shadow fusion-flex-justify-content-flex-start fusion-content-layout-column\"><div class=\"fusion-title title fusion-title-1 fusion-sep-none fusion-title-text fusion-title-size-one\" style=\"--awb-margin-top-small:8px;--awb-margin-right-small:0px;--awb-margin-bottom-small:16px;--awb-margin-left-small:0px;\"><h1 class=\"fusion-title-heading title-heading-left fusion-responsive-typography-calculated\" style=\"margin:0;--fontSize:60;line-height:var(--awb-typography1-line-height);\">Klachtenmanagement voor leveranciers<\/h1><\/div><div class=\"fusion-title title fusion-title-2 fusion-sep-none fusion-title-text fusion-title-size-two\" style=\"--awb-margin-top-small:8px;--awb-margin-right-small:0px;--awb-margin-bottom-small:16px;--awb-margin-left-small:0px;--awb-font-size:30px;\"><h2 class=\"fusion-title-heading title-heading-left fusion-responsive-typography-calculated\" style=\"margin:0;font-size:1em;--fontSize:30;line-height:var(--awb-typography1-line-height);\">Klachtenmechanisme:<\/h2><\/div><div class=\"fusion-text fusion-text-1\"><p>We nemen verantwoordelijkheid voor de mensen die betrokken zijn bij de productie van ons textiel. Daarom werken we uitsluitend met leveranciers die aantoonbaar voldoen aan onze hoge standaarden op het gebied van mensenrechten, milieubescherming en gezondheid.<\/p>\n<p>Naast erkende keurmerken vinden we persoonlijke uitwisseling met onze leveranciers belangrijk. Omdat alleen degenen die weten &#8220;waar het schoentje knelt&#8221; kunnen handelen.<\/p>\n<p>Daarom is het voor ons van groot belang dat werknemers de mogelijkheid hebben om rechtstreeks contact met ons op te nemen als ze klachten hebben:<\/p>\n<p><b> Contactpersoon:<\/b> Mevrouw Michaela Gnass, CSR Manager, e-mail: <a href=\"mailto:gnass@dibellatextiles.com\">gnass@dibellatextiles.com<\/a>, telefoon: <a href=\"tel:00492871219863\">+49 (0) 2871 2198-63<\/a><\/p>\n<\/div><\/div><\/div><\/div><\/div><div class=\"fusion-fullwidth fullwidth-box fusion-builder-row-2 fusion-flex-container has-pattern-background has-mask-background nonhundred-percent-fullwidth non-hundred-percent-height-scrolling\" style=\"--awb-border-radius-top-left:0px;--awb-border-radius-top-right:0px;--awb-border-radius-bottom-right:0px;--awb-border-radius-bottom-left:0px;--awb-flex-wrap:wrap;\" ><div class=\"fusion-builder-row fusion-row fusion-flex-align-items-flex-start fusion-flex-content-wrap\" style=\"max-width:1320.8px;margin-left: calc(-4% \/ 2 );margin-right: calc(-4% \/ 2 );\"><div class=\"fusion-layout-column fusion_builder_column fusion-builder-column-1 fusion_builder_column_1_1 1_1 fusion-flex-column\" style=\"--awb-bg-size:cover;--awb-width-large:100%;--awb-margin-top-large:25px;--awb-spacing-right-large:1.92%;--awb-margin-bottom-large:25px;--awb-spacing-left-large:1.92%;--awb-width-medium:100%;--awb-order-medium:0;--awb-spacing-right-medium:1.92%;--awb-spacing-left-medium:1.92%;--awb-width-small:100%;--awb-order-small:0;--awb-spacing-right-small:1.92%;--awb-spacing-left-small:1.92%;\"><div class=\"fusion-column-wrapper fusion-column-has-shadow fusion-flex-justify-content-flex-start fusion-content-layout-column\"><div class=\"fusion-title title fusion-title-3 fusion-sep-none fusion-title-text fusion-title-size-three\" style=\"--awb-margin-top-small:8px;--awb-margin-right-small:0px;--awb-margin-bottom-small:16px;--awb-margin-left-small:0px;\"><h3 class=\"fusion-title-heading title-heading-left fusion-responsive-typography-calculated\" style=\"margin:0;--fontSize:28;--minFontSize:28;line-height:1.32;\">Processen en procedures<\/h3><\/div><div class=\"fusion-image-element \" style=\"--awb-caption-title-font-family:var(--h2_typography-font-family);--awb-caption-title-font-weight:var(--h2_typography-font-weight);--awb-caption-title-font-style:var(--h2_typography-font-style);--awb-caption-title-size:var(--h2_typography-font-size);--awb-caption-title-transform:var(--h2_typography-text-transform);--awb-caption-title-line-height:var(--h2_typography-line-height);--awb-caption-title-letter-spacing:var(--h2_typography-letter-spacing);\"><span class=\" fusion-imageframe imageframe-none imageframe-1 hover-type-none\"><img decoding=\"async\" width=\"1070\" height=\"274\" title=\"process-amd-procedures\" src=\"https:\/\/www.dibellatextiles.com\/wp-content\/uploads\/2026\/01\/process-amd-procedures-1.webp\" data-orig-src=\"https:\/\/www.dibellatextiles.com\/wp-content\/uploads\/2026\/01\/process-amd-procedures-1.webp\" alt class=\"lazyload img-responsive wp-image-13895\" srcset=\"data:image\/svg+xml,%3Csvg%20xmlns%3D%27http%3A%2F%2Fwww.w3.org%2F2000%2Fsvg%27%20width%3D%271070%27%20height%3D%27274%27%20viewBox%3D%270%200%201070%20274%27%3E%3Crect%20width%3D%271070%27%20height%3D%27274%27%20fill-opacity%3D%220%22%2F%3E%3C%2Fsvg%3E\" data-srcset=\"https:\/\/www.dibellatextiles.com\/wp-content\/uploads\/2026\/01\/process-amd-procedures-1-200x51.webp 200w, https:\/\/www.dibellatextiles.com\/wp-content\/uploads\/2026\/01\/process-amd-procedures-1-400x102.webp 400w, https:\/\/www.dibellatextiles.com\/wp-content\/uploads\/2026\/01\/process-amd-procedures-1-600x154.webp 600w, https:\/\/www.dibellatextiles.com\/wp-content\/uploads\/2026\/01\/process-amd-procedures-1-800x205.webp 800w, https:\/\/www.dibellatextiles.com\/wp-content\/uploads\/2026\/01\/process-amd-procedures-1.webp 1070w\" data-sizes=\"auto\" data-orig-sizes=\"(max-width: 1300px) 100vw, (max-width: 640px) 100vw, 1070px\" \/><\/span><\/div><div class=\"fusion-title title fusion-title-4 fusion-sep-none fusion-title-text fusion-title-size-three\" style=\"--awb-margin-top-small:8px;--awb-margin-right-small:0px;--awb-margin-bottom-small:16px;--awb-margin-left-small:0px;\"><h3 class=\"fusion-title-heading title-heading-left fusion-responsive-typography-calculated\" style=\"margin:0;--fontSize:28;--minFontSize:28;line-height:1.32;\">Procedure:<\/h3><\/div><\/div><\/div><div class=\"fusion-layout-column fusion_builder_column fusion-builder-column-2 fusion_builder_column_1_1 1_1 fusion-flex-column\" style=\"--awb-bg-size:cover;--awb-width-large:100%;--awb-margin-top-large:25px;--awb-spacing-right-large:1.92%;--awb-margin-bottom-large:25px;--awb-spacing-left-large:1.92%;--awb-width-medium:100%;--awb-order-medium:0;--awb-spacing-right-medium:1.92%;--awb-spacing-left-medium:1.92%;--awb-width-small:100%;--awb-order-small:0;--awb-spacing-right-small:1.92%;--awb-spacing-left-small:1.92%;\"><div class=\"fusion-column-wrapper fusion-column-has-shadow fusion-flex-justify-content-flex-start fusion-content-layout-column\"><div class=\"fusion-text fusion-text-2\"><p><b>A) Dibella identificeert klachtenmechanismen\/communicatiekanalen met strategische leveranciers<\/b><\/p>\n<p>Gegevensverzameling gestructureerd volgens:<\/p>\n<ol>\n<li>Land<\/li>\n<li>Certificeringen (GOTS,&#8230;)<\/li>\n<li>Ontvangen klachten<\/li>\n<li>Oplossingen vinden<\/li>\n<li>Verenigingen\/vakbonden<\/li>\n<li>Klachtenbussen<\/li>\n<li>Ge\u00efntegreerd klachtenbeleid \/ ge\u00efntegreerde klachtendocumentatie<\/li>\n<\/ol>\n<p><b>Resultaat:<i> Ge\u00efntegreerde klachtenmechanismen\/-communicatiekanalen van alle strategische leveranciers zijn beschikbaar op aanvraag. Alle strategische leveranciers hebben hun eigen klachtenkanalen.<\/i><\/b><\/p>\n<p><b>B) Dibella analyseert klachtenmechanismen\/-communicatiekanalen met strategische leveranciers<\/b><\/p>\n<p>Analyse<\/p>\n<p>1. Verwijzen naar de risicoanalyse van Dibella<\/p>\n<p><b> Resultaat: <i>Er worden landspecifieke en reeds geprioriteerde risico&#8217;s vastgesteld met betrekking tot het respectieve klachtenmechanisme van de strategische leverancier<\/i><\/b><\/p>\n<p><b>C) Dibella beoordeelt klachtenmechanismen\/communicatiekanalen op effectiviteit<\/b><\/p>\n<p>Effectiviteit controleren door<\/p>\n<ol>\n<li>Audits, certificaten<\/li>\n<li>via Dibella&#8217;s eigen projecten*<\/li>\n<li>Beoordeling van ge\u00efmplementeerde maatregelen door middel van &#8220;bezoek ter plaatse&#8221;\/controlelijst<\/li>\n<\/ol>\n<p>* DE = Uitvoering van een project &#8220;Inflatiecompensatie voor werknemers van een leverancier&#8221; in het voorjaar van 2024. Een gedetailleerd verslag volgt.<\/p>\n<p><b> Resultaat: <i>Klachtenmechanismen\/communicatiekanalen worden herzien en beoordeeld op effectiviteit<\/i><\/b><\/p>\n<p><b>D) Dibella leidt indien nodig verdere maatregelen af<\/b><\/p>\n<p>Controleer of verdere maatregelen nodig zijn<\/p>\n<ol>\n<li>CAP starten<\/li>\n<li>zie C) Controleer de effectiviteit opnieuw<\/li>\n<\/ol>\n<p><b>E) Dibella treft waar nodig herstelmaatregelen\/schadevergoeding<\/b><\/p>\n<p>Rechtsmiddelen en toegang tot rechtsmiddelen<\/p>\n<ol>\n<li>Dibella zorgt voor organisatorische en persoonlijke voorwaarden.<br \/>\nDeze zijn ingesteld en de bijbehorende verantwoordelijkheden zijn vastgelegd met de volgende contactpersonen:<br \/>\nInkoopmanager: De heer Simon Bartholomes<br \/>\nMVO-manager: Mevrouw Michaela Gnass<\/li>\n<li>Vraag: Zijn er in de afgelopen 12 maanden corrigerende maatregelen getroffen?<br \/>\n<b>Ontvangst van een klacht 2022\/2023<\/b><br \/>\nTijdens een bezoek aan de confectiefabriek van een Pakistaanse leverancier in 2022 klaagden de werknemers over ongemakkelijke stoelen in de naaikamer. In samenspraak met de 80 betrokkenen werd afgesproken om een selectie van alternatieve stoelen te bieden. Na een testfase kozen de werknemers voor een model met een gestoffeerde rugleuning.<br \/>\nDe betrokkenen zijn tevreden over de genomen herstelmaatregelen en hebben ons positieve feedback gegeven.<br \/>\n<b>Ontvangst van twee klachten 2024<\/b><br \/>\nIn het voorjaar van 2024 ontvingen we per e-mail een klacht van twee voormalige werknemers van een leverancier. De medewerkers vertelden ons dat ze ontslagen waren omdat de capaciteit verminderd was. Tegelijkertijd werd nieuw personeel aangenomen. Dibella regelde een bemiddelingsgesprek met de leverancier. E\u00e9n werknemer kwam naar de afspraak, \u00e9\u00e9n niet. E\u00e9n werknemer heeft een nieuwe functie geaccepteerd bij een ander bedrijf en bedankte ons voor onze steun. E\u00e9n medewerker gaf geen verdere feedback, ondanks dat we meerdere keren contact hebben opgenomen.<\/li>\n<\/ol>\n<p>Dibella werkt volgens het &#8220;voorzorgsprincipe&#8221;. Dibella initieert en financiert projecten via de GoodTextiles Foundation om positieve sociale en ecologische effecten te bevorderen.<\/p>\n<p>Bijv.: Trainingscentrum voor biologische Fairtrade-boeren, schoolprojecten ter bevordering van onderwijs, compensatie CO2-uitstoot in het Dibella-bos, etc. (zie voor meer informatie <a href=\"https:\/\/www.goodtextiles.org\/\" target=\"_blank\" rel=\"noopener noreferrer nofollow\">www.goodtextiles.org<\/a>)<\/p>\n<p><b>In het geval van een herstelmaatregel\/schadevergoeding is de volgende procedure van toepassing:<\/b><\/p>\n<\/div><div class=\"fusion-title title fusion-title-5 fusion-sep-none fusion-title-text fusion-title-size-three\" style=\"--awb-margin-top-small:8px;--awb-margin-right-small:0px;--awb-margin-bottom-small:16px;--awb-margin-left-small:0px;\"><h3 class=\"fusion-title-heading title-heading-left fusion-responsive-typography-calculated\" style=\"margin:0;--fontSize:28;--minFontSize:28;line-height:1.32;\"><\/h3><\/div><div class=\"fusion-image-element \" style=\"--awb-caption-title-font-family:var(--h2_typography-font-family);--awb-caption-title-font-weight:var(--h2_typography-font-weight);--awb-caption-title-font-style:var(--h2_typography-font-style);--awb-caption-title-size:var(--h2_typography-font-size);--awb-caption-title-transform:var(--h2_typography-text-transform);--awb-caption-title-line-height:var(--h2_typography-line-height);--awb-caption-title-letter-spacing:var(--h2_typography-letter-spacing);\"><span class=\" fusion-imageframe imageframe-none imageframe-2 hover-type-none\"><img decoding=\"async\" width=\"944\" height=\"272\" title=\"remedy-reparation\" src=\"https:\/\/www.dibellatextiles.com\/wp-content\/uploads\/2026\/01\/remedy-reparation-1.webp\" data-orig-src=\"https:\/\/www.dibellatextiles.com\/wp-content\/uploads\/2026\/01\/remedy-reparation-1.webp\" alt class=\"lazyload img-responsive wp-image-13898\" srcset=\"data:image\/svg+xml,%3Csvg%20xmlns%3D%27http%3A%2F%2Fwww.w3.org%2F2000%2Fsvg%27%20width%3D%27944%27%20height%3D%27272%27%20viewBox%3D%270%200%20944%20272%27%3E%3Crect%20width%3D%27944%27%20height%3D%27272%27%20fill-opacity%3D%220%22%2F%3E%3C%2Fsvg%3E\" data-srcset=\"https:\/\/www.dibellatextiles.com\/wp-content\/uploads\/2026\/01\/remedy-reparation-1-200x58.webp 200w, https:\/\/www.dibellatextiles.com\/wp-content\/uploads\/2026\/01\/remedy-reparation-1-400x115.webp 400w, https:\/\/www.dibellatextiles.com\/wp-content\/uploads\/2026\/01\/remedy-reparation-1-600x173.webp 600w, https:\/\/www.dibellatextiles.com\/wp-content\/uploads\/2026\/01\/remedy-reparation-1-800x231.webp 800w, https:\/\/www.dibellatextiles.com\/wp-content\/uploads\/2026\/01\/remedy-reparation-1.webp 944w\" data-sizes=\"auto\" data-orig-sizes=\"(max-width: 1300px) 100vw, (max-width: 640px) 100vw, 944px\" \/><\/span><\/div><div class=\"fusion-text fusion-text-3\"><p>1) Kennis van de aantoonbaar veroorzaakte schade<\/p>\n<p>2) Uitwisseling\/dialoog met betrokken partijen (reizen of schriftelijk)<\/p>\n<p>3) Aanmaken van documentatie (klachtenlijst)<\/p>\n<p>4) Stakeholders en Dibella ontwikkelen gezamenlijke herstelmaatregelen (vorm en bedrag)<\/p>\n<p>5) Controleer of de betrokkenen het eens zijn met het resultaat. Indien nodig. CAP starten.<\/p>\n<\/div><\/div><\/div><\/div><\/div><div class=\"fusion-fullwidth fullwidth-box fusion-builder-row-3 fusion-flex-container has-pattern-background has-mask-background nonhundred-percent-fullwidth non-hundred-percent-height-scrolling\" style=\"--awb-border-radius-top-left:0px;--awb-border-radius-top-right:0px;--awb-border-radius-bottom-right:0px;--awb-border-radius-bottom-left:0px;--awb-flex-wrap:wrap;\" ><div class=\"fusion-builder-row fusion-row fusion-flex-align-items-flex-start fusion-flex-content-wrap\" style=\"max-width:1320.8px;margin-left: calc(-4% \/ 2 );margin-right: calc(-4% \/ 2 );\"><div class=\"fusion-layout-column fusion_builder_column fusion-builder-column-3 fusion_builder_column_1_1 1_1 fusion-flex-column\" style=\"--awb-bg-size:cover;--awb-width-large:100%;--awb-margin-top-large:25px;--awb-spacing-right-large:1.92%;--awb-margin-bottom-large:25px;--awb-spacing-left-large:1.92%;--awb-width-medium:100%;--awb-order-medium:0;--awb-spacing-right-medium:1.92%;--awb-spacing-left-medium:1.92%;--awb-width-small:100%;--awb-order-small:0;--awb-spacing-right-small:1.92%;--awb-spacing-left-small:1.92%;\"><div class=\"fusion-column-wrapper fusion-column-has-shadow fusion-flex-justify-content-flex-start fusion-content-layout-column\"><div class=\"fusion-title title fusion-title-6 fusion-sep-none fusion-title-text fusion-title-size-three\" style=\"--awb-margin-top-small:8px;--awb-margin-right-small:0px;--awb-margin-bottom-small:16px;--awb-margin-left-small:0px;\"><h3 class=\"fusion-title-heading title-heading-left fusion-responsive-typography-calculated\" style=\"margin:0;--fontSize:28;--minFontSize:28;line-height:1.32;\">Dibella zet zich proactief in voor de verdere ontwikkeling van de sociale dialoog met en tussen zijn toeleveringspartners.<\/h3><\/div><\/div><\/div><\/div><\/div><div class=\"fusion-fullwidth fullwidth-box fusion-builder-row-4 fusion-flex-container has-pattern-background has-mask-background nonhundred-percent-fullwidth non-hundred-percent-height-scrolling\" style=\"--awb-border-radius-top-left:0px;--awb-border-radius-top-right:0px;--awb-border-radius-bottom-right:0px;--awb-border-radius-bottom-left:0px;--awb-flex-wrap:wrap;\" ><div class=\"fusion-builder-row fusion-row fusion-flex-align-items-flex-start fusion-flex-content-wrap\" style=\"max-width:1320.8px;margin-left: calc(-4% \/ 2 );margin-right: calc(-4% \/ 2 );\"><div class=\"fusion-layout-column fusion_builder_column fusion-builder-column-4 fusion_builder_column_1_1 1_1 fusion-flex-column\" style=\"--awb-bg-size:cover;--awb-width-large:100%;--awb-margin-top-large:25px;--awb-spacing-right-large:1.92%;--awb-margin-bottom-large:25px;--awb-spacing-left-large:1.92%;--awb-width-medium:100%;--awb-order-medium:0;--awb-spacing-right-medium:1.92%;--awb-spacing-left-medium:1.92%;--awb-width-small:100%;--awb-order-small:0;--awb-spacing-right-small:1.92%;--awb-spacing-left-small:1.92%;\"><div class=\"fusion-column-wrapper fusion-column-has-shadow fusion-flex-justify-content-flex-start fusion-content-layout-column\"><div style=\"text-align:center;\"><a class=\"fusion-button button-flat fusion-button-default-size button-default fusion-button-default button-1 fusion-button-default-span fusion-button-default-type\" target=\"_self\" href=\"\/nl\/duurzaam-handelen\/\"><span class=\"fusion-button-text awb-button__text awb-button__text--default\">Terug naar het overzicht: Duurzaam handelen<\/span><\/a><\/div><\/div><\/div><\/div><\/div><\/p>\n","protected":false},"excerpt":{"rendered":"","protected":false},"author":2,"featured_media":0,"parent":13841,"menu_order":5,"comment_status":"closed","ping_status":"closed","template":"100-width.php","meta":{"_acf_changed":false,"footnotes":""},"class_list":["post-13889","page","type-page","status-publish","hentry"],"acf":[],"_links":{"self":[{"href":"https:\/\/www.dibellatextiles.com\/nl\/wp-json\/wp\/v2\/pages\/13889","targetHints":{"allow":["GET"]}}],"collection":[{"href":"https:\/\/www.dibellatextiles.com\/nl\/wp-json\/wp\/v2\/pages"}],"about":[{"href":"https:\/\/www.dibellatextiles.com\/nl\/wp-json\/wp\/v2\/types\/page"}],"author":[{"embeddable":true,"href":"https:\/\/www.dibellatextiles.com\/nl\/wp-json\/wp\/v2\/users\/2"}],"replies":[{"embeddable":true,"href":"https:\/\/www.dibellatextiles.com\/nl\/wp-json\/wp\/v2\/comments?post=13889"}],"version-history":[{"count":5,"href":"https:\/\/www.dibellatextiles.com\/nl\/wp-json\/wp\/v2\/pages\/13889\/revisions"}],"predecessor-version":[{"id":16522,"href":"https:\/\/www.dibellatextiles.com\/nl\/wp-json\/wp\/v2\/pages\/13889\/revisions\/16522"}],"up":[{"embeddable":true,"href":"https:\/\/www.dibellatextiles.com\/nl\/wp-json\/wp\/v2\/pages\/13841"}],"wp:attachment":[{"href":"https:\/\/www.dibellatextiles.com\/nl\/wp-json\/wp\/v2\/media?parent=13889"}],"curies":[{"name":"wp","href":"https:\/\/api.w.org\/{rel}","templated":true}]}}