{"id":14448,"date":"2025-10-27T11:59:22","date_gmt":"2025-10-27T10:59:22","guid":{"rendered":"https:\/\/www.dibellatextiles.com\/mediatheque\/pressemitteilungen\/"},"modified":"2026-01-27T12:12:48","modified_gmt":"2026-01-27T11:12:48","slug":"communiques-de-presse","status":"publish","type":"page","link":"https:\/\/www.dibellatextiles.com\/fr\/mediatheque\/communiques-de-presse\/","title":{"rendered":"Communiqu\u00e9s de presse"},"content":{"rendered":"<p><div class=\"fusion-fullwidth fullwidth-box fusion-builder-row-1 fusion-flex-container nonhundred-percent-fullwidth non-hundred-percent-height-scrolling\" style=\"--awb-border-radius-top-left:0px;--awb-border-radius-top-right:0px;--awb-border-radius-bottom-right:0px;--awb-border-radius-bottom-left:0px;--awb-flex-wrap:wrap;\" ><div class=\"fusion-builder-row fusion-row fusion-flex-align-items-flex-start fusion-flex-content-wrap\" style=\"max-width:1320.8px;margin-left: calc(-4% \/ 2 );margin-right: calc(-4% \/ 2 );\"><div class=\"fusion-layout-column fusion_builder_column fusion-builder-column-0 fusion_builder_column_1_1 1_1 fusion-flex-column\" style=\"--awb-bg-size:cover;--awb-width-large:100%;--awb-margin-top-large:0px;--awb-spacing-right-large:https:\/\/www.dibellatextiles.com\/shop\/?fb-edit=1#design;--awb-margin-bottom-large:0px;--awb-spacing-left-large:1.92%;--awb-width-medium:66.666666666667%;--awb-spacing-right-medium:https:\/\/www.dibellatextiles.com\/shop\/?fb-edit=1#design;--awb-margin-bottom-medium:24px;--awb-spacing-left-medium:2.88%;--awb-width-small:100%;--awb-spacing-right-small:1.92%;--awb-spacing-left-small:1.92%;\"><div class=\"fusion-column-wrapper fusion-column-has-shadow fusion-flex-justify-content-flex-start fusion-content-layout-column\"><div class=\"fusion-title title fusion-title-1 fusion-sep-none fusion-title-text fusion-title-size-one\" style=\"--awb-margin-top-small:8px;--awb-margin-right-small:0px;--awb-margin-bottom-small:16px;--awb-margin-left-small:0px;\"><h1 class=\"fusion-title-heading title-heading-left fusion-responsive-typography-calculated\" style=\"margin:0;--fontSize:60;line-height:var(--awb-typography1-line-height);\">News<\/h1><\/div><\/div><\/div><\/div><\/div><div class=\"fusion-fullwidth fullwidth-box fusion-builder-row-2 fusion-flex-container has-pattern-background has-mask-background nonhundred-percent-fullwidth non-hundred-percent-height-scrolling\" style=\"--awb-border-radius-top-left:0px;--awb-border-radius-top-right:0px;--awb-border-radius-bottom-right:0px;--awb-border-radius-bottom-left:0px;--awb-flex-wrap:wrap;\" ><div class=\"fusion-builder-row fusion-row fusion-flex-align-items-flex-start fusion-flex-content-wrap\" style=\"max-width:1320.8px;margin-left: calc(-4% \/ 2 );margin-right: calc(-4% \/ 2 );\"><div class=\"fusion-layout-column fusion_builder_column fusion-builder-column-1 fusion_builder_column_1_1 1_1 fusion-flex-column\" style=\"--awb-bg-size:cover;--awb-width-large:100%;--awb-margin-top-large:25px;--awb-spacing-right-large:1.92%;--awb-margin-bottom-large:25px;--awb-spacing-left-large:1.92%;--awb-width-medium:100%;--awb-order-medium:0;--awb-spacing-right-medium:1.92%;--awb-spacing-left-medium:1.92%;--awb-width-small:100%;--awb-order-small:0;--awb-spacing-right-small:1.92%;--awb-spacing-left-small:1.92%;\"><div class=\"fusion-column-wrapper fusion-column-has-shadow fusion-flex-justify-content-flex-start fusion-content-layout-column\"><div class=\"fusion-blog-shortcode fusion-blog-shortcode-1 fusion-blog-archive fusion-blog-layout-grid-wrapper fusion-blog-no\"><style type=\"text\/css\">.fusion-blog-shortcode-1 .fusion-blog-layout-grid .fusion-post-grid{padding:20px;}.fusion-blog-shortcode-1 .fusion-posts-container{margin-left: -20px !important; margin-right:-20px !important;}<\/style><div class=\"fusion-posts-container fusion-posts-container-no fusion-blog-layout-grid fusion-blog-layout-grid-3 isotope fusion-blog-equal-heights\" data-pages=\"0\" data-grid-col-space=\"40\" style=\"margin: -20px -20px 0;min-height:500px;\"><article id=\"blog-1-post-14579\" class=\"fusion-post-grid post-14579 post type-post status-publish format-standard has-post-thumbnail hentry category-non-categorise\">\n<div class=\"fusion-post-wrapper\" style=\"background-color:var(--awb-custom_color_1);border:none;\">\n\n\t\t\t<div class=\"fusion-flexslider flexslider fusion-flexslider-loading fusion-post-slideshow\" style=\"border-color:rgba(40,45,51,0);\">\n\t\t<ul class=\"slides\">\n\t\t\t\n\t\t\t\t\t\t\t\t\t\t\t\t\t\t<li><div  class=\"fusion-image-wrapper\" aria-haspopup=\"true\">\n\t\t\t\t\t\t\t<a href=\"https:\/\/www.dibellatextiles.com\/fr\/dibella-devoile-son-nouveau-site-web-pense-pour-une-experience-utilisateur-intuitive\/\" aria-label=\"Dibella d\u00e9voile son nouveau site web, pens\u00e9 pour une exp\u00e9rience utilisateur intuitive\">\n\t\t\t\t\t\t\t<img decoding=\"async\" src=\"data:image\/gif;base64,R0lGODlhAQABAAAAACH5BAEKAAEALAAAAAABAAEAAAICTAEAOw==\" class=\"attachment-full size-full lazyload wp-post-image\" alt=\"\" data-orig-src=\"https:\/\/www.dibellatextiles.com\/wp-content\/uploads\/2025\/07\/23681_Dibella_Hotelzimmer_030_1.webp\" \/>\t\t\t<\/a>\n\t\t\t\t\t\t\t<\/div>\n<\/li>\n\t\t\t\n\t\t\t\n\t\t\t\t\t\t\t\t\t\t\t\t\t\t\t\t\t\t\t\t\t\t\t\t\t\t\t\t\t\t\t\t\t\t\t\t\t\t\t\t\t\t\t\t\t\t\t\t\t\t\t\t\t\t\t\t\t\t\t\t\t\t\t\t\t\t\t\t<\/ul>\n\t<\/div>\n\t<div class=\"fusion-post-content-wrapper\" style=\"padding:30px 20px 10px 20px;\"><div class=\"fusion-post-content post-content\"><h2 class=\"blog-shortcode-post-title entry-title\"><a href=\"https:\/\/www.dibellatextiles.com\/fr\/dibella-devoile-son-nouveau-site-web-pense-pour-une-experience-utilisateur-intuitive\/\">Dibella d\u00e9voile son nouveau site web, pens\u00e9 pour une exp\u00e9rience utilisateur intuitive<\/a><\/h2><p class=\"fusion-single-line-meta\"><span class=\"vcard\" style=\"display: none;\"><span class=\"fn\"><a href=\"https:\/\/www.dibellatextiles.com\/fr\/author\/c257ab1e628d6c6b\/\" title=\"Articles par Silke Br\u00fcggemann\" rel=\"author\">Silke Br\u00fcggemann<\/a><\/span><\/span><span class=\"updated\" style=\"display:none;\">2026-02-04T11:27:14+01:00<\/span><span>4. f\u00e9vrier 2026<\/span><span class=\"fusion-inline-sep\">|<\/span><\/p><div class=\"fusion-content-sep sep-none\"><\/div><div class=\"fusion-post-content-container\"><p>Dibella d\u00e9voile son nouveau site web, pens\u00e9 pour une exp\u00e9rience ...<\/p><\/div><\/div><\/div><div class=\"fusion-clearfix\"><\/div><\/div>\n<\/article>\n<article id=\"blog-1-post-14486\" class=\"fusion-post-grid post-14486 post type-post status-publish format-standard has-post-thumbnail hentry category-non-categorise\">\n<div class=\"fusion-post-wrapper\" style=\"background-color:var(--awb-custom_color_1);border:none;\">\n\n\t\t\t<div class=\"fusion-flexslider flexslider fusion-flexslider-loading fusion-post-slideshow\" style=\"border-color:rgba(40,45,51,0);\">\n\t\t<ul class=\"slides\">\n\t\t\t\n\t\t\t\t\t\t\t\t\t\t\t\t\t\t<li><div  class=\"fusion-image-wrapper\" aria-haspopup=\"true\">\n\t\t\t\t\t\t\t<a href=\"https:\/\/www.dibellatextiles.com\/fr\/dibella-augmente-pour-une-annee-consecutive-son-utilisation-de-coton-cmia\/\" aria-label=\"Dibella augmente, pour une ann\u00e9e cons\u00e9cutive, son utilisation de coton CmiA\">\n\t\t\t\t\t\t\t<img decoding=\"async\" width=\"1500\" height=\"1000\" src=\"https:\/\/www.dibellatextiles.com\/wp-content\/uploads\/2026\/01\/Utilisation-du-coton-CmiA.webp\" class=\"attachment-full size-full lazyload wp-post-image\" alt=\"Dibella poursuit son engagement en faveur de fibres durables en augmentant, pour la deuxi\u00e8me ann\u00e9e cons\u00e9cutive, sa demande de coton certifi\u00e9 Cotton made in Africa (CmiA). En 2026, celle-ci progresse de 9 % par rapport \u00e0 l\u2019ann\u00e9e pr\u00e9c\u00e9dente, passant de 825 \u00e0 900 tonnes.\" srcset=\"data:image\/svg+xml,%3Csvg%20xmlns%3D%27http%3A%2F%2Fwww.w3.org%2F2000%2Fsvg%27%20width%3D%271500%27%20height%3D%271000%27%20viewBox%3D%270%200%201500%201000%27%3E%3Crect%20width%3D%271500%27%20height%3D%271000%27%20fill-opacity%3D%220%22%2F%3E%3C%2Fsvg%3E\" data-orig-src=\"https:\/\/www.dibellatextiles.com\/wp-content\/uploads\/2026\/01\/Utilisation-du-coton-CmiA.webp\" data-srcset=\"https:\/\/www.dibellatextiles.com\/wp-content\/uploads\/2026\/01\/Utilisation-du-coton-CmiA-200x133.webp 200w, https:\/\/www.dibellatextiles.com\/wp-content\/uploads\/2026\/01\/Utilisation-du-coton-CmiA-400x267.webp 400w, https:\/\/www.dibellatextiles.com\/wp-content\/uploads\/2026\/01\/Utilisation-du-coton-CmiA-600x400.webp 600w, https:\/\/www.dibellatextiles.com\/wp-content\/uploads\/2026\/01\/Utilisation-du-coton-CmiA-800x533.webp 800w, https:\/\/www.dibellatextiles.com\/wp-content\/uploads\/2026\/01\/Utilisation-du-coton-CmiA-1200x800.webp 1200w, https:\/\/www.dibellatextiles.com\/wp-content\/uploads\/2026\/01\/Utilisation-du-coton-CmiA.webp 1500w\" data-sizes=\"auto\" \/>\t\t\t<\/a>\n\t\t\t\t\t\t\t<\/div>\n<\/li>\n\t\t\t\n\t\t\t\n\t\t\t\t\t\t\t\t\t\t\t\t\t\t\t\t\t\t\t\t\t\t\t\t\t\t\t\t\t\t\t\t\t\t\t\t\t\t\t\t\t\t\t\t\t\t\t\t\t\t\t\t\t\t\t\t\t\t\t\t\t\t\t\t\t\t\t\t<\/ul>\n\t<\/div>\n\t<div class=\"fusion-post-content-wrapper\" style=\"padding:30px 20px 10px 20px;\"><div class=\"fusion-post-content post-content\"><h2 class=\"blog-shortcode-post-title entry-title\"><a href=\"https:\/\/www.dibellatextiles.com\/fr\/dibella-augmente-pour-une-annee-consecutive-son-utilisation-de-coton-cmia\/\">Dibella augmente, pour une ann\u00e9e cons\u00e9cutive, son utilisation de coton CmiA<\/a><\/h2><p class=\"fusion-single-line-meta\"><span class=\"vcard\" style=\"display: none;\"><span class=\"fn\"><a href=\"https:\/\/www.dibellatextiles.com\/fr\/author\/c257ab1e628d6c6b\/\" title=\"Articles par Silke Br\u00fcggemann\" rel=\"author\">Silke Br\u00fcggemann<\/a><\/span><\/span><span class=\"updated\" style=\"display:none;\">2026-01-28T08:28:51+01:00<\/span><span>28. janvier 2026<\/span><span class=\"fusion-inline-sep\">|<\/span><\/p><div class=\"fusion-content-sep sep-none\"><\/div><div class=\"fusion-post-content-container\"><p>Aalten, le 27 janvier 2026 \u2013 Dibella poursuit son engagement ...<\/p><\/div><\/div><\/div><div class=\"fusion-clearfix\"><\/div><\/div>\n<\/article>\n<article id=\"blog-1-post-14453\" class=\"fusion-post-grid post-14453 post type-post status-publish format-standard has-post-thumbnail hentry category-non-categorise\">\n<div class=\"fusion-post-wrapper\" style=\"background-color:var(--awb-custom_color_1);border:none;\">\n\n\t\t\t<div class=\"fusion-flexslider flexslider fusion-flexslider-loading fusion-post-slideshow\" style=\"border-color:rgba(40,45,51,0);\">\n\t\t<ul class=\"slides\">\n\t\t\t\n\t\t\t\t\t\t\t\t\t\t\t\t\t\t<li><div  class=\"fusion-image-wrapper\" aria-haspopup=\"true\">\n\t\t\t\t\t\t\t<a href=\"https:\/\/www.dibellatextiles.com\/fr\/dibella-renforce-sa-presence-en-france\/\" aria-label=\"Dibella renforce sa pr\u00e9sence en France\">\n\t\t\t\t\t\t\t<img decoding=\"async\" width=\"1080\" height=\"1080\" src=\"https:\/\/www.dibellatextiles.com\/wp-content\/uploads\/2025\/11\/deren-dibella.png\" class=\"attachment-full size-full lazyload wp-post-image\" alt=\"Dibella &amp; Deren - strategic partnership\" srcset=\"data:image\/svg+xml,%3Csvg%20xmlns%3D%27http%3A%2F%2Fwww.w3.org%2F2000%2Fsvg%27%20width%3D%271080%27%20height%3D%271080%27%20viewBox%3D%270%200%201080%201080%27%3E%3Crect%20width%3D%271080%27%20height%3D%271080%27%20fill-opacity%3D%220%22%2F%3E%3C%2Fsvg%3E\" data-orig-src=\"https:\/\/www.dibellatextiles.com\/wp-content\/uploads\/2025\/11\/deren-dibella.png\" data-srcset=\"https:\/\/www.dibellatextiles.com\/wp-content\/uploads\/2025\/11\/deren-dibella-200x200.png 200w, https:\/\/www.dibellatextiles.com\/wp-content\/uploads\/2025\/11\/deren-dibella-400x400.png 400w, https:\/\/www.dibellatextiles.com\/wp-content\/uploads\/2025\/11\/deren-dibella-600x600.png 600w, https:\/\/www.dibellatextiles.com\/wp-content\/uploads\/2025\/11\/deren-dibella-800x800.png 800w, https:\/\/www.dibellatextiles.com\/wp-content\/uploads\/2025\/11\/deren-dibella.png 1080w\" data-sizes=\"auto\" \/>\t\t\t<\/a>\n\t\t\t\t\t\t\t<\/div>\n<\/li>\n\t\t\t\n\t\t\t\n\t\t\t\t\t\t\t\t\t\t\t\t\t\t\t\t\t\t\t\t\t\t\t\t\t\t\t\t\t\t\t\t\t\t\t\t\t\t\t\t\t\t\t\t\t\t\t\t\t\t\t\t\t\t\t\t\t\t\t\t\t\t\t\t\t\t\t\t<\/ul>\n\t<\/div>\n\t<div class=\"fusion-post-content-wrapper\" style=\"padding:30px 20px 10px 20px;\"><div class=\"fusion-post-content post-content\"><h2 class=\"blog-shortcode-post-title entry-title\"><a href=\"https:\/\/www.dibellatextiles.com\/fr\/dibella-renforce-sa-presence-en-france\/\">Dibella renforce sa pr\u00e9sence en France<\/a><\/h2><p class=\"fusion-single-line-meta\"><span class=\"vcard\" style=\"display: none;\"><span class=\"fn\"><a href=\"https:\/\/www.dibellatextiles.com\/fr\/author\/6e9d5f87b79fd80f\/\" title=\"Articles par Dibella Textiles\" rel=\"author\">Dibella Textiles<\/a><\/span><\/span><span class=\"updated\" style=\"display:none;\">2026-01-27T12:19:43+01:00<\/span><span>25. novembre 2025<\/span><span class=\"fusion-inline-sep\">|<\/span><\/p><div class=\"fusion-content-sep sep-none\"><\/div><div class=\"fusion-post-content-container\"><p>Partenariat strat\u00e9gique avec Deren Aalten, le 25 novembre 2025. Deren ...<\/p><\/div><\/div><\/div><div class=\"fusion-clearfix\"><\/div><\/div>\n<\/article>\n<div class=\"fusion-clearfix\"><\/div><\/div><\/div><\/div><\/div><\/div><\/div><\/p>\n","protected":false},"excerpt":{"rendered":"","protected":false},"author":1,"featured_media":0,"parent":13423,"menu_order":2,"comment_status":"closed","ping_status":"closed","template":"100-width.php","meta":{"_acf_changed":false,"footnotes":""},"class_list":["post-14448","page","type-page","status-publish","hentry"],"acf":[],"_links":{"self":[{"href":"https:\/\/www.dibellatextiles.com\/fr\/wp-json\/wp\/v2\/pages\/14448","targetHints":{"allow":["GET"]}}],"collection":[{"href":"https:\/\/www.dibellatextiles.com\/fr\/wp-json\/wp\/v2\/pages"}],"about":[{"href":"https:\/\/www.dibellatextiles.com\/fr\/wp-json\/wp\/v2\/types\/page"}],"author":[{"embeddable":true,"href":"https:\/\/www.dibellatextiles.com\/fr\/wp-json\/wp\/v2\/users\/1"}],"replies":[{"embeddable":true,"href":"https:\/\/www.dibellatextiles.com\/fr\/wp-json\/wp\/v2\/comments?post=14448"}],"version-history":[{"count":2,"href":"https:\/\/www.dibellatextiles.com\/fr\/wp-json\/wp\/v2\/pages\/14448\/revisions"}],"predecessor-version":[{"id":14450,"href":"https:\/\/www.dibellatextiles.com\/fr\/wp-json\/wp\/v2\/pages\/14448\/revisions\/14450"}],"up":[{"embeddable":true,"href":"https:\/\/www.dibellatextiles.com\/fr\/wp-json\/wp\/v2\/pages\/13423"}],"wp:attachment":[{"href":"https:\/\/www.dibellatextiles.com\/fr\/wp-json\/wp\/v2\/media?parent=14448"}],"curies":[{"name":"wp","href":"https:\/\/api.w.org\/{rel}","templated":true}]}}