{"id":13406,"date":"2025-07-01T12:43:16","date_gmt":"2025-07-01T10:43:16","guid":{"rendered":"https:\/\/dev.dibellatextiles.com\/imprint\/"},"modified":"2026-01-26T10:51:09","modified_gmt":"2026-01-26T09:51:09","slug":"mentions-legales","status":"publish","type":"page","link":"https:\/\/www.dibellatextiles.com\/fr\/mentions-legales\/","title":{"rendered":"Mentions l\u00e9gales"},"content":{"rendered":"<div class=\"fusion-fullwidth fullwidth-box fusion-builder-row-1 fusion-flex-container has-pattern-background has-mask-background nonhundred-percent-fullwidth non-hundred-percent-height-scrolling\" style=\"--awb-border-radius-top-left:0px;--awb-border-radius-top-right:0px;--awb-border-radius-bottom-right:0px;--awb-border-radius-bottom-left:0px;--awb-flex-wrap:wrap;\" ><div class=\"fusion-builder-row fusion-row fusion-flex-align-items-flex-start fusion-flex-content-wrap\" style=\"max-width:1320.8px;margin-left: calc(-4% \/ 2 );margin-right: calc(-4% \/ 2 );\"><div class=\"fusion-layout-column fusion_builder_column fusion-builder-column-0 fusion_builder_column_1_1 1_1 fusion-flex-column\" style=\"--awb-bg-size:cover;--awb-width-large:100%;--awb-margin-top-large:25px;--awb-spacing-right-large:1.92%;--awb-margin-bottom-large:25px;--awb-spacing-left-large:1.92%;--awb-width-medium:100%;--awb-order-medium:0;--awb-spacing-right-medium:1.92%;--awb-spacing-left-medium:1.92%;--awb-width-small:100%;--awb-order-small:0;--awb-spacing-right-small:1.92%;--awb-spacing-left-small:1.92%;\"><div class=\"fusion-column-wrapper fusion-column-has-shadow fusion-flex-justify-content-flex-start fusion-content-layout-column\"><div class=\"fusion-text fusion-text-1\"><p>Dibella b.v.<br \/>\nHamelandroute 90<br \/>\n7121 JC Aalten &#8211; NL<\/p>\n<\/div><div class=\"fusion-title title fusion-title-1 fusion-sep-none fusion-title-text fusion-title-size-two\" style=\"--awb-margin-top-small:8px;--awb-margin-right-small:0px;--awb-margin-bottom-small:16px;--awb-margin-left-small:0px;\"><h2 class=\"fusion-title-heading title-heading-left fusion-responsive-typography-calculated\" style=\"margin:0;--fontSize:42;line-height:var(--awb-typography1-line-height);\">Contact<\/h2><\/div><div class=\"fusion-text fusion-text-2\"><p>T\u00e9l\u00e9phone: +49 (0) 2871 2198-0<br \/>\nFax: +49 (0) 2871 2198-20<br \/>\nE-mail: info@dibellatextiles.com<\/p>\n<\/div><div class=\"fusion-title title fusion-title-2 fusion-sep-none fusion-title-text fusion-title-size-two\" style=\"--awb-margin-top-small:8px;--awb-margin-right-small:0px;--awb-margin-bottom-small:16px;--awb-margin-left-small:0px;\"><h2 class=\"fusion-title-heading title-heading-left fusion-responsive-typography-calculated\" style=\"margin:0;--fontSize:42;line-height:var(--awb-typography1-line-height);\">Num\u00e9ro de TVA<\/h2><\/div><div class=\"fusion-text fusion-text-3\"><p>Num\u00e9ro d\u2019identification \u00e0 la taxe sur le chiffre d\u2019affaires conform\u00e9ment \u00e0 l\u2019article 27a de la loi sur la taxe sur le chiffre d\u2019affaires :<br \/>\nNL006460185B01<\/p>\n<\/div><div class=\"fusion-title title fusion-title-3 fusion-sep-none fusion-title-text fusion-title-size-two\" style=\"--awb-margin-top-small:8px;--awb-margin-right-small:0px;--awb-margin-bottom-small:16px;--awb-margin-left-small:0px;\"><h2 class=\"fusion-title-heading title-heading-left fusion-responsive-typography-calculated\" style=\"margin:0;--fontSize:42;line-height:var(--awb-typography1-line-height);\">Num\u00e9ro d\u2019identification de l\u2019entreprise<\/h2><\/div><div class=\"fusion-text fusion-text-4\"><p>KvK 09058728<\/p>\n<\/div><div class=\"fusion-title title fusion-title-4 fusion-sep-none fusion-title-text fusion-title-size-two\" style=\"--awb-margin-top-small:8px;--awb-margin-right-small:0px;--awb-margin-bottom-small:16px;--awb-margin-left-small:0px;\"><h2 class=\"fusion-title-heading title-heading-left fusion-responsive-typography-calculated\" style=\"margin:0;--fontSize:42;line-height:var(--awb-typography1-line-height);\">Proc\u00e9dures de r\u00e8glement des litiges devant un comit\u00e9 d\u2019arbitrage \u00e0 la consommation<\/h2><\/div><div class=\"fusion-text fusion-text-5\"><p>Nous ne sommes ni dispos\u00e9s ni oblig\u00e9s \u00e0 participer aux proc\u00e9dures de r\u00e8glement des litiges devant un comit\u00e9 d\u2019arbitrage \u00e0 la consommation.<\/p>\n<\/div><div class=\"fusion-title title fusion-title-5 fusion-sep-none fusion-title-text fusion-title-size-two\" style=\"--awb-margin-top-small:8px;--awb-margin-right-small:0px;--awb-margin-bottom-small:16px;--awb-margin-left-small:0px;\"><h2 class=\"fusion-title-heading title-heading-left fusion-responsive-typography-calculated\" style=\"margin:0;--fontSize:42;line-height:var(--awb-typography1-line-height);\">Mentions de copyright<\/h2><\/div><div class=\"fusion-text fusion-text-6\"><p>Adobe Stock\/ Trinette Reed\/Stocksy<br \/>Adobe Stock\/<a class=\"_mizu194a _1ah3dkaa _ra3xnqa1 _128mdkaa _1cvmnqa1 _4davt94y _4bfu1r31 _1hms8stv _ajmmnqa1 _vchhusvi _kqswh2mm _syaz14q2 _ect41gqc _1a3b1r31 _4fpr8stv _5goinqa1 _f8pj14q2 _9oik1r31 _1bnxglyw _jf4cnqa1 _30l314q2 _1nrm1r31 _c2waglyw _1iohnqa1 _9h8h16c2 _1053w7te _1ienw7te _n0fxw7te _1vhvg3x0\" title=\"https:\/\/stock.adobe.com\/de\/contributor\/211108081\/volodymyr-skurtul?load_type=author&amp;prev_url=detail\" href=\"https:\/\/stock.adobe.com\/de\/contributor\/211108081\/volodymyr-skurtul?load_type=author&amp;prev_url=detail\" target=\"_blank\" rel=\"noopener noreferrer nofollow\" data-renderer-mark=\"true\" data-is-router-link=\"false\" data-testid=\"link-with-safety\">Volodymyr Skurtul<\/a><br \/>Michael Kestin<br \/>MT Mediendesign \u2013 Michael Tewiele<br \/>Strich+Pixel \u2013 Elena Jansen<br \/>Dibella b.v.<br \/>Green Workwear GmbH<br \/>GoodTextilesFoundation<br \/>Ellery Studio<br \/>Scholz &amp; Friends Reputation<br \/>Vogels\u00e4nger Studios GmbH &amp; Co. KG<\/p>\n<\/div><div class=\"fusion-title title fusion-title-6 fusion-sep-none fusion-title-text fusion-title-size-two\" style=\"--awb-margin-top-small:8px;--awb-margin-right-small:0px;--awb-margin-bottom-small:16px;--awb-margin-left-small:0px;\"><h2 class=\"fusion-title-heading title-heading-left fusion-responsive-typography-calculated\" style=\"margin:0;--fontSize:42;line-height:var(--awb-typography1-line-height);\">Conception et r\u00e9alisation<\/h2><\/div><div class=\"fusion-text fusion-text-7\"><p><a href=\"https:\/\/www.deutz-werbung.de\/\" target=\"_blank\" rel=\"noopener noreferrer nofollow\">deutz produktionsstudios GmbH \u2013 Votre agence de publicit\u00e9 \u00e0 service complet \u00e0 Bocholt (Allemagne)<\/a><\/p>\n<\/div><\/div><\/div><\/div><\/div>\n","protected":false},"excerpt":{"rendered":"","protected":false},"author":1,"featured_media":0,"parent":0,"menu_order":10,"comment_status":"closed","ping_status":"closed","template":"100-width.php","meta":{"_acf_changed":false,"footnotes":""},"class_list":["post-13406","page","type-page","status-publish","hentry"],"acf":[],"_links":{"self":[{"href":"https:\/\/www.dibellatextiles.com\/fr\/wp-json\/wp\/v2\/pages\/13406","targetHints":{"allow":["GET"]}}],"collection":[{"href":"https:\/\/www.dibellatextiles.com\/fr\/wp-json\/wp\/v2\/pages"}],"about":[{"href":"https:\/\/www.dibellatextiles.com\/fr\/wp-json\/wp\/v2\/types\/page"}],"author":[{"embeddable":true,"href":"https:\/\/www.dibellatextiles.com\/fr\/wp-json\/wp\/v2\/users\/1"}],"replies":[{"embeddable":true,"href":"https:\/\/www.dibellatextiles.com\/fr\/wp-json\/wp\/v2\/comments?post=13406"}],"version-history":[{"count":5,"href":"https:\/\/www.dibellatextiles.com\/fr\/wp-json\/wp\/v2\/pages\/13406\/revisions"}],"predecessor-version":[{"id":14141,"href":"https:\/\/www.dibellatextiles.com\/fr\/wp-json\/wp\/v2\/pages\/13406\/revisions\/14141"}],"wp:attachment":[{"href":"https:\/\/www.dibellatextiles.com\/fr\/wp-json\/wp\/v2\/media?parent=13406"}],"curies":[{"name":"wp","href":"https:\/\/api.w.org\/{rel}","templated":true}]}}