{"id":13322,"date":"2025-10-08T13:39:36","date_gmt":"2025-10-08T11:39:36","guid":{"rendered":"https:\/\/dev.dibellatextiles.com\/approche-durable\/beschwerdemanagement\/"},"modified":"2026-01-16T11:43:07","modified_gmt":"2026-01-16T10:43:07","slug":"gestion-des-reclamations","status":"publish","type":"page","link":"https:\/\/www.dibellatextiles.com\/fr\/approche-durable\/gestion-des-reclamations\/","title":{"rendered":"Gestion des r\u00e9clamations"},"content":{"rendered":"<p><div class=\"fusion-fullwidth fullwidth-box fusion-builder-row-1 fusion-flex-container has-pattern-background has-mask-background nonhundred-percent-fullwidth non-hundred-percent-height-scrolling\" style=\"--awb-border-radius-top-left:0px;--awb-border-radius-top-right:0px;--awb-border-radius-bottom-right:0px;--awb-border-radius-bottom-left:0px;--awb-flex-wrap:wrap;\" ><div class=\"fusion-builder-row fusion-row fusion-flex-align-items-flex-start fusion-flex-content-wrap\" style=\"max-width:1320.8px;margin-left: calc(-4% \/ 2 );margin-right: calc(-4% \/ 2 );\"><div class=\"fusion-layout-column fusion_builder_column fusion-builder-column-0 fusion_builder_column_1_1 1_1 fusion-flex-column\" style=\"--awb-bg-size:cover;--awb-width-large:100%;--awb-margin-top-large:25px;--awb-spacing-right-large:1.92%;--awb-margin-bottom-large:25px;--awb-spacing-left-large:1.92%;--awb-width-medium:100%;--awb-order-medium:0;--awb-spacing-right-medium:1.92%;--awb-spacing-left-medium:1.92%;--awb-width-small:100%;--awb-order-small:0;--awb-spacing-right-small:1.92%;--awb-spacing-left-small:1.92%;\"><div class=\"fusion-column-wrapper fusion-column-has-shadow fusion-flex-justify-content-flex-start fusion-content-layout-column\"><div class=\"fusion-title title fusion-title-1 fusion-sep-none fusion-title-text fusion-title-size-one\" style=\"--awb-margin-top-small:8px;--awb-margin-right-small:0px;--awb-margin-bottom-small:16px;--awb-margin-left-small:0px;\"><h1 class=\"fusion-title-heading title-heading-left fusion-responsive-typography-calculated\" style=\"margin:0;--fontSize:60;line-height:var(--awb-typography1-line-height);\">Gestion des r\u00e9clamations des fournisseurs<\/h1><\/div><div class=\"fusion-title title fusion-title-2 fusion-sep-none fusion-title-text fusion-title-size-two\" style=\"--awb-margin-top-small:8px;--awb-margin-right-small:0px;--awb-margin-bottom-small:16px;--awb-margin-left-small:0px;--awb-font-size:30px;\"><h2 class=\"fusion-title-heading title-heading-left fusion-responsive-typography-calculated\" style=\"margin:0;font-size:1em;--fontSize:30;line-height:var(--awb-typography1-line-height);\">M\u00e9canisme de r\u00e9clamation :<\/h2><\/div><div class=\"fusion-text fusion-text-1\"><p>Nous assumons notre responsabilit\u00e9 envers les personnes impliqu\u00e9es dans la production de nos textiles. Pour ce faire, nous travaillons exclusivement avec des fournisseurs, qui ont d\u00e9montr\u00e9 leur capacit\u00e9 \u00e0 r\u00e9pondre \u00e0 nos exigences \u00e9lev\u00e9es en mati\u00e8re de droits de l&rsquo;homme, de protection de l&rsquo;environnement et de la sant\u00e9.<\/p>\n<p>Outre les labels reconnus, nous accordons une grande importance aux \u00e9changes personnels avec nos fournisseurs. Car seule une connaissance pr\u00e9cise des probl\u00e8mes permet d\u2019agir efficacement.<\/p>\n<p>Il est donc essentiel pour nous de donner aux employ\u00e9s la possibilit\u00e9 de nous contacter directement en cas de r\u00e9clamation.<\/p>\n<p><strong>Personne \u00e0 contacter<\/strong> : Mme Michaela Gnass, responsable RSE, e-mail : <a href=\"mailto:gnass@dibellatextiles.com\">gnass@dibellatextiles.com<\/a>, t\u00e9l\u00e9phone : <a href=\"tel:00492871219863\">+49 (0) 2871 2198-63<\/a><\/p>\n<\/div><\/div><\/div><\/div><\/div><div class=\"fusion-fullwidth fullwidth-box fusion-builder-row-2 fusion-flex-container has-pattern-background has-mask-background nonhundred-percent-fullwidth non-hundred-percent-height-scrolling\" style=\"--awb-border-radius-top-left:0px;--awb-border-radius-top-right:0px;--awb-border-radius-bottom-right:0px;--awb-border-radius-bottom-left:0px;--awb-flex-wrap:wrap;\" ><div class=\"fusion-builder-row fusion-row fusion-flex-align-items-flex-start fusion-flex-content-wrap\" style=\"max-width:1320.8px;margin-left: calc(-4% \/ 2 );margin-right: calc(-4% \/ 2 );\"><div class=\"fusion-layout-column fusion_builder_column fusion-builder-column-1 fusion_builder_column_1_1 1_1 fusion-flex-column\" style=\"--awb-bg-size:cover;--awb-width-large:100%;--awb-margin-top-large:25px;--awb-spacing-right-large:1.92%;--awb-margin-bottom-large:25px;--awb-spacing-left-large:1.92%;--awb-width-medium:100%;--awb-order-medium:0;--awb-spacing-right-medium:1.92%;--awb-spacing-left-medium:1.92%;--awb-width-small:100%;--awb-order-small:0;--awb-spacing-right-small:1.92%;--awb-spacing-left-small:1.92%;\"><div class=\"fusion-column-wrapper fusion-column-has-shadow fusion-flex-justify-content-flex-start fusion-content-layout-column\"><div class=\"fusion-title title fusion-title-3 fusion-sep-none fusion-title-text fusion-title-size-three\" style=\"--awb-margin-top-small:8px;--awb-margin-right-small:0px;--awb-margin-bottom-small:16px;--awb-margin-left-small:0px;\"><h3 class=\"fusion-title-heading title-heading-left fusion-responsive-typography-calculated\" style=\"margin:0;--fontSize:28;--minFontSize:28;line-height:1.32;\">Processus et approche<\/h3><\/div><div class=\"fusion-image-element \" style=\"--awb-caption-title-font-family:var(--h2_typography-font-family);--awb-caption-title-font-weight:var(--h2_typography-font-weight);--awb-caption-title-font-style:var(--h2_typography-font-style);--awb-caption-title-size:var(--h2_typography-font-size);--awb-caption-title-transform:var(--h2_typography-text-transform);--awb-caption-title-line-height:var(--h2_typography-line-height);--awb-caption-title-letter-spacing:var(--h2_typography-letter-spacing);\"><span class=\" fusion-imageframe imageframe-none imageframe-1 hover-type-none\"><img decoding=\"async\" width=\"1070\" height=\"274\" title=\"process-amd-procedures\" src=\"https:\/\/www.dibellatextiles.com\/wp-content\/uploads\/2026\/01\/process-amd-procedures.webp\" data-orig-src=\"https:\/\/www.dibellatextiles.com\/wp-content\/uploads\/2026\/01\/process-amd-procedures.webp\" alt class=\"lazyload img-responsive wp-image-13671\" srcset=\"data:image\/svg+xml,%3Csvg%20xmlns%3D%27http%3A%2F%2Fwww.w3.org%2F2000%2Fsvg%27%20width%3D%271070%27%20height%3D%27274%27%20viewBox%3D%270%200%201070%20274%27%3E%3Crect%20width%3D%271070%27%20height%3D%27274%27%20fill-opacity%3D%220%22%2F%3E%3C%2Fsvg%3E\" data-srcset=\"https:\/\/www.dibellatextiles.com\/wp-content\/uploads\/2026\/01\/process-amd-procedures-200x51.webp 200w, https:\/\/www.dibellatextiles.com\/wp-content\/uploads\/2026\/01\/process-amd-procedures-400x102.webp 400w, https:\/\/www.dibellatextiles.com\/wp-content\/uploads\/2026\/01\/process-amd-procedures-600x154.webp 600w, https:\/\/www.dibellatextiles.com\/wp-content\/uploads\/2026\/01\/process-amd-procedures-800x205.webp 800w, https:\/\/www.dibellatextiles.com\/wp-content\/uploads\/2026\/01\/process-amd-procedures.webp 1070w\" data-sizes=\"auto\" data-orig-sizes=\"(max-width: 1300px) 100vw, (max-width: 640px) 100vw, 1070px\" \/><\/span><\/div><div class=\"fusion-title title fusion-title-4 fusion-sep-none fusion-title-text fusion-title-size-three\" style=\"--awb-margin-top-small:8px;--awb-margin-right-small:0px;--awb-margin-bottom-small:16px;--awb-margin-left-small:0px;\"><h3 class=\"fusion-title-heading title-heading-left fusion-responsive-typography-calculated\" style=\"margin:0;--fontSize:28;--minFontSize:28;line-height:1.32;\">Proc\u00e9dure :<\/h3><\/div><\/div><\/div><div class=\"fusion-layout-column fusion_builder_column fusion-builder-column-2 fusion_builder_column_1_1 1_1 fusion-flex-column\" style=\"--awb-bg-size:cover;--awb-width-large:100%;--awb-margin-top-large:25px;--awb-spacing-right-large:1.92%;--awb-margin-bottom-large:25px;--awb-spacing-left-large:1.92%;--awb-width-medium:100%;--awb-order-medium:0;--awb-spacing-right-medium:1.92%;--awb-spacing-left-medium:1.92%;--awb-width-small:100%;--awb-order-small:0;--awb-spacing-right-small:1.92%;--awb-spacing-left-small:1.92%;\"><div class=\"fusion-column-wrapper fusion-column-has-shadow fusion-flex-justify-content-flex-start fusion-content-layout-column\"><div class=\"fusion-text fusion-text-2\"><p><b>A) Dibella identifie les m\u00e9canismes de r\u00e9clamations\/canaux de communication chez les fournisseurs strat\u00e9giques<\/b><\/p>\n<p>Collecte de donn\u00e9es structur\u00e9e par :<\/p>\n<ol>\n<li>Pays<\/li>\n<li>Certifications (GOTS,&#8230;)<\/li>\n<li>R\u00e9clamations re\u00e7ues<\/li>\n<li>Recherche de solutions<\/li>\n<li>Associations\/syndicats<\/li>\n<li>Bo\u00eetes de r\u00e9clamation<\/li>\n<li>Politique de r\u00e9clamation int\u00e9gr\u00e9e\/documentation<\/li>\n<\/ol>\n<p><b>R\u00e9sultat :<i> Les m\u00e9canismes de r\u00e9clamation\/canaux de communication int\u00e9gr\u00e9s de tous les fournisseurs strat\u00e9giques sont disponibles par interrogation. Tous les fournisseurs strat\u00e9giques disposent de leurs propres canaux de r\u00e9clamation.<\/i><\/b><\/p>\n<p><b>B) Dibella analyse les m\u00e9canismes de r\u00e9clamations\/canaux de communication chez les fournisseurs strat\u00e9giques<\/b><\/p>\n<p>Analyse<\/p>\n<p>1. Faire le lien avec l&rsquo;analyse de risque de Dibella<\/p>\n<p><b>R\u00e9sultat : <i>Les risques li\u00e9s aux pays et les risques d\u00e9j\u00e0 prioris\u00e9s sont mis en relation avec le m\u00e9canisme de r\u00e9clamation du fournisseur strat\u00e9gique concern\u00e9.<\/i><\/b><\/p>\n<p><b>C) Dibella v\u00e9rifie l&rsquo;efficacit\u00e9 des m\u00e9canismes de plaintes\/canaux de communication<\/b><\/p>\n<p>V\u00e9rifier l&rsquo;efficacit\u00e9 par<\/p>\n<ol>\n<li>des audits, certificats\/li>\n<li>les propres projets de Dibella*<\/li>\n<li>V\u00e9rification des mesures mises en \u0153uvre par une \u00ab visite sur site \u00bb\/liste de contr\u00f4le<\/li>\n<\/ol>\n<p>* FR = mise en \u0153uvre d&rsquo;un projet de \u00ab compensation de l&rsquo;inflation pour les employ\u00e9s d&rsquo;un fournisseur \u00bb au printemps 2024. Un rapport d\u00e9taill\u00e9 suivra.<\/p>\n<p><b>R\u00e9sultat : <i>Les m\u00e9canismes de r\u00e9clamation\/canaux de communication sont test\u00e9s et \u00e9valu\u00e9s quant \u00e0 leur efficacit\u00e9.<\/i><\/b><\/p>\n<p><b>D) Dibella prend des mesures suppl\u00e9mentaires si n\u00e9cessaire.<\/b><\/p>\n<p>V\u00e9rifier si d&rsquo;autres mesures sont n\u00e9cessaires<\/p>\n<ol>\n<li>Introduire le CAP<\/li>\n<li>Voir C) V\u00e9rifier \u00e0 nouveau l&rsquo;efficacit\u00e9.<\/li>\n<\/ol>\n<p><b>E) Dibella met en \u0153uvre des mesures de rem\u00e9diation\/r\u00e9paration<\/b><\/p>\n<p>Fournir des recours et un acc\u00e8s \u00e0 la r\u00e9paration.<\/p>\n<ol>\n<li>Dibella cr\u00e9e des conditions organisationnelles, personnelles.<br \/>\nElles ont \u00e9t\u00e9 mis en place et les responsabilit\u00e9s correspondantes ont \u00e9t\u00e9 d\u00e9finies avec les interlocuteurs suivants :<br \/>\nDirecteur des achats : M. Simon Bartholomes<br \/>\nResponsable RSE : Mme Michaela Gnass<\/li>\n<li>Probl\u00e9matique : Des mesures correctives\/r\u00e9paratrices ont-elles \u00e9t\u00e9 prises au cours des 12 derniers mois ?<br \/>\n<b>R\u00e9ception d&rsquo;une r\u00e9clamation 2022\/2023<\/b><br \/>\nLors de la visite de l&rsquo;atelier de confection d&rsquo;un fournisseur pakistanais en 2022, des employ\u00e9s se sont plaints de l&rsquo;inconfort des chaises dans la salle de couture. Dans le cadre du dialogue avec les 80 personnes concern\u00e9es, il a \u00e9t\u00e9 convenu de mettre \u00e0 disposition un choix de chaises alternatives. Apr\u00e8s une phase de test, les employ\u00e9s ont opt\u00e9 pour un mod\u00e8le avec dossier rembourr\u00e9.<br \/>\nLes personnes concern\u00e9es sont satisfaites des mesures correctives prises et nous ont fait part de leurs commentaires positifs.<br \/>\n<b>R\u00e9ception de deux plaintes en 2024<\/b><br \/>\nAu printemps 2024, nous avons re\u00e7u par e-mail la plainte de deux anciens employ\u00e9s d&rsquo;un fournisseur. Les employ\u00e9s nous ont dit qu&rsquo;ils avaient \u00e9t\u00e9 licenci\u00e9s suite \u00e0 la r\u00e9duction des capacit\u00e9s. Parall\u00e8lement, de nouveaux personnels ont \u00e9t\u00e9 recrut\u00e9s. Dibella a convenu d&rsquo;un rendez-vous de m\u00e9diation avec le fournisseur. Un employ\u00e9 a honor\u00e9 le rendez-vous, un autre ne l&rsquo;a pas fait. Un employ\u00e9 a accept\u00e9 un nouveau poste dans une autre entreprise et nous a remerci\u00e9s pour notre soutien. Un collaborateur n&rsquo;a donn\u00e9 aucun autre retour malgr\u00e9 plusieurs contacts de notre part.<\/li>\n<\/ol>\n<p>Dibella agit selon le principe de \u00ab pr\u00e9caution \u00bb. Dibella initie et finance des projets via la fondation GoodTextiles qu&rsquo;elle a cr\u00e9\u00e9e, afin de promouvoir des effets positifs sur le plan social et environnemental.<\/p>\n<p>Exemple : Centre de formation pour les agriculteurs bio \u00e9quitables, projets scolaires pour la promotion de l&rsquo;\u00e9ducation, compensation des \u00e9missions de CO<sub>2<\/sub> dans la for\u00eat de Dibella, etc. (plus d&rsquo;informations sur <a href=\"https:\/\/www.goodtextiles.org\/\" target=\"_blank\" rel=\"noopener noreferrer nofollow\">www.goodtextiles.org<\/a>)<\/p>\n<p><b>En cas de r\u00e9paration\/r\u00e9tablissement, le processus suivant s&rsquo;applique :<\/b><\/p>\n<\/div><div class=\"fusion-title title fusion-title-5 fusion-sep-none fusion-title-text fusion-title-size-three\" style=\"--awb-margin-top-small:8px;--awb-margin-right-small:0px;--awb-margin-bottom-small:16px;--awb-margin-left-small:0px;\"><h3 class=\"fusion-title-heading title-heading-left fusion-responsive-typography-calculated\" style=\"margin:0;--fontSize:28;--minFontSize:28;line-height:1.32;\"><\/h3><\/div><div class=\"fusion-image-element \" style=\"--awb-caption-title-font-family:var(--h2_typography-font-family);--awb-caption-title-font-weight:var(--h2_typography-font-weight);--awb-caption-title-font-style:var(--h2_typography-font-style);--awb-caption-title-size:var(--h2_typography-font-size);--awb-caption-title-transform:var(--h2_typography-text-transform);--awb-caption-title-line-height:var(--h2_typography-line-height);--awb-caption-title-letter-spacing:var(--h2_typography-letter-spacing);\"><span class=\" fusion-imageframe imageframe-none imageframe-2 hover-type-none\"><img decoding=\"async\" width=\"944\" height=\"272\" title=\"remedy-reparation\" src=\"https:\/\/www.dibellatextiles.com\/wp-content\/uploads\/2026\/01\/remedy-reparation.webp\" data-orig-src=\"https:\/\/www.dibellatextiles.com\/wp-content\/uploads\/2026\/01\/remedy-reparation.webp\" alt class=\"lazyload img-responsive wp-image-13672\" srcset=\"data:image\/svg+xml,%3Csvg%20xmlns%3D%27http%3A%2F%2Fwww.w3.org%2F2000%2Fsvg%27%20width%3D%27944%27%20height%3D%27272%27%20viewBox%3D%270%200%20944%20272%27%3E%3Crect%20width%3D%27944%27%20height%3D%27272%27%20fill-opacity%3D%220%22%2F%3E%3C%2Fsvg%3E\" data-srcset=\"https:\/\/www.dibellatextiles.com\/wp-content\/uploads\/2026\/01\/remedy-reparation-200x58.webp 200w, https:\/\/www.dibellatextiles.com\/wp-content\/uploads\/2026\/01\/remedy-reparation-400x115.webp 400w, https:\/\/www.dibellatextiles.com\/wp-content\/uploads\/2026\/01\/remedy-reparation-600x173.webp 600w, https:\/\/www.dibellatextiles.com\/wp-content\/uploads\/2026\/01\/remedy-reparation-800x231.webp 800w, https:\/\/www.dibellatextiles.com\/wp-content\/uploads\/2026\/01\/remedy-reparation.webp 944w\" data-sizes=\"auto\" data-orig-sizes=\"(max-width: 1300px) 100vw, (max-width: 640px) 100vw, 944px\" \/><\/span><\/div><div class=\"fusion-text fusion-text-3\"><p>1) Prise de connaissance du dommage av\u00e9r\u00e9<br \/>\n2) \u00c9change\/dialogue avec les personnes concern\u00e9es (d\u00e9placement ou par \u00e9crit)<br \/>\n3) Cr\u00e9ation d&rsquo;une documentation (liste de r\u00e9clamations)<br \/>\n4) Les parties prenantes et Dibella \u00e9laborent des mesures correctives communes (forme et montant).<br \/>\n5) V\u00e9rifier l\u2019accord des personnes concern\u00e9es avec le r\u00e9sultat. Le cas \u00e9ch\u00e9ant, introduire la CAP.<\/p>\n<\/div><\/div><\/div><\/div><\/div><div class=\"fusion-fullwidth fullwidth-box fusion-builder-row-3 fusion-flex-container has-pattern-background has-mask-background nonhundred-percent-fullwidth non-hundred-percent-height-scrolling\" style=\"--awb-border-radius-top-left:0px;--awb-border-radius-top-right:0px;--awb-border-radius-bottom-right:0px;--awb-border-radius-bottom-left:0px;--awb-flex-wrap:wrap;\" ><div class=\"fusion-builder-row fusion-row fusion-flex-align-items-flex-start fusion-flex-content-wrap\" style=\"max-width:1320.8px;margin-left: calc(-4% \/ 2 );margin-right: calc(-4% \/ 2 );\"><div class=\"fusion-layout-column fusion_builder_column fusion-builder-column-3 fusion_builder_column_1_1 1_1 fusion-flex-column\" style=\"--awb-bg-size:cover;--awb-width-large:100%;--awb-margin-top-large:25px;--awb-spacing-right-large:1.92%;--awb-margin-bottom-large:25px;--awb-spacing-left-large:1.92%;--awb-width-medium:100%;--awb-order-medium:0;--awb-spacing-right-medium:1.92%;--awb-spacing-left-medium:1.92%;--awb-width-small:100%;--awb-order-small:0;--awb-spacing-right-small:1.92%;--awb-spacing-left-small:1.92%;\"><div class=\"fusion-column-wrapper fusion-column-has-shadow fusion-flex-justify-content-flex-start fusion-content-layout-column\"><div class=\"fusion-title title fusion-title-6 fusion-sep-none fusion-title-text fusion-title-size-three\" style=\"--awb-margin-top-small:8px;--awb-margin-right-small:0px;--awb-margin-bottom-small:16px;--awb-margin-left-small:0px;\"><h3 class=\"fusion-title-heading title-heading-left fusion-responsive-typography-calculated\" style=\"margin:0;--fontSize:28;--minFontSize:28;line-height:1.32;\">Dibella s&rsquo;engage de mani\u00e8re proactive \u00e0 d\u00e9velopper le dialogue social avec et chez ses partenaires fournisseurs.<\/h3><\/div><\/div><\/div><\/div><\/div><div class=\"fusion-fullwidth fullwidth-box fusion-builder-row-4 fusion-flex-container has-pattern-background has-mask-background nonhundred-percent-fullwidth non-hundred-percent-height-scrolling\" style=\"--awb-border-radius-top-left:0px;--awb-border-radius-top-right:0px;--awb-border-radius-bottom-right:0px;--awb-border-radius-bottom-left:0px;--awb-flex-wrap:wrap;\" ><div class=\"fusion-builder-row fusion-row fusion-flex-align-items-flex-start fusion-flex-content-wrap\" style=\"max-width:1320.8px;margin-left: calc(-4% \/ 2 );margin-right: calc(-4% \/ 2 );\"><div class=\"fusion-layout-column fusion_builder_column fusion-builder-column-4 fusion_builder_column_1_1 1_1 fusion-flex-column\" style=\"--awb-bg-size:cover;--awb-width-large:100%;--awb-margin-top-large:25px;--awb-spacing-right-large:1.92%;--awb-margin-bottom-large:25px;--awb-spacing-left-large:1.92%;--awb-width-medium:100%;--awb-order-medium:0;--awb-spacing-right-medium:1.92%;--awb-spacing-left-medium:1.92%;--awb-width-small:100%;--awb-order-small:0;--awb-spacing-right-small:1.92%;--awb-spacing-left-small:1.92%;\"><div class=\"fusion-column-wrapper fusion-column-has-shadow fusion-flex-justify-content-flex-start fusion-content-layout-column\"><div style=\"text-align:center;\"><a class=\"fusion-button button-flat fusion-button-default-size button-default fusion-button-default button-1 fusion-button-default-span fusion-button-default-type\" target=\"_self\" href=\"\/fr\/approche-durable\/\"><span class=\"fusion-button-text awb-button__text awb-button__text--default\">Retour \u00e0 l&#x27;aper\u00e7u\u00a0: Approche durable<\/span><\/a><\/div><\/div><\/div><\/div><\/div><\/p>\n","protected":false},"excerpt":{"rendered":"","protected":false},"author":2,"featured_media":0,"parent":13238,"menu_order":5,"comment_status":"closed","ping_status":"closed","template":"100-width.php","meta":{"_acf_changed":false,"footnotes":""},"class_list":["post-13322","page","type-page","status-publish","hentry"],"acf":[],"_links":{"self":[{"href":"https:\/\/www.dibellatextiles.com\/fr\/wp-json\/wp\/v2\/pages\/13322","targetHints":{"allow":["GET"]}}],"collection":[{"href":"https:\/\/www.dibellatextiles.com\/fr\/wp-json\/wp\/v2\/pages"}],"about":[{"href":"https:\/\/www.dibellatextiles.com\/fr\/wp-json\/wp\/v2\/types\/page"}],"author":[{"embeddable":true,"href":"https:\/\/www.dibellatextiles.com\/fr\/wp-json\/wp\/v2\/users\/2"}],"replies":[{"embeddable":true,"href":"https:\/\/www.dibellatextiles.com\/fr\/wp-json\/wp\/v2\/comments?post=13322"}],"version-history":[{"count":5,"href":"https:\/\/www.dibellatextiles.com\/fr\/wp-json\/wp\/v2\/pages\/13322\/revisions"}],"predecessor-version":[{"id":13674,"href":"https:\/\/www.dibellatextiles.com\/fr\/wp-json\/wp\/v2\/pages\/13322\/revisions\/13674"}],"up":[{"embeddable":true,"href":"https:\/\/www.dibellatextiles.com\/fr\/wp-json\/wp\/v2\/pages\/13238"}],"wp:attachment":[{"href":"https:\/\/www.dibellatextiles.com\/fr\/wp-json\/wp\/v2\/media?parent=13322"}],"curies":[{"name":"wp","href":"https:\/\/api.w.org\/{rel}","templated":true}]}}