{"id":13282,"date":"2025-10-08T13:44:31","date_gmt":"2025-10-08T11:44:31","guid":{"rendered":"https:\/\/dev.dibellatextiles.com\/approche-durable\/der-dibella-wald\/"},"modified":"2026-01-15T10:23:33","modified_gmt":"2026-01-15T09:23:33","slug":"la-foret-de-dibella","status":"publish","type":"page","link":"https:\/\/www.dibellatextiles.com\/fr\/approche-durable\/la-foret-de-dibella\/","title":{"rendered":"La for\u00eat de Dibella"},"content":{"rendered":"<p><div class=\"fusion-fullwidth fullwidth-box fusion-builder-row-1 fusion-flex-container has-pattern-background has-mask-background nonhundred-percent-fullwidth non-hundred-percent-height-scrolling\" style=\"--awb-border-radius-top-left:0px;--awb-border-radius-top-right:0px;--awb-border-radius-bottom-right:0px;--awb-border-radius-bottom-left:0px;--awb-flex-wrap:wrap;\" ><div class=\"fusion-builder-row fusion-row fusion-flex-align-items-flex-start fusion-flex-content-wrap\" style=\"max-width:1320.8px;margin-left: calc(-4% \/ 2 );margin-right: calc(-4% \/ 2 );\"><div class=\"fusion-layout-column fusion_builder_column fusion-builder-column-0 fusion_builder_column_1_1 1_1 fusion-flex-column\" style=\"--awb-bg-size:cover;--awb-width-large:100%;--awb-margin-top-large:25px;--awb-spacing-right-large:1.92%;--awb-margin-bottom-large:25px;--awb-spacing-left-large:1.92%;--awb-width-medium:100%;--awb-order-medium:0;--awb-spacing-right-medium:1.92%;--awb-spacing-left-medium:1.92%;--awb-width-small:100%;--awb-order-small:0;--awb-spacing-right-small:1.92%;--awb-spacing-left-small:1.92%;\" data-scroll-devices=\"small-visibility,medium-visibility,large-visibility\"><div class=\"fusion-column-wrapper fusion-column-has-shadow fusion-flex-justify-content-flex-start fusion-content-layout-column\"><div class=\"fusion-title title fusion-title-1 fusion-sep-none fusion-title-text fusion-title-size-one\" style=\"--awb-margin-top-small:8px;--awb-margin-right-small:0px;--awb-margin-bottom-small:16px;--awb-margin-left-small:0px;\"><h1 class=\"fusion-title-heading title-heading-left fusion-responsive-typography-calculated\" style=\"margin:0;--fontSize:60;line-height:var(--awb-typography1-line-height);\">Un projet qui nous tient \u00e0 c\u0153ur : Notre for\u00eat de Dibella<\/h1><\/div><div class=\"fusion-title title fusion-title-2 fusion-sep-none fusion-title-text fusion-title-size-two\" style=\"--awb-margin-top-small:8px;--awb-margin-right-small:0px;--awb-margin-bottom-small:16px;--awb-margin-left-small:0px;--awb-font-size:30px;\"><h2 class=\"fusion-title-heading title-heading-left fusion-responsive-typography-calculated\" style=\"margin:0;font-size:1em;--fontSize:30;line-height:var(--awb-typography1-line-height);\">Tout a commenc\u00e9 par un projet de reforestation, puis a grandi, grandi, grandi &#8230;<\/h2><\/div><div class=\"fusion-text fusion-text-1\" style=\"--awb-text-font-family:&quot;GT Walsheim Regular&quot;;--awb-text-font-style:normal;--awb-text-font-weight:400;\"><p>Avec la for\u00eat de Dibella en Inde, nous soutenons la r\u00e9alisation de nos objectifs climatiques d\u00e9clar\u00e9s et nous permettons \u00e0 des tiers d&rsquo;acc\u00e9der \u00e0 la compensation du dioxyde de carbone (CO<sub>2<\/sub>). En m\u00eame temps, la for\u00eat en croissance constante doit contribuer activement \u00e0 la protection du climat et de l&rsquo;environnement dans l&rsquo;\u00c9tat du Tamil Nadu.<\/p>\n<\/div><div class=\"fusion-video fusion-selfhosted-video\" style=\"max-width:100%;\"><div class=\"video-wrapper\"><video playsinline=\"true\" width=\"100%\" style=\"object-fit: cover;\" autoplay=\"true\" muted=\"true\" loop=\"true\" poster=\"https:\/\/www.dibellatextiles.com\/wp-content\/uploads\/2025\/10\/Screenshot-Forestvideo-200x122.webp\" preload=\"auto\" controls=\"1\"><source src=\"https:\/\/www.dibellatextiles.com\/wp-content\/uploads\/2025\/10\/dibella_forest.mp4-720p.mp4\" type=\"video\/mp4\">Sorry, your browser doesn&#039;t support embedded videos.<\/video><\/div><\/div><\/div><\/div><div class=\"fusion-layout-column fusion_builder_column fusion-builder-column-1 fusion_builder_column_2_3 2_3 fusion-flex-column\" style=\"--awb-bg-size:cover;--awb-width-large:66.666666666667%;--awb-margin-top-large:25px;--awb-spacing-right-large:2.88%;--awb-margin-bottom-large:25px;--awb-spacing-left-large:2.88%;--awb-width-medium:100%;--awb-order-medium:0;--awb-spacing-right-medium:1.92%;--awb-spacing-left-medium:1.92%;--awb-width-small:100%;--awb-order-small:0;--awb-spacing-right-small:1.92%;--awb-spacing-left-small:1.92%;\"><div class=\"fusion-column-wrapper fusion-column-has-shadow fusion-flex-justify-content-flex-start fusion-content-layout-column\"><div class=\"fusion-text fusion-text-2\"><p>Le programme de reboisement de Dibella est ouvert \u00e0 la participation de tiers : Les clients, partenaires et fournisseurs peuvent compenser leur empreinte carbone en cr\u00e9ant leur propre for\u00eat.<\/p>\n<p>Le projet a d\u00e9j\u00e0 fait \u00e9cole. Pour qu&rsquo;il puisse continuer son d\u00e9veloppement, Dibella a pris des dispositions : La zone foresti\u00e8re pr\u00e9sente un potentiel d&rsquo;expansion.<\/p>\n<p>Vous \u00eates int\u00e9ress\u00e9 par une participation \u00e0 ce projet passionnant et proche de la nature ? N&rsquo;h\u00e9sitez pas \u00e0 nous contacter directement et nous r\u00e9fl\u00e9chirons ensemble \u00e0 la mani\u00e8re dont nous pouvons vous aider \u00e0 concr\u00e9tiser vos id\u00e9es : <a href=\"mailto:gnass@dibellatextiles.com\">gnass@dibellatextiles.com<\/a>.<\/p>\n<\/div><\/div><\/div><div class=\"fusion-layout-column fusion_builder_column fusion-builder-column-2 fusion_builder_column_1_3 1_3 fusion-flex-column\" style=\"--awb-bg-size:cover;--awb-width-large:33.333333333333%;--awb-margin-top-large:25px;--awb-spacing-right-large:5.76%;--awb-margin-bottom-large:25px;--awb-spacing-left-large:5.76%;--awb-width-medium:100%;--awb-order-medium:0;--awb-spacing-right-medium:1.92%;--awb-spacing-left-medium:1.92%;--awb-width-small:100%;--awb-order-small:0;--awb-spacing-right-small:1.92%;--awb-spacing-left-small:1.92%;\"><div class=\"fusion-column-wrapper fusion-column-has-shadow fusion-flex-justify-content-flex-start fusion-content-layout-column\"><div class=\"fusion-image-element \" style=\"text-align:right;--awb-aspect-ratio:3 \/ 2;--awb-object-position:61% 53%;--awb-caption-title-font-family:var(--h2_typography-font-family);--awb-caption-title-font-weight:var(--h2_typography-font-weight);--awb-caption-title-font-style:var(--h2_typography-font-style);--awb-caption-title-size:var(--h2_typography-font-size);--awb-caption-title-transform:var(--h2_typography-text-transform);--awb-caption-title-line-height:var(--h2_typography-line-height);--awb-caption-title-letter-spacing:var(--h2_typography-letter-spacing);\"><span class=\" fusion-imageframe imageframe-none imageframe-1 hover-type-none has-aspect-ratio\"><img decoding=\"async\" width=\"200\" height=\"150\" alt=\"Planting Trees in Dibella Forest\" title=\"Dibella Forrest-39\" src=\"https:\/\/www.dibellatextiles.com\/wp-content\/uploads\/2025\/10\/Dibella-Forrest-39.webp\" data-orig-src=\"https:\/\/www.dibellatextiles.com\/wp-content\/uploads\/2025\/10\/Dibella-Forrest-39-200x150.webp\" class=\"lazyload img-responsive wp-image-8258 img-with-aspect-ratio\" data-parent-fit=\"cover\" data-parent-container=\".fusion-image-element\" srcset=\"data:image\/svg+xml,%3Csvg%20xmlns%3D%27http%3A%2F%2Fwww.w3.org%2F2000%2Fsvg%27%20width%3D%271920%27%20height%3D%271440%27%20viewBox%3D%270%200%201920%201440%27%3E%3Crect%20width%3D%271920%27%20height%3D%271440%27%20fill-opacity%3D%220%22%2F%3E%3C%2Fsvg%3E\" data-srcset=\"https:\/\/www.dibellatextiles.com\/wp-content\/uploads\/2025\/10\/Dibella-Forrest-39-200x150.webp 200w, https:\/\/www.dibellatextiles.com\/wp-content\/uploads\/2025\/10\/Dibella-Forrest-39-400x300.webp 400w, https:\/\/www.dibellatextiles.com\/wp-content\/uploads\/2025\/10\/Dibella-Forrest-39-600x450.webp 600w, https:\/\/www.dibellatextiles.com\/wp-content\/uploads\/2025\/10\/Dibella-Forrest-39-800x600.webp 800w, https:\/\/www.dibellatextiles.com\/wp-content\/uploads\/2025\/10\/Dibella-Forrest-39-1200x900.webp 1200w, https:\/\/www.dibellatextiles.com\/wp-content\/uploads\/2025\/10\/Dibella-Forrest-39.webp 1920w\" data-sizes=\"auto\" data-orig-sizes=\"(max-width: 1300px) 100vw, (max-width: 640px) 100vw, 400px\" \/><\/span><\/div><\/div><\/div><\/div><\/div><div class=\"fusion-fullwidth fullwidth-box fusion-builder-row-2 fusion-flex-container has-pattern-background has-mask-background nonhundred-percent-fullwidth non-hundred-percent-height-scrolling\" style=\"--awb-border-radius-top-left:0px;--awb-border-radius-top-right:0px;--awb-border-radius-bottom-right:0px;--awb-border-radius-bottom-left:0px;--awb-flex-wrap:wrap;\" ><div class=\"fusion-builder-row fusion-row fusion-flex-align-items-flex-start fusion-flex-content-wrap\" style=\"max-width:1320.8px;margin-left: calc(-4% \/ 2 );margin-right: calc(-4% \/ 2 );\"><div class=\"fusion-layout-column fusion_builder_column fusion-builder-column-3 fusion_builder_column_1_1 1_1 fusion-flex-column\" style=\"--awb-bg-size:cover;--awb-width-large:100%;--awb-margin-top-large:25px;--awb-spacing-right-large:1.92%;--awb-margin-bottom-large:25px;--awb-spacing-left-large:1.92%;--awb-width-medium:100%;--awb-order-medium:0;--awb-spacing-right-medium:1.92%;--awb-spacing-left-medium:1.92%;--awb-width-small:100%;--awb-order-small:0;--awb-spacing-right-small:1.92%;--awb-spacing-left-small:1.92%;\"><div class=\"fusion-column-wrapper fusion-column-has-shadow fusion-flex-justify-content-flex-start fusion-content-layout-column\"><div style=\"text-align:center;\"><a class=\"fusion-button button-flat fusion-button-default-size button-default fusion-button-default button-1 fusion-button-default-span fusion-button-default-type\" target=\"_self\" href=\"\/fr\/approche-durable\/\"><span class=\"fusion-button-text awb-button__text awb-button__text--default\">Retour \u00e0 l&rsquo;aper\u00e7u&nbsp;: Approche durable<\/span><\/a><\/div><\/div><\/div><\/div><\/div><\/p>\n","protected":false},"excerpt":{"rendered":"","protected":false},"author":2,"featured_media":0,"parent":13238,"menu_order":2,"comment_status":"closed","ping_status":"closed","template":"100-width.php","meta":{"_acf_changed":false,"footnotes":""},"class_list":["post-13282","page","type-page","status-publish","hentry"],"acf":[],"_links":{"self":[{"href":"https:\/\/www.dibellatextiles.com\/fr\/wp-json\/wp\/v2\/pages\/13282","targetHints":{"allow":["GET"]}}],"collection":[{"href":"https:\/\/www.dibellatextiles.com\/fr\/wp-json\/wp\/v2\/pages"}],"about":[{"href":"https:\/\/www.dibellatextiles.com\/fr\/wp-json\/wp\/v2\/types\/page"}],"author":[{"embeddable":true,"href":"https:\/\/www.dibellatextiles.com\/fr\/wp-json\/wp\/v2\/users\/2"}],"replies":[{"embeddable":true,"href":"https:\/\/www.dibellatextiles.com\/fr\/wp-json\/wp\/v2\/comments?post=13282"}],"version-history":[{"count":5,"href":"https:\/\/www.dibellatextiles.com\/fr\/wp-json\/wp\/v2\/pages\/13282\/revisions"}],"predecessor-version":[{"id":13369,"href":"https:\/\/www.dibellatextiles.com\/fr\/wp-json\/wp\/v2\/pages\/13282\/revisions\/13369"}],"up":[{"embeddable":true,"href":"https:\/\/www.dibellatextiles.com\/fr\/wp-json\/wp\/v2\/pages\/13238"}],"wp:attachment":[{"href":"https:\/\/www.dibellatextiles.com\/fr\/wp-json\/wp\/v2\/media?parent=13282"}],"curies":[{"name":"wp","href":"https:\/\/api.w.org\/{rel}","templated":true}]}}