{"id":13276,"date":"2025-06-30T11:44:50","date_gmt":"2025-06-30T09:44:50","guid":{"rendered":"https:\/\/dev.dibellatextiles.com\/approche-durable\/wertschoepfungskette\/"},"modified":"2026-01-16T11:40:16","modified_gmt":"2026-01-16T10:40:16","slug":"chaine-de-valeur","status":"publish","type":"page","link":"https:\/\/www.dibellatextiles.com\/fr\/approche-durable\/chaine-de-valeur\/","title":{"rendered":"Cha\u00eene de valeur"},"content":{"rendered":"<p><div class=\"fusion-fullwidth fullwidth-box fusion-builder-row-1 fusion-flex-container has-pattern-background has-mask-background nonhundred-percent-fullwidth non-hundred-percent-height-scrolling\" style=\"--awb-border-radius-top-left:0px;--awb-border-radius-top-right:0px;--awb-border-radius-bottom-right:0px;--awb-border-radius-bottom-left:0px;--awb-flex-wrap:wrap;\" ><div class=\"fusion-builder-row fusion-row fusion-flex-align-items-flex-start fusion-flex-justify-content-center fusion-flex-content-wrap\" style=\"max-width:1320.8px;margin-left: calc(-4% \/ 2 );margin-right: calc(-4% \/ 2 );\"><div class=\"fusion-layout-column fusion_builder_column fusion-builder-column-0 fusion_builder_column_3_4 3_4 fusion-flex-column\" style=\"--awb-bg-size:cover;--awb-width-large:75%;--awb-margin-top-large:25px;--awb-spacing-right-large:2.56%;--awb-margin-bottom-large:25px;--awb-spacing-left-large:2.56%;--awb-width-medium:100%;--awb-order-medium:0;--awb-spacing-right-medium:1.92%;--awb-spacing-left-medium:1.92%;--awb-width-small:100%;--awb-order-small:0;--awb-spacing-right-small:1.92%;--awb-spacing-left-small:1.92%;\"><div class=\"fusion-column-wrapper fusion-column-has-shadow fusion-flex-justify-content-flex-start fusion-content-layout-column\"><div class=\"fusion-video fusion-selfhosted-video\" style=\"max-width:100%;\"><div class=\"video-wrapper\"><video playsinline=\"true\" width=\"100%\" style=\"object-fit: cover;\" autoplay=\"true\" muted=\"true\" loop=\"true\" preload=\"auto\" controls=\"1\"><source src=\"https:\/\/www.dibellatextiles.com\/wp-content\/uploads\/2025\/11\/dibella-wertschoepfungskette.mp4\" type=\"video\/mp4\">Sorry, your browser doesn&#039;t support embedded videos.<\/video><\/div><\/div><\/div><\/div><\/div><\/div><div class=\"fusion-fullwidth fullwidth-box fusion-builder-row-2 fusion-flex-container has-pattern-background has-mask-background nonhundred-percent-fullwidth non-hundred-percent-height-scrolling\" style=\"--awb-border-radius-top-left:0px;--awb-border-radius-top-right:0px;--awb-border-radius-bottom-right:0px;--awb-border-radius-bottom-left:0px;--awb-flex-wrap:wrap;\" ><div class=\"fusion-builder-row fusion-row fusion-flex-align-items-flex-start fusion-flex-content-wrap\" style=\"max-width:1320.8px;margin-left: calc(-4% \/ 2 );margin-right: calc(-4% \/ 2 );\"><div class=\"fusion-layout-column fusion_builder_column fusion-builder-column-1 fusion_builder_column_1_1 1_1 fusion-flex-column\" style=\"--awb-bg-size:cover;--awb-width-large:100%;--awb-margin-top-large:25px;--awb-spacing-right-large:1.92%;--awb-margin-bottom-large:25px;--awb-spacing-left-large:1.92%;--awb-width-medium:100%;--awb-order-medium:0;--awb-spacing-right-medium:1.92%;--awb-spacing-left-medium:1.92%;--awb-width-small:100%;--awb-order-small:0;--awb-spacing-right-small:1.92%;--awb-spacing-left-small:1.92%;\"><div class=\"fusion-column-wrapper fusion-column-has-shadow fusion-flex-justify-content-flex-start fusion-content-layout-column\"><div class=\"fusion-title title fusion-title-1 fusion-sep-none fusion-title-text fusion-title-size-one\" style=\"--awb-margin-top-small:8px;--awb-margin-right-small:0px;--awb-margin-bottom-small:16px;--awb-margin-left-small:0px;\"><h1 class=\"fusion-title-heading title-heading-left fusion-responsive-typography-calculated\" style=\"margin:0;--fontSize:60;line-height:var(--awb-typography1-line-height);\">La durabilit\u00e9, v\u00e9cue au quotidien \u2013 d\u00e9j\u00e0 pr\u00e9sente dans notre gamme standard<\/h1><\/div><div class=\"fusion-text fusion-text-1\"><p><strong>La cha\u00eene de valeur du textile est longue et pleine de d\u00e9fis. Il est d&rsquo;autant plus important de faire preuve de la plus grande transparence possible \u00e0 tous les niveaux pertinents.<\/strong><\/p>\n<p>Dibella prend ici ses responsabilit\u00e9s et s&rsquo;engage en faveur des droits de l&rsquo;homme, de la protection de l&rsquo;environnement et de la sant\u00e9. Une durabilit\u00e9 qui profite \u00e0 toutes les parties prenantes. Nous attachons d\u00e9j\u00e0 une grande importance au respect des crit\u00e8res sociaux et environnementaux dans notre gamme standard. Ainsi, la majeure partie de notre gamme est certifi\u00e9 OEKO-TEX\u00aeMADE IN GREEN\/GR\u00dcNER KNOPF (les d\u00e9tails concernant les certificats correspondants figurent sur les produits).<\/p>\n<p>Nous allons encore plus loin avec nos produits Good Textiles : En \u00e9troite collaboration avec la coop\u00e9rative Chetna, nous utilisons le coton et les proc\u00e9d\u00e9s de transformation les plus durables.<\/p>\n<\/div><\/div><\/div><\/div><\/div><div class=\"fusion-fullwidth fullwidth-box fusion-builder-row-3 fusion-flex-container has-pattern-background has-mask-background nonhundred-percent-fullwidth non-hundred-percent-height-scrolling\" style=\"--awb-border-radius-top-left:0px;--awb-border-radius-top-right:0px;--awb-border-radius-bottom-right:0px;--awb-border-radius-bottom-left:0px;--awb-flex-wrap:wrap;\" ><div class=\"fusion-builder-row fusion-row fusion-flex-align-items-flex-start fusion-flex-content-wrap\" style=\"max-width:1320.8px;margin-left: calc(-4% \/ 2 );margin-right: calc(-4% \/ 2 );\"><div class=\"fusion-layout-column fusion_builder_column fusion-builder-column-2 fusion_builder_column_1_1 1_1 fusion-flex-column\" style=\"--awb-bg-size:cover;--awb-width-large:100%;--awb-margin-top-large:25px;--awb-spacing-right-large:1.92%;--awb-margin-bottom-large:25px;--awb-spacing-left-large:1.92%;--awb-width-medium:100%;--awb-order-medium:0;--awb-spacing-right-medium:1.92%;--awb-spacing-left-medium:1.92%;--awb-width-small:100%;--awb-order-small:0;--awb-spacing-right-small:1.92%;--awb-spacing-left-small:1.92%;\"><div class=\"fusion-column-wrapper fusion-column-has-shadow fusion-flex-justify-content-flex-start fusion-content-layout-column\"><div class=\"fusion-title title fusion-title-2 fusion-sep-none fusion-title-text fusion-title-size-two\" style=\"--awb-margin-top-small:8px;--awb-margin-right-small:0px;--awb-margin-bottom-small:16px;--awb-margin-left-small:0px;\"><h2 class=\"fusion-title-heading title-heading-left fusion-responsive-typography-calculated\" style=\"margin:0;--fontSize:42;line-height:var(--awb-typography1-line-height);\">Notre cha\u00eene d&rsquo;approvisionnement en d\u00e9tail<\/h2><\/div><div class=\"fusion-image-element \" style=\"--awb-caption-title-font-family:var(--h2_typography-font-family);--awb-caption-title-font-weight:var(--h2_typography-font-weight);--awb-caption-title-font-style:var(--h2_typography-font-style);--awb-caption-title-size:var(--h2_typography-font-size);--awb-caption-title-transform:var(--h2_typography-text-transform);--awb-caption-title-line-height:var(--h2_typography-line-height);--awb-caption-title-letter-spacing:var(--h2_typography-letter-spacing);\"><span class=\" fusion-imageframe imageframe-none imageframe-1 hover-type-magnify has-image-magnify fusion-animated\" data-animationType=\"zoomInLeft\" data-animationDuration=\"0.3\" data-animationOffset=\"top-into-view\" data-magnify-img=\"https:\/\/www.dibellatextiles.com\/wp-content\/uploads\/2026\/01\/202306_supply-chain_EN-b.jpg\" data-magnify-duration=\"200\"><img decoding=\"async\" width=\"1070\" height=\"757\" title=\"dibella-supply-chain-graphic-in-detail-en\" src=\"https:\/\/www.dibellatextiles.com\/wp-content\/uploads\/2026\/01\/dibella-supply-chain-graphic-in-detail-en.webp\" data-orig-src=\"https:\/\/www.dibellatextiles.com\/wp-content\/uploads\/2026\/01\/dibella-supply-chain-graphic-in-detail-en.webp\" alt class=\"lazyload img-responsive wp-image-13667\" srcset=\"data:image\/svg+xml,%3Csvg%20xmlns%3D%27http%3A%2F%2Fwww.w3.org%2F2000%2Fsvg%27%20width%3D%271070%27%20height%3D%27757%27%20viewBox%3D%270%200%201070%20757%27%3E%3Crect%20width%3D%271070%27%20height%3D%27757%27%20fill-opacity%3D%220%22%2F%3E%3C%2Fsvg%3E\" data-srcset=\"https:\/\/www.dibellatextiles.com\/wp-content\/uploads\/2026\/01\/dibella-supply-chain-graphic-in-detail-en-200x141.webp 200w, https:\/\/www.dibellatextiles.com\/wp-content\/uploads\/2026\/01\/dibella-supply-chain-graphic-in-detail-en-400x283.webp 400w, https:\/\/www.dibellatextiles.com\/wp-content\/uploads\/2026\/01\/dibella-supply-chain-graphic-in-detail-en-600x424.webp 600w, https:\/\/www.dibellatextiles.com\/wp-content\/uploads\/2026\/01\/dibella-supply-chain-graphic-in-detail-en-800x566.webp 800w, https:\/\/www.dibellatextiles.com\/wp-content\/uploads\/2026\/01\/dibella-supply-chain-graphic-in-detail-en.webp 1070w\" data-sizes=\"auto\" data-orig-sizes=\"(max-width: 1300px) 100vw, (max-width: 640px) 100vw, 1070px\" \/><\/span><\/div><\/div><\/div><\/div><\/div><div class=\"fusion-fullwidth fullwidth-box fusion-builder-row-4 fusion-flex-container has-pattern-background has-mask-background nonhundred-percent-fullwidth non-hundred-percent-height-scrolling\" style=\"--awb-border-radius-top-left:0px;--awb-border-radius-top-right:0px;--awb-border-radius-bottom-right:0px;--awb-border-radius-bottom-left:0px;--awb-flex-wrap:wrap;\" ><div class=\"fusion-builder-row fusion-row fusion-flex-align-items-flex-start fusion-flex-content-wrap\" style=\"max-width:1320.8px;margin-left: calc(-4% \/ 2 );margin-right: calc(-4% \/ 2 );\"><div class=\"fusion-layout-column fusion_builder_column fusion-builder-column-3 fusion_builder_column_1_1 1_1 fusion-flex-column\" style=\"--awb-bg-size:cover;--awb-width-large:100%;--awb-margin-top-large:25px;--awb-spacing-right-large:1.92%;--awb-margin-bottom-large:25px;--awb-spacing-left-large:1.92%;--awb-width-medium:100%;--awb-order-medium:0;--awb-spacing-right-medium:1.92%;--awb-spacing-left-medium:1.92%;--awb-width-small:100%;--awb-order-small:0;--awb-spacing-right-small:1.92%;--awb-spacing-left-small:1.92%;\"><div class=\"fusion-column-wrapper fusion-column-has-shadow fusion-flex-justify-content-space-evenly fusion-content-layout-row\"><div style=\"text-align:center;\"><a class=\"fusion-button button-flat fusion-button-default-size button-default fusion-button-default button-1 fusion-button-default-span fusion-button-default-type\" style=\"--awb-margin-bottom:10px;\" target=\"_blank\" rel=\"noopener noreferrer\" href=\"#\"><span class=\"fusion-button-text awb-button__text awb-button__text--default\">T\u00e9l\u00e9charger la cha\u00eene d&#x27;approvisionnement<\/span><\/a><\/div><div style=\"text-align:center;\"><a class=\"fusion-button button-flat fusion-button-default-size button-default fusion-button-default button-2 fusion-button-default-span fusion-button-default-type\" target=\"_self\" href=\"\/fr\/approche-durable\/\"><span class=\"fusion-button-text awb-button__text awb-button__text--default\">Retour \u00e0 l&rsquo;aper\u00e7u&nbsp;: Approche durable<\/span><\/a><\/div><\/div><\/div><\/div><\/div><\/p>\n","protected":false},"excerpt":{"rendered":"","protected":false},"author":1,"featured_media":0,"parent":13238,"menu_order":1,"comment_status":"closed","ping_status":"closed","template":"100-width.php","meta":{"_acf_changed":false,"footnotes":""},"class_list":["post-13276","page","type-page","status-publish","hentry"],"acf":[],"_links":{"self":[{"href":"https:\/\/www.dibellatextiles.com\/fr\/wp-json\/wp\/v2\/pages\/13276","targetHints":{"allow":["GET"]}}],"collection":[{"href":"https:\/\/www.dibellatextiles.com\/fr\/wp-json\/wp\/v2\/pages"}],"about":[{"href":"https:\/\/www.dibellatextiles.com\/fr\/wp-json\/wp\/v2\/types\/page"}],"author":[{"embeddable":true,"href":"https:\/\/www.dibellatextiles.com\/fr\/wp-json\/wp\/v2\/users\/1"}],"replies":[{"embeddable":true,"href":"https:\/\/www.dibellatextiles.com\/fr\/wp-json\/wp\/v2\/comments?post=13276"}],"version-history":[{"count":5,"href":"https:\/\/www.dibellatextiles.com\/fr\/wp-json\/wp\/v2\/pages\/13276\/revisions"}],"predecessor-version":[{"id":13670,"href":"https:\/\/www.dibellatextiles.com\/fr\/wp-json\/wp\/v2\/pages\/13276\/revisions\/13670"}],"up":[{"embeddable":true,"href":"https:\/\/www.dibellatextiles.com\/fr\/wp-json\/wp\/v2\/pages\/13238"}],"wp:attachment":[{"href":"https:\/\/www.dibellatextiles.com\/fr\/wp-json\/wp\/v2\/media?parent=13276"}],"curies":[{"name":"wp","href":"https:\/\/api.w.org\/{rel}","templated":true}]}}