{"id":14906,"date":"2025-06-30T11:46:27","date_gmt":"2025-06-30T09:46:27","guid":{"rendered":"https:\/\/www.dibellatextiles.com\/udrzitelne-jednani\/produkt-oekobilanz\/"},"modified":"2026-03-30T10:21:57","modified_gmt":"2026-03-30T08:21:57","slug":"ekologicke-bilance-produktu","status":"publish","type":"page","link":"https:\/\/www.dibellatextiles.com\/cs\/udrzitelne-jednani\/ekologicke-bilance-produktu\/","title":{"rendered":"Ekologick\u00e9 bilance produkt\u016f"},"content":{"rendered":"<p><div class=\"fusion-fullwidth fullwidth-box fusion-builder-row-1 fusion-flex-container has-pattern-background has-mask-background nonhundred-percent-fullwidth non-hundred-percent-height-scrolling\" style=\"--awb-border-radius-top-left:0px;--awb-border-radius-top-right:0px;--awb-border-radius-bottom-right:0px;--awb-border-radius-bottom-left:0px;--awb-flex-wrap:wrap;\" ><div class=\"fusion-builder-row fusion-row fusion-flex-align-items-flex-start fusion-flex-content-wrap\" style=\"max-width:1320.8px;margin-left: calc(-4% \/ 2 );margin-right: calc(-4% \/ 2 );\"><div class=\"fusion-layout-column fusion_builder_column fusion-builder-column-0 fusion_builder_column_1_1 1_1 fusion-flex-column\" style=\"--awb-bg-size:cover;--awb-width-large:100%;--awb-margin-top-large:25px;--awb-spacing-right-large:1.92%;--awb-margin-bottom-large:25px;--awb-spacing-left-large:1.92%;--awb-width-medium:100%;--awb-order-medium:0;--awb-spacing-right-medium:1.92%;--awb-spacing-left-medium:1.92%;--awb-width-small:100%;--awb-order-small:0;--awb-spacing-right-small:1.92%;--awb-spacing-left-small:1.92%;\"><div class=\"fusion-column-wrapper fusion-column-has-shadow fusion-flex-justify-content-flex-start fusion-content-layout-column\"><div class=\"fusion-title title fusion-title-1 fusion-sep-none fusion-title-text fusion-title-size-paragraph\" style=\"--awb-text-color:var(--awb-color5);--awb-margin-top-small:8px;--awb-margin-right-small:0px;--awb-margin-bottom-small:16px;--awb-margin-left-small:0px;\"><p class=\"fusion-title-heading title-heading-left title-heading-tag fusion-responsive-typography-calculated\" style=\"margin:0;letter-spacing:0.5px;text-transform:uppercase;--fontSize:20;--minFontSize:20;line-height:1.75;\">Na\u0161e ekologick\u00e9 bilance produkt\u016f \u2013 transparentn\u00ed a v\u011bdecky podlo\u017een\u00e9<\/p><\/div><div class=\"fusion-title title fusion-title-2 fusion-sep-none fusion-title-text fusion-title-size-one\" style=\"--awb-margin-top-small:8px;--awb-margin-right-small:0px;--awb-margin-bottom-small:16px;--awb-margin-left-small:0px;\"><h1 class=\"fusion-title-heading title-heading-left fusion-responsive-typography-calculated\" style=\"margin:0;--fontSize:60;line-height:var(--awb-typography1-line-height);\">Jak\u00fd m\u011b\u0159iteln\u00fd dopad m\u00e1 m\u016fj produkt?<\/h1><\/div><div class=\"fusion-text fusion-text-1\"><p>Pro na\u0161e produkty vytv\u00e1\u0159\u00edme pomoc\u00ed bAwear <a href=\"https:\/\/bawear-score.com\/\" target=\"_blank\" rel=\"noopener noreferrer\">(vlo\u017eit hypertextov\u00fd odkaz na bAwear: V\u00fdpo\u010det dopadu textili\u00ed, chyt\u0159eji a rychleji | bAwear Score)<\/a> komplexn\u00ed ekologick\u00e9 bilance v rozsahu od \u201ekol\u00e9bky po br\u00e1nu\u201c \u2013 od surovin a\u017e po vstup do z\u00e1vodu. P\u0159i tom kombinujeme prim\u00e1rn\u00ed data z vlastn\u00ed produkce s modelovan\u00fdmi daty z bAwear, kter\u00e1 vych\u00e1zej\u00ed z datab\u00e1z\u00ed SimaPro a uzn\u00e1van\u00fdch metod LCA. Datab\u00e1ze SimaPro jsou strukturovan\u00e9 sb\u00edrky ov\u011b\u0159en\u00fdch \u00fadaj\u016f o ekologick\u00e9 bilanci, kter\u00e9 slou\u017e\u00ed jako z\u00e1klad pro modelov\u00e1n\u00ed a hodnocen\u00ed dopad\u016f na \u017eivotn\u00ed prost\u0159ed\u00ed v anal\u00fdz\u00e1ch \u017eivotn\u00edho cyklu. T\u00edmto zp\u016fsobem z\u00edsk\u00e1v\u00e1me spolehlivou a transparentn\u00ed ekologickou bilanci na\u0161ich produkt\u016f.<\/p>\n<p>S radost\u00ed p\u0159iprav\u00edme p\u0159\u00edslu\u0161n\u00fd v\u00fdpo\u010det pro va\u0161e textilie Dibella a poskytneme v\u00e1m jej.<br \/>\nKontakt: Jennifer Deckers \u2013 <a href=\"mailto:deckers@dibellatextiles.com\">deckers@dibellatextiles.com<\/a><\/p>\n<\/div><\/div><\/div><\/div><\/div><div class=\"fusion-fullwidth fullwidth-box fusion-builder-row-2 fusion-flex-container has-pattern-background has-mask-background nonhundred-percent-fullwidth non-hundred-percent-height-scrolling\" style=\"--awb-border-radius-top-left:0px;--awb-border-radius-top-right:0px;--awb-border-radius-bottom-right:0px;--awb-border-radius-bottom-left:0px;--awb-margin-top:50px;--awb-margin-bottom:50px;--awb-flex-wrap:wrap;\" ><div class=\"fusion-builder-row fusion-row fusion-flex-align-items-flex-start fusion-flex-content-wrap\" style=\"max-width:1320.8px;margin-left: calc(-4% \/ 2 );margin-right: calc(-4% \/ 2 );\"><div class=\"fusion-layout-column fusion_builder_column fusion-builder-column-1 fusion_builder_column_1_1 1_1 fusion-flex-column\" style=\"--awb-bg-size:cover;--awb-width-large:100%;--awb-margin-top-large:25px;--awb-spacing-right-large:1.92%;--awb-margin-bottom-large:25px;--awb-spacing-left-large:1.92%;--awb-width-medium:100%;--awb-order-medium:0;--awb-spacing-right-medium:1.92%;--awb-spacing-left-medium:1.92%;--awb-width-small:100%;--awb-order-small:0;--awb-spacing-right-small:1.92%;--awb-spacing-left-small:1.92%;\"><div class=\"fusion-column-wrapper fusion-column-has-shadow fusion-flex-justify-content-flex-start fusion-content-layout-column\"><div style=\"text-align:center;\"><a class=\"fusion-button button-flat fusion-button-default-size button-default fusion-button-default button-1 fusion-button-default-span fusion-button-default-type\" target=\"_self\" href=\"\/cs\/udrzitelne-jednani\/\"><span class=\"fusion-button-text awb-button__text awb-button__text--default\">Zp\u011bt k p\u0159ehledu: Udr\u017eiteln\u00e9 jedn\u00e1n\u00ed<\/span><\/a><\/div><\/div><\/div><\/div><\/div><div class=\"fusion-fullwidth fullwidth-box fusion-builder-row-3 fusion-flex-container nonhundred-percent-fullwidth non-hundred-percent-height-scrolling\" style=\"--link_hover_color: var(--awb-custom_color_1);--link_color: var(--awb-color1);--awb-border-radius-top-left:0px;--awb-border-radius-top-right:0px;--awb-border-radius-bottom-right:0px;--awb-border-radius-bottom-left:0px;--awb-padding-top:4rem;--awb-padding-bottom:4rem;--awb-padding-top-medium:49px;--awb-padding-bottom-medium:20px;--awb-background-color:var(--awb-color5);--awb-flex-wrap:wrap;\" ><div class=\"fusion-builder-row fusion-row fusion-flex-align-items-flex-start fusion-flex-justify-content-space-between fusion-flex-content-wrap\" style=\"max-width:1320.8px;margin-left: calc(-4% \/ 2 );margin-right: calc(-4% \/ 2 );\"><div class=\"fusion-layout-column fusion_builder_column fusion-builder-column-2 fusion_builder_column_1_2 1_2 fusion-flex-column\" style=\"--awb-bg-size:cover;--awb-width-large:50%;--awb-margin-top-large:0px;--awb-spacing-right-large:3.84%;--awb-margin-bottom-large:0px;--awb-spacing-left-large:3.84%;--awb-width-medium:75%;--awb-spacing-right-medium:2.56%;--awb-spacing-left-medium:2.56%;--awb-width-small:100%;--awb-spacing-right-small:1.92%;--awb-spacing-left-small:1.92%;\"><div class=\"fusion-column-wrapper fusion-column-has-shadow fusion-flex-justify-content-flex-start fusion-content-layout-column\"><div class=\"fusion-title title fusion-title-3 fusion-sep-none fusion-title-text fusion-title-size-two\" style=\"--awb-text-color:var(--awb-color1);--awb-margin-top-small:8px;--awb-margin-right-small:0px;--awb-margin-bottom-small:16px;--awb-margin-left-small:0px;--awb-font-size:48px;\"><h2 class=\"fusion-title-heading title-heading-left fusion-responsive-typography-calculated\" style=\"font-family:var(--awb-typography1-font-family);font-weight:var(--awb-typography1-font-weight);font-style:var(--awb-typography1-font-style);margin:0;letter-spacing:var(--awb-typography1-letter-spacing);text-transform:var(--awb-typography1-text-transform);font-size:1em;--fontSize:48;line-height:var(--awb-typography1-line-height);\">Jak v\u00e1m m\u016f\u017eeme pomoci?<\/h2><\/div><\/div><\/div><div class=\"fusion-layout-column fusion_builder_column fusion-builder-column-3 fusion_builder_column_1_4 1_4 fusion-flex-column fusion-flex-align-self-flex-start\" style=\"--awb-padding-top-small:50px;--awb-padding-right-small:0px;--awb-padding-bottom-small:50px;--awb-padding-left-small:0px;--awb-bg-size:cover;--awb-width-large:25%;--awb-margin-top-large:0px;--awb-spacing-right-large:7.68%;--awb-margin-bottom-large:5px;--awb-spacing-left-large:7.68%;--awb-width-medium:25%;--awb-spacing-right-medium:7.68%;--awb-spacing-left-medium:7.68%;--awb-width-small:100%;--awb-spacing-right-small:1.92%;--awb-spacing-left-small:1.92%;\"><div class=\"fusion-column-wrapper fusion-column-has-shadow fusion-flex-justify-content-center fusion-content-layout-column\"><div class=\"fusion-image-element \" style=\"--awb-margin-right-small:50px;--awb-margin-left-small:50px;--awb-caption-title-font-family:var(--h2_typography-font-family);--awb-caption-title-font-weight:var(--h2_typography-font-weight);--awb-caption-title-font-style:var(--h2_typography-font-style);--awb-caption-title-size:var(--h2_typography-font-size);--awb-caption-title-transform:var(--h2_typography-text-transform);--awb-caption-title-line-height:var(--h2_typography-line-height);--awb-caption-title-letter-spacing:var(--h2_typography-letter-spacing);\"><span class=\" fusion-imageframe imageframe-none imageframe-1 hover-type-none .image-hover\" style=\"border-radius:50%;\"><img decoding=\"async\" width=\"800\" height=\"800\" alt=\"Portr\u00e4tfoto Jennifer Deckers\" title=\"Jennifer Deckers\" src=\"https:\/\/www.dibellatextiles.com\/wp-content\/uploads\/2025\/06\/jennifer.webp\" data-orig-src=\"https:\/\/www.dibellatextiles.com\/wp-content\/uploads\/2025\/06\/jennifer-800x800.webp\" class=\"lazyload img-responsive wp-image-14765\" srcset=\"data:image\/svg+xml,%3Csvg%20xmlns%3D%27http%3A%2F%2Fwww.w3.org%2F2000%2Fsvg%27%20width%3D%272560%27%20height%3D%272560%27%20viewBox%3D%270%200%202560%202560%27%3E%3Crect%20width%3D%272560%27%20height%3D%272560%27%20fill-opacity%3D%220%22%2F%3E%3C%2Fsvg%3E\" data-srcset=\"https:\/\/www.dibellatextiles.com\/wp-content\/uploads\/2025\/06\/jennifer-200x200.webp 200w, https:\/\/www.dibellatextiles.com\/wp-content\/uploads\/2025\/06\/jennifer-400x400.webp 400w, https:\/\/www.dibellatextiles.com\/wp-content\/uploads\/2025\/06\/jennifer-600x600.webp 600w, https:\/\/www.dibellatextiles.com\/wp-content\/uploads\/2025\/06\/jennifer-800x800.webp 800w, https:\/\/www.dibellatextiles.com\/wp-content\/uploads\/2025\/06\/jennifer-1200x1200.webp 1200w\" data-sizes=\"auto\" data-orig-sizes=\"(max-width: 1300px) 100vw, (max-width: 640px) 100vw, 400px\" \/><\/span><\/div><div class=\"fusion-title title fusion-title-4 fusion-sep-none fusion-title-center fusion-title-text fusion-title-size-paragraph\" style=\"--awb-margin-top:2rem;--awb-margin-bottom:0px;--awb-margin-top-small:8px;--awb-margin-right-small:0px;--awb-margin-bottom-small:16px;--awb-margin-left-small:0px;--awb-font-size:18px;\"><p class=\"fusion-title-heading title-heading-center title-heading-tag fusion-responsive-typography-calculated\" style=\"font-family:var(--awb-typography2-font-family);font-weight:var(--awb-typography2-font-weight);font-style:var(--awb-typography2-font-style);margin:0;text-transform:none;font-size:1em;--fontSize:18;--minFontSize:18;line-height:1.94;\">Jennifer Deckers<\/p><\/div><div class=\"fusion-title title fusion-title-5 fusion-no-small-visibility fusion-sep-none fusion-title-center fusion-title-text fusion-title-size-paragraph\" style=\"--awb-margin-top:0px;--awb-margin-bottom:0px;--awb-margin-top-small:8px;--awb-margin-right-small:0px;--awb-margin-bottom-small:16px;--awb-margin-left-small:0px;--awb-font-size:16px;\"><p class=\"fusion-title-heading title-heading-center title-heading-tag fusion-responsive-typography-calculated\" style=\"font-family:var(--awb-typography2-font-family);font-weight:var(--awb-typography2-font-weight);font-style:var(--awb-typography2-font-style);margin:0;text-transform:none;font-size:1em;--fontSize:16;--minFontSize:16;line-height:2.19;\"><a href=\"tel:+49287121980\">+49 (0) 2871 2198-75<\/a><\/p><\/div><div class=\"fusion-title title fusion-title-6 fusion-no-small-visibility fusion-sep-none fusion-title-center fusion-title-text fusion-title-size-paragraph\" style=\"--awb-margin-top:0px;--awb-margin-bottom:0px;--awb-margin-top-small:8px;--awb-margin-right-small:0px;--awb-margin-bottom-small:16px;--awb-margin-left-small:0px;--awb-font-size:16px;\"><p class=\"fusion-title-heading title-heading-center title-heading-tag fusion-responsive-typography-calculated\" style=\"font-family:var(--awb-typography2-font-family);font-weight:var(--awb-typography2-font-weight);font-style:var(--awb-typography2-font-style);margin:0;text-transform:none;font-size:1em;--fontSize:16;--minFontSize:16;line-height:2.19;\"><a href=\"mailto:deckers@dibellatextiles.com\">deckers@dibellatextiles.com<\/a><\/p><\/div><div class=\"fusion-text fusion-text-2 sm-text-align-center fusion-no-medium-visibility fusion-no-large-visibility fusion-text-no-margin-sm\" style=\"--awb-line-height:10px;--awb-margin-top-small:0px;--awb-margin-bottom-small:0px;\"><p><a href=\"tel:+49287121980\">+49 (0) 2871 2198-75<\/a><\/p>\n<\/div><div class=\"fusion-text fusion-text-3 sm-text-align-center fusion-no-medium-visibility fusion-no-large-visibility fusion-text-no-margin-sm\" style=\"--awb-line-height:10px;--awb-margin-top-small:0px;--awb-margin-bottom-small:0px;\"><p><a href=\"mailto:deckers@dibellatextiles.com\">deckers@dibellatextiles.com<\/a><\/p>\n<\/div><\/div><\/div><div class=\"fusion-layout-column fusion_builder_column fusion-builder-column-4 fusion_builder_column_1_4 1_4 fusion-flex-column fusion-flex-align-self-flex-start fusion-no-small-visibility fusion-no-medium-visibility\" style=\"--awb-bg-size:cover;--awb-width-large:25%;--awb-margin-top-large:0px;--awb-spacing-right-large:7.68%;--awb-margin-bottom-large:5px;--awb-spacing-left-large:7.68%;--awb-width-medium:100%;--awb-spacing-right-medium:1.92%;--awb-spacing-left-medium:1.92%;--awb-width-small:100%;--awb-spacing-right-small:1.92%;--awb-spacing-left-small:1.92%;\"><div class=\"fusion-column-wrapper fusion-column-has-shadow fusion-flex-justify-content-center fusion-content-layout-column\"><\/div><\/div><\/div><\/div><\/p>\n","protected":false},"excerpt":{"rendered":"","protected":false},"author":1,"featured_media":0,"parent":14762,"menu_order":3,"comment_status":"closed","ping_status":"closed","template":"100-width.php","meta":{"_acf_changed":false,"footnotes":""},"class_list":["post-14906","page","type-page","status-publish","hentry"],"acf":[],"_links":{"self":[{"href":"https:\/\/www.dibellatextiles.com\/cs\/wp-json\/wp\/v2\/pages\/14906","targetHints":{"allow":["GET"]}}],"collection":[{"href":"https:\/\/www.dibellatextiles.com\/cs\/wp-json\/wp\/v2\/pages"}],"about":[{"href":"https:\/\/www.dibellatextiles.com\/cs\/wp-json\/wp\/v2\/types\/page"}],"author":[{"embeddable":true,"href":"https:\/\/www.dibellatextiles.com\/cs\/wp-json\/wp\/v2\/users\/1"}],"replies":[{"embeddable":true,"href":"https:\/\/www.dibellatextiles.com\/cs\/wp-json\/wp\/v2\/comments?post=14906"}],"version-history":[{"count":5,"href":"https:\/\/www.dibellatextiles.com\/cs\/wp-json\/wp\/v2\/pages\/14906\/revisions"}],"predecessor-version":[{"id":16435,"href":"https:\/\/www.dibellatextiles.com\/cs\/wp-json\/wp\/v2\/pages\/14906\/revisions\/16435"}],"up":[{"embeddable":true,"href":"https:\/\/www.dibellatextiles.com\/cs\/wp-json\/wp\/v2\/pages\/14762"}],"wp:attachment":[{"href":"https:\/\/www.dibellatextiles.com\/cs\/wp-json\/wp\/v2\/media?parent=14906"}],"curies":[{"name":"wp","href":"https:\/\/api.w.org\/{rel}","templated":true}]}}