{"id":14844,"date":"2025-10-08T13:39:36","date_gmt":"2025-10-08T11:39:36","guid":{"rendered":"https:\/\/www.dibellatextiles.com\/udrzitelne-jednani\/beschwerdemanagement\/"},"modified":"2026-03-30T10:36:07","modified_gmt":"2026-03-30T08:36:07","slug":"management-stiznosti","status":"publish","type":"page","link":"https:\/\/www.dibellatextiles.com\/cs\/udrzitelne-jednani\/management-stiznosti\/","title":{"rendered":"Management st\u00ed\u017enost\u00ed"},"content":{"rendered":"<p><div class=\"fusion-fullwidth fullwidth-box fusion-builder-row-1 fusion-flex-container has-pattern-background has-mask-background nonhundred-percent-fullwidth non-hundred-percent-height-scrolling\" style=\"--awb-border-radius-top-left:0px;--awb-border-radius-top-right:0px;--awb-border-radius-bottom-right:0px;--awb-border-radius-bottom-left:0px;--awb-flex-wrap:wrap;\" ><div class=\"fusion-builder-row fusion-row fusion-flex-align-items-flex-start fusion-flex-content-wrap\" style=\"max-width:1320.8px;margin-left: calc(-4% \/ 2 );margin-right: calc(-4% \/ 2 );\"><div class=\"fusion-layout-column fusion_builder_column fusion-builder-column-0 fusion_builder_column_1_1 1_1 fusion-flex-column\" style=\"--awb-bg-size:cover;--awb-width-large:100%;--awb-margin-top-large:25px;--awb-spacing-right-large:1.92%;--awb-margin-bottom-large:25px;--awb-spacing-left-large:1.92%;--awb-width-medium:100%;--awb-order-medium:0;--awb-spacing-right-medium:1.92%;--awb-spacing-left-medium:1.92%;--awb-width-small:100%;--awb-order-small:0;--awb-spacing-right-small:1.92%;--awb-spacing-left-small:1.92%;\"><div class=\"fusion-column-wrapper fusion-column-has-shadow fusion-flex-justify-content-flex-start fusion-content-layout-column\"><div class=\"fusion-title title fusion-title-1 fusion-sep-none fusion-title-text fusion-title-size-one\" style=\"--awb-margin-top-small:8px;--awb-margin-right-small:0px;--awb-margin-bottom-small:16px;--awb-margin-left-small:0px;\"><h1 class=\"fusion-title-heading title-heading-left fusion-responsive-typography-calculated\" style=\"margin:0;--fontSize:60;line-height:var(--awb-typography1-line-height);\">Management st\u00ed\u017enost\u00ed pro dodavatele<\/h1><\/div><div class=\"fusion-title title fusion-title-2 fusion-sep-none fusion-title-text fusion-title-size-two\" style=\"--awb-margin-top-small:8px;--awb-margin-right-small:0px;--awb-margin-bottom-small:16px;--awb-margin-left-small:0px;--awb-font-size:30px;\"><h2 class=\"fusion-title-heading title-heading-left fusion-responsive-typography-calculated\" style=\"margin:0;font-size:1em;--fontSize:30;line-height:var(--awb-typography1-line-height);\">Mechanismus pro pod\u00e1v\u00e1n\u00ed st\u00ed\u017enost\u00ed:<\/h2><\/div><div class=\"fusion-text fusion-text-1\"><p>P\u0159eb\u00edr\u00e1me odpov\u011bdnost za lidi, kte\u0159\u00ed se pod\u00edlej\u00ed na v\u00fdrob\u011b na\u0161ich textili\u00ed. Proto spolupracujeme v\u00fdhradn\u011b s dodavateli,<\/p>\n<p>kte\u0159\u00ed prokazateln\u011b spl\u0148uj\u00ed na\u0161e vysok\u00e9 po\u017eadavky v oblasti lidsk\u00fdch pr\u00e1v, ochrany \u017eivotn\u00edho prost\u0159ed\u00ed a zdrav\u00ed.<\/p>\n<p>Krom\u011b uzn\u00e1van\u00fdch certifik\u00e1t\u016f je pro n\u00e1s d\u016fle\u017eit\u00e1 tak\u00e9 osobn\u00ed komunikace s na\u0161imi dodavateli. Pouze ten, kdo v\u00ed, \u201ekde tla\u010d\u00ed bota\u201c, dok\u00e1\u017ee jednat.<\/p>\n<p>Proto je pro n\u00e1s z\u00e1sadn\u00edm principem nab\u00eddnout zam\u011bstnanc\u016fm mo\u017enost obr\u00e1tit se v p\u0159\u00edpad\u011b st\u00ed\u017enost\u00ed p\u0159\u00edmo na n\u00e1s:<\/p>\n<p><b>Kontaktn\u00ed osoba:<\/b> Frau Michaela Gnass, mana\u017eerka CSR, e-mail: <a href=\"mailto:gnass@dibellatextiles.com\">gnass@dibellatextiles.com<\/a>, telefon: <a href=\"tel:00492871219863\">+49 (0) 2871 2198-63<\/a><\/p>\n<\/div><\/div><\/div><\/div><\/div><div class=\"fusion-fullwidth fullwidth-box fusion-builder-row-2 fusion-flex-container has-pattern-background has-mask-background nonhundred-percent-fullwidth non-hundred-percent-height-scrolling\" style=\"--awb-border-radius-top-left:0px;--awb-border-radius-top-right:0px;--awb-border-radius-bottom-right:0px;--awb-border-radius-bottom-left:0px;--awb-flex-wrap:wrap;\" ><div class=\"fusion-builder-row fusion-row fusion-flex-align-items-flex-start fusion-flex-content-wrap\" style=\"max-width:1320.8px;margin-left: calc(-4% \/ 2 );margin-right: calc(-4% \/ 2 );\"><div class=\"fusion-layout-column fusion_builder_column fusion-builder-column-1 fusion_builder_column_1_1 1_1 fusion-flex-column\" style=\"--awb-bg-size:cover;--awb-width-large:100%;--awb-margin-top-large:25px;--awb-spacing-right-large:1.92%;--awb-margin-bottom-large:25px;--awb-spacing-left-large:1.92%;--awb-width-medium:100%;--awb-order-medium:0;--awb-spacing-right-medium:1.92%;--awb-spacing-left-medium:1.92%;--awb-width-small:100%;--awb-order-small:0;--awb-spacing-right-small:1.92%;--awb-spacing-left-small:1.92%;\"><div class=\"fusion-column-wrapper fusion-column-has-shadow fusion-flex-justify-content-flex-start fusion-content-layout-column\"><div class=\"fusion-title title fusion-title-3 fusion-sep-none fusion-title-text fusion-title-size-three\" style=\"--awb-margin-top-small:8px;--awb-margin-right-small:0px;--awb-margin-bottom-small:16px;--awb-margin-left-small:0px;\"><h3 class=\"fusion-title-heading title-heading-left fusion-responsive-typography-calculated\" style=\"margin:0;--fontSize:28;--minFontSize:28;line-height:1.32;\">Procesy a postupy<\/h3><\/div><div class=\"fusion-image-element \" style=\"--awb-caption-title-font-family:var(--h2_typography-font-family);--awb-caption-title-font-weight:var(--h2_typography-font-weight);--awb-caption-title-font-style:var(--h2_typography-font-style);--awb-caption-title-size:var(--h2_typography-font-size);--awb-caption-title-transform:var(--h2_typography-text-transform);--awb-caption-title-line-height:var(--h2_typography-line-height);--awb-caption-title-letter-spacing:var(--h2_typography-letter-spacing);\"><span class=\" fusion-imageframe imageframe-none imageframe-1 hover-type-none\"><img decoding=\"async\" width=\"1070\" height=\"274\" title=\"process-amd-procedures\" src=\"https:\/\/www.dibellatextiles.com\/wp-content\/uploads\/2026\/03\/process-amd-procedures.webp\" data-orig-src=\"https:\/\/www.dibellatextiles.com\/wp-content\/uploads\/2026\/03\/process-amd-procedures.webp\" alt class=\"lazyload img-responsive wp-image-15441\" srcset=\"data:image\/svg+xml,%3Csvg%20xmlns%3D%27http%3A%2F%2Fwww.w3.org%2F2000%2Fsvg%27%20width%3D%271070%27%20height%3D%27274%27%20viewBox%3D%270%200%201070%20274%27%3E%3Crect%20width%3D%271070%27%20height%3D%27274%27%20fill-opacity%3D%220%22%2F%3E%3C%2Fsvg%3E\" data-srcset=\"https:\/\/www.dibellatextiles.com\/wp-content\/uploads\/2026\/03\/process-amd-procedures-200x51.webp 200w, https:\/\/www.dibellatextiles.com\/wp-content\/uploads\/2026\/03\/process-amd-procedures-400x102.webp 400w, https:\/\/www.dibellatextiles.com\/wp-content\/uploads\/2026\/03\/process-amd-procedures-600x154.webp 600w, https:\/\/www.dibellatextiles.com\/wp-content\/uploads\/2026\/03\/process-amd-procedures-800x205.webp 800w, https:\/\/www.dibellatextiles.com\/wp-content\/uploads\/2026\/03\/process-amd-procedures.webp 1070w\" data-sizes=\"auto\" data-orig-sizes=\"(max-width: 1300px) 100vw, (max-width: 640px) 100vw, 1070px\" \/><\/span><\/div><div class=\"fusion-title title fusion-title-4 fusion-sep-none fusion-title-text fusion-title-size-three\" style=\"--awb-margin-top-small:8px;--awb-margin-right-small:0px;--awb-margin-bottom-small:16px;--awb-margin-left-small:0px;\"><h3 class=\"fusion-title-heading title-heading-left fusion-responsive-typography-calculated\" style=\"margin:0;--fontSize:28;--minFontSize:28;line-height:1.32;\">Postup:<\/h3><\/div><\/div><\/div><div class=\"fusion-layout-column fusion_builder_column fusion-builder-column-2 fusion_builder_column_1_1 1_1 fusion-flex-column\" style=\"--awb-bg-size:cover;--awb-width-large:100%;--awb-margin-top-large:25px;--awb-spacing-right-large:1.92%;--awb-margin-bottom-large:25px;--awb-spacing-left-large:1.92%;--awb-width-medium:100%;--awb-order-medium:0;--awb-spacing-right-medium:1.92%;--awb-spacing-left-medium:1.92%;--awb-width-small:100%;--awb-order-small:0;--awb-spacing-right-small:1.92%;--awb-spacing-left-small:1.92%;\"><div class=\"fusion-column-wrapper fusion-column-has-shadow fusion-flex-justify-content-flex-start fusion-content-layout-column\"><div class=\"fusion-text fusion-text-2\"><p><b>A) Spole\u010dnost Dibella zji\u0161\u0165uje mechanismy pro pod\u00e1v\u00e1n\u00ed st\u00ed\u017enost\u00ed \/ komunika\u010dn\u00ed kan\u00e1ly u strategick\u00fdch dodavatel\u016f<\/b><\/p>\n<p>Sb\u011br dat strukturovan\u00fd podle:<\/p>\n<ol>\n<li>Zem\u011b<\/li>\n<li>Certifik\u00e1ty (GOTS,\u2026)<\/li>\n<li>P\u0159ijat\u00e9 st\u00ed\u017enosti<\/li>\n<li>Hled\u00e1n\u00ed \u0159e\u0161en\u00ed<\/li>\n<li>Sdru\u017een\u00ed\/odbory<\/li>\n<li>Schr\u00e1nky na st\u00ed\u017enosti<\/li>\n<li>Integrovan\u00e1 politika st\u00ed\u017enost\u00ed\/dokumentace<\/li>\n<\/ol>\n<p><b>V\u00fdsledek:<i>  Integrovan\u00e9 mechanismy st\u00ed\u017enost\u00ed\/komunika\u010dn\u00ed kan\u00e1ly v\u0161ech strategick\u00fdch dodavatel\u016f jsou k dispozici na vy\u017e\u00e1d\u00e1n\u00ed. V\u0161ichni strategi\u010dt\u00ed dodavatel\u00e9 disponuj\u00ed vlastn\u00edmi kan\u00e1ly pro st\u00ed\u017enosti.<\/i><\/b><\/p>\n<p><b>B) Spole\u010dnost Dibella analyzuje mechanismy st\u00ed\u017enost\u00ed\/komunika\u010dn\u00ed kan\u00e1ly u strategick\u00fdch dodavatel\u016f<\/b><\/p>\n<p>Anal\u00fdza<\/p>\n<p>1. Propojen\u00ed s anal\u00fdzou rizik spole\u010dnosti Dibella<\/p>\n<p><b>V\u00fdsledek: <i>Rizika souvisej\u00edc\u00ed s p\u0159\u00edslu\u0161nou zem\u00ed a ji\u017e up\u0159ednostn\u011bn\u00e1 jsou propojena s p\u0159\u00edslu\u0161n\u00fdm mechanismem pod\u00e1v\u00e1n\u00ed st\u00ed\u017enost\u00ed strategick\u00e9ho dodavatele<\/i><\/b><\/p>\n<p><b>C) Spole\u010dnost Dibella kontroluje \u00fa\u010dinnost mechanism\u016f pod\u00e1v\u00e1n\u00ed st\u00ed\u017enost\u00ed\/komunika\u010dn\u00edch kan\u00e1l\u016f<\/b><\/p>\n<p>Kontrola \u00fa\u010dinnosti prost\u0159ednictv\u00edm<\/p>\n<ol>\n<li>Audity, certifik\u00e1ty<\/li>\n<li>prost\u0159ednictv\u00edm vlastn\u00edch projekt\u016f spole\u010dnosti Dibella*<\/li>\n<li>Kontrola implementovan\u00fdch opat\u0159en\u00ed prost\u0159ednictv\u00edm &#8222;n\u00e1v\u0161t\u011bvy na m\u00edst\u011b&#8220;\/kontroln\u00edho seznamu<\/li>\n<\/ol>\n<p>* CZ = Implementace projektu \u201eKompenzace inflace pro zam\u011bstnance dodavatele\u201c na ja\u0159e 2024. Podrobn\u00e1 zpr\u00e1va bude n\u00e1sledovat.<\/p>\n<p><b>V\u00fdsledek: <i>Mechanismy pro pod\u00e1v\u00e1n\u00ed st\u00ed\u017enost\u00ed\/komunika\u010dn\u00ed kan\u00e1ly jsou zkontrolov\u00e1ny a posouzeny s ohledem na jejich \u00fa\u010dinnost<\/i><\/b><\/p>\n<p><b>D) Spole\u010dnost Dibella p\u0159\u00edpadn\u011b p\u0159ijme dal\u0161\u00ed opat\u0159en\u00ed<\/b><\/p>\n<p>Zkontrolovat, zda nejsou nutn\u00e1 dal\u0161\u00ed opat\u0159en\u00ed<\/p>\n<ol>\n<li>Zaveden\u00ed CAP<\/li>\n<li>viz C) Zkontrolovat, znovu prov\u00e9st ov\u011b\u0159en\u00ed \u00fa\u010dinnosti<\/li>\n<\/ol>\n<p><b>E) Spole\u010dnost Dibella zajist\u00ed p\u0159\u00edp. n\u00e1pravu\/od\u0161kodn\u011bn\u00ed<\/b><\/p>\n<p>Zajistit n\u00e1pravu a p\u0159\u00edstup k od\u0161kodn\u011bn\u00ed<\/p>\n<ol>\n<li>Spole\u010dnost Dibella vytv\u00e1\u0159\u00ed organiza\u010dn\u00ed a person\u00e1ln\u00ed p\u0159edpoklady.<br \/>\nTyto p\u0159edpoklady jsou nastaveny a p\u0159\u00edslu\u0161n\u00e9 kompetence jsou stanoveny s n\u00e1sleduj\u00edc\u00edmi kontaktn\u00edmi osobami:<br \/>\nVedouc\u00ed n\u00e1kupu: Herr Simon Bartholomes<br \/>\nMana\u017eerka CSR: Frau Michaela Gnass<\/li>\n<li>Dotaz: Byla v posledn\u00edch 12 m\u011bs\u00edc\u00edch p\u0159ijata n\u00e1pravn\u00e1 opat\u0159en\u00ed\/poskytnut\u00e9 od\u0161kodn\u011bn\u00ed?<br \/>\n<b>P\u0159ijet\u00ed st\u00ed\u017enosti 2022\/2023<\/b><br \/>\nB\u011bhem n\u00e1v\u0161t\u011bvy konfek\u010dn\u00ed d\u00edlny p\u00e1kist\u00e1nsk\u00e9ho dodavatele v roce 2022 si zam\u011bstnanci st\u011b\u017eovali na nepohodln\u00e9 \u017eidle v \u0161ic\u00ed d\u00edln\u011b. Po dialogu s 80 dot\u010den\u00fdmi zam\u011bstnanci bylo dohodnuto, \u017ee bude k dispozici \u0159ada alternativn\u00edch \u017eidl\u00ed. Po testovac\u00ed f\u00e1zi se zam\u011bstnanci rozhodli pro model s polstrovan\u00fdm op\u011bradlem.<br \/>\nDot\u010den\u00ed zam\u011bstnanci jsou s p\u0159ijat\u00fdm opat\u0159en\u00edm spokojeni a poskytli n\u00e1m pozitivn\u00ed zp\u011btnou vazbu.<br \/>\n<b>Obdr\u017een\u00ed dvou st\u00ed\u017enost\u00ed v roce 2024<\/b><br \/>\nNa ja\u0159e roku 2024 jsme e-mailem obdr\u017eeli st\u00ed\u017enost od dvou b\u00fdval\u00fdch zam\u011bstnanc\u016f dodavatele. Zam\u011bstnanci n\u00e1m sd\u011blili, \u017ee byli propu\u0161t\u011bni z d\u016fvodu sn\u00ed\u017een\u00ed kapacit. Z\u00e1rove\u0148 v\u0161ak byla p\u0159ijata nov\u00e1 pracovn\u00ed s\u00edla. Spole\u010dnost Dibella domluvila medita\u010dn\u00ed sch\u016fzku u dodavatele. Jeden zam\u011bstnanec se sch\u016fzky z\u00fa\u010dastnil, druh\u00fd nikoli. Jeden zam\u011bstnanec p\u0159ijal nov\u00e9 m\u00edsto v jin\u00e9 spole\u010dnosti a pod\u011bkoval n\u00e1m za na\u0161i podporu. Jeden zam\u011bstnanec n\u00e1m i p\u0159es opakovan\u00e9 pokusy o kontakt neposkytl \u017e\u00e1dnou dal\u0161\u00ed zp\u011btnou vazbu.<\/li>\n<\/ol>\n<p>Spole\u010dnost Dibella jedn\u00e1 podle principu \u201epreventivn\u00edch opat\u0159en\u00ed\u201c. Spole\u010dnost Dibella iniciuje a financuje projekty prost\u0159ednictv\u00edm zalo\u017een\u00e9 nadace GoodTextiles, aby podpo\u0159ila pozitivn\u00ed soci\u00e1ln\u00ed a ekologick\u00e9 \u00fa\u010dinky.<\/p>\n<p>Nap\u0159.: vzd\u011bl\u00e1vac\u00ed centrum pro farm\u00e1\u0159e Bio Fairtrade, vzd\u011bl\u00e1vac\u00ed projekty na podporu vzd\u011bl\u00e1v\u00e1n\u00ed, kompenzace emis\u00ed CO<sub>2<\/sub> v lese Dibella atd. (dal\u0161\u00ed informace na: <a href=\"https:\/\/www.goodtextiles.org\/\" target=\"_blank\" rel=\"noopener noreferrer nofollow\">www.goodtextiles.org<\/a>)<\/p>\n<p><b>V p\u0159\u00edpad\u011b n\u00e1pravy\/od\u0161kodn\u011bn\u00ed se postupuje n\u00e1sledovn\u011b:<\/b><\/p>\n<\/div><div class=\"fusion-title title fusion-title-5 fusion-sep-none fusion-title-text fusion-title-size-three\" style=\"--awb-margin-top-small:8px;--awb-margin-right-small:0px;--awb-margin-bottom-small:16px;--awb-margin-left-small:0px;\"><h3 class=\"fusion-title-heading title-heading-left fusion-responsive-typography-calculated\" style=\"margin:0;--fontSize:28;--minFontSize:28;line-height:1.32;\"><\/h3><\/div><div class=\"fusion-image-element \" style=\"--awb-caption-title-font-family:var(--h2_typography-font-family);--awb-caption-title-font-weight:var(--h2_typography-font-weight);--awb-caption-title-font-style:var(--h2_typography-font-style);--awb-caption-title-size:var(--h2_typography-font-size);--awb-caption-title-transform:var(--h2_typography-text-transform);--awb-caption-title-line-height:var(--h2_typography-line-height);--awb-caption-title-letter-spacing:var(--h2_typography-letter-spacing);\"><span class=\" fusion-imageframe imageframe-none imageframe-2 hover-type-none\"><img decoding=\"async\" width=\"944\" height=\"272\" title=\"remedy-reparation\" src=\"https:\/\/www.dibellatextiles.com\/wp-content\/uploads\/2026\/03\/remedy-reparation.webp\" data-orig-src=\"https:\/\/www.dibellatextiles.com\/wp-content\/uploads\/2026\/03\/remedy-reparation.webp\" alt class=\"lazyload img-responsive wp-image-15442\" srcset=\"data:image\/svg+xml,%3Csvg%20xmlns%3D%27http%3A%2F%2Fwww.w3.org%2F2000%2Fsvg%27%20width%3D%27944%27%20height%3D%27272%27%20viewBox%3D%270%200%20944%20272%27%3E%3Crect%20width%3D%27944%27%20height%3D%27272%27%20fill-opacity%3D%220%22%2F%3E%3C%2Fsvg%3E\" data-srcset=\"https:\/\/www.dibellatextiles.com\/wp-content\/uploads\/2026\/03\/remedy-reparation-200x58.webp 200w, https:\/\/www.dibellatextiles.com\/wp-content\/uploads\/2026\/03\/remedy-reparation-400x115.webp 400w, https:\/\/www.dibellatextiles.com\/wp-content\/uploads\/2026\/03\/remedy-reparation-600x173.webp 600w, https:\/\/www.dibellatextiles.com\/wp-content\/uploads\/2026\/03\/remedy-reparation-800x231.webp 800w, https:\/\/www.dibellatextiles.com\/wp-content\/uploads\/2026\/03\/remedy-reparation.webp 944w\" data-sizes=\"auto\" data-orig-sizes=\"(max-width: 1300px) 100vw, (max-width: 640px) 100vw, 944px\" \/><\/span><\/div><div class=\"fusion-text fusion-text-3\"><p>1) Sezn\u00e1men\u00ed se s prokazateln\u011b zp\u016fsobenou \u0161kodou<br \/>2) V\u00fdm\u011bna informac\u00ed\/dialog s posti\u017een\u00fdmi (osobn\u011b nebo p\u00edsemn\u011b)<br \/>3) Vytvo\u0159en\u00ed dokumentace (seznam st\u00ed\u017enost\u00ed)<br \/>4) Zainteresovan\u00e9 strany a spole\u010dnost Dibella vypracuj\u00ed spole\u010dn\u00e1 n\u00e1pravn\u00e1 opat\u0159en\u00ed. (forma a v\u00fd\u0161e)<br \/>\n5) Ov\u011b\u0159en\u00ed, zda posti\u017een\u00e9 strany souhlas\u00ed s v\u00fdsledkem. P\u0159\u00edp. zah\u00e1jit CAP.<\/p>\n<\/div><\/div><\/div><\/div><\/div><div class=\"fusion-fullwidth fullwidth-box fusion-builder-row-3 fusion-flex-container has-pattern-background has-mask-background nonhundred-percent-fullwidth non-hundred-percent-height-scrolling\" style=\"--awb-border-radius-top-left:0px;--awb-border-radius-top-right:0px;--awb-border-radius-bottom-right:0px;--awb-border-radius-bottom-left:0px;--awb-flex-wrap:wrap;\" ><div class=\"fusion-builder-row fusion-row fusion-flex-align-items-flex-start fusion-flex-content-wrap\" style=\"max-width:1320.8px;margin-left: calc(-4% \/ 2 );margin-right: calc(-4% \/ 2 );\"><div class=\"fusion-layout-column fusion_builder_column fusion-builder-column-3 fusion_builder_column_1_1 1_1 fusion-flex-column\" style=\"--awb-bg-size:cover;--awb-width-large:100%;--awb-margin-top-large:25px;--awb-spacing-right-large:1.92%;--awb-margin-bottom-large:25px;--awb-spacing-left-large:1.92%;--awb-width-medium:100%;--awb-order-medium:0;--awb-spacing-right-medium:1.92%;--awb-spacing-left-medium:1.92%;--awb-width-small:100%;--awb-order-small:0;--awb-spacing-right-small:1.92%;--awb-spacing-left-small:1.92%;\"><div class=\"fusion-column-wrapper fusion-column-has-shadow fusion-flex-justify-content-flex-start fusion-content-layout-column\"><div class=\"fusion-title title fusion-title-6 fusion-sep-none fusion-title-text fusion-title-size-three\" style=\"--awb-margin-top-small:8px;--awb-margin-right-small:0px;--awb-margin-bottom-small:16px;--awb-margin-left-small:0px;\"><h3 class=\"fusion-title-heading title-heading-left fusion-responsive-typography-calculated\" style=\"margin:0;--fontSize:28;--minFontSize:28;line-height:1.32;\">Spole\u010dnost Dibella se aktivn\u011b zasazuje o dal\u0161\u00ed rozvoj soci\u00e1ln\u00edho dialogu se sv\u00fdmi dodavateli a v r\u00e1mci jejich \u0159ad.<\/h3><\/div><\/div><\/div><\/div><\/div><div class=\"fusion-fullwidth fullwidth-box fusion-builder-row-4 fusion-flex-container has-pattern-background has-mask-background nonhundred-percent-fullwidth non-hundred-percent-height-scrolling\" style=\"--awb-border-radius-top-left:0px;--awb-border-radius-top-right:0px;--awb-border-radius-bottom-right:0px;--awb-border-radius-bottom-left:0px;--awb-flex-wrap:wrap;\" ><div class=\"fusion-builder-row fusion-row fusion-flex-align-items-flex-start fusion-flex-content-wrap\" style=\"max-width:1320.8px;margin-left: calc(-4% \/ 2 );margin-right: calc(-4% \/ 2 );\"><div class=\"fusion-layout-column fusion_builder_column fusion-builder-column-4 fusion_builder_column_1_1 1_1 fusion-flex-column\" style=\"--awb-bg-size:cover;--awb-width-large:100%;--awb-margin-top-large:25px;--awb-spacing-right-large:1.92%;--awb-margin-bottom-large:25px;--awb-spacing-left-large:1.92%;--awb-width-medium:100%;--awb-order-medium:0;--awb-spacing-right-medium:1.92%;--awb-spacing-left-medium:1.92%;--awb-width-small:100%;--awb-order-small:0;--awb-spacing-right-small:1.92%;--awb-spacing-left-small:1.92%;\"><div class=\"fusion-column-wrapper fusion-column-has-shadow fusion-flex-justify-content-flex-start fusion-content-layout-column\"><div style=\"text-align:center;\"><a class=\"fusion-button button-flat fusion-button-default-size button-default fusion-button-default button-1 fusion-button-default-span fusion-button-default-type\" target=\"_self\" href=\"\/cs\/udrzitelne-jednani\/\"><span class=\"fusion-button-text awb-button__text awb-button__text--default\">Zp\u011bt k p\u0159ehledu: Udr\u017eiteln\u00e9 jedn\u00e1n\u00ed<\/span><\/a><\/div><\/div><\/div><\/div><\/div><\/p>\n","protected":false},"excerpt":{"rendered":"","protected":false},"author":2,"featured_media":0,"parent":14762,"menu_order":5,"comment_status":"closed","ping_status":"closed","template":"100-width.php","meta":{"_acf_changed":false,"footnotes":""},"class_list":["post-14844","page","type-page","status-publish","hentry"],"acf":[],"_links":{"self":[{"href":"https:\/\/www.dibellatextiles.com\/cs\/wp-json\/wp\/v2\/pages\/14844","targetHints":{"allow":["GET"]}}],"collection":[{"href":"https:\/\/www.dibellatextiles.com\/cs\/wp-json\/wp\/v2\/pages"}],"about":[{"href":"https:\/\/www.dibellatextiles.com\/cs\/wp-json\/wp\/v2\/types\/page"}],"author":[{"embeddable":true,"href":"https:\/\/www.dibellatextiles.com\/cs\/wp-json\/wp\/v2\/users\/2"}],"replies":[{"embeddable":true,"href":"https:\/\/www.dibellatextiles.com\/cs\/wp-json\/wp\/v2\/comments?post=14844"}],"version-history":[{"count":6,"href":"https:\/\/www.dibellatextiles.com\/cs\/wp-json\/wp\/v2\/pages\/14844\/revisions"}],"predecessor-version":[{"id":16453,"href":"https:\/\/www.dibellatextiles.com\/cs\/wp-json\/wp\/v2\/pages\/14844\/revisions\/16453"}],"up":[{"embeddable":true,"href":"https:\/\/www.dibellatextiles.com\/cs\/wp-json\/wp\/v2\/pages\/14762"}],"wp:attachment":[{"href":"https:\/\/www.dibellatextiles.com\/cs\/wp-json\/wp\/v2\/media?parent=14844"}],"curies":[{"name":"wp","href":"https:\/\/api.w.org\/{rel}","templated":true}]}}