{"id":14833,"date":"2025-06-30T11:47:12","date_gmt":"2025-06-30T09:47:12","guid":{"rendered":"https:\/\/www.dibellatextiles.com\/udrzitelne-jednani\/circular-textiles\/"},"modified":"2026-03-06T13:04:07","modified_gmt":"2026-03-06T12:04:07","slug":"cirkularni-textil","status":"publish","type":"page","link":"https:\/\/www.dibellatextiles.com\/cs\/udrzitelne-jednani\/cirkularni-textil\/","title":{"rendered":"Cirkul\u00e1rn\u00ed textil"},"content":{"rendered":"<p><div class=\"fusion-fullwidth fullwidth-box fusion-builder-row-1 fusion-flex-container has-pattern-background has-mask-background nonhundred-percent-fullwidth non-hundred-percent-height-scrolling\" style=\"--awb-border-radius-top-left:0px;--awb-border-radius-top-right:0px;--awb-border-radius-bottom-right:0px;--awb-border-radius-bottom-left:0px;--awb-flex-wrap:wrap;\" ><div class=\"fusion-builder-row fusion-row fusion-flex-align-items-flex-start fusion-flex-content-wrap\" style=\"max-width:1320.8px;margin-left: calc(-4% \/ 2 );margin-right: calc(-4% \/ 2 );\"><div class=\"fusion-layout-column fusion_builder_column fusion-builder-column-0 fusion_builder_column_1_1 1_1 fusion-flex-column\" style=\"--awb-bg-size:cover;--awb-width-large:100%;--awb-margin-top-large:25px;--awb-spacing-right-large:1.92%;--awb-margin-bottom-large:25px;--awb-spacing-left-large:1.92%;--awb-width-medium:100%;--awb-order-medium:0;--awb-spacing-right-medium:1.92%;--awb-spacing-left-medium:1.92%;--awb-width-small:100%;--awb-order-small:0;--awb-spacing-right-small:1.92%;--awb-spacing-left-small:1.92%;\"><div class=\"fusion-column-wrapper fusion-column-has-shadow fusion-flex-justify-content-flex-start fusion-content-layout-column\"><div class=\"fusion-title title fusion-title-1 fusion-sep-none fusion-title-text fusion-title-size-one\" style=\"--awb-margin-top-small:8px;--awb-margin-right-small:0px;--awb-margin-bottom-small:16px;--awb-margin-left-small:0px;\"><h1 class=\"fusion-title-heading title-heading-left fusion-responsive-typography-calculated\" style=\"margin:0;--fontSize:60;line-height:var(--awb-typography1-line-height);\">N\u00e1\u0161 dlouhodob\u00fd c\u00edl: Ob\u011bhov\u00e9 hospod\u00e1\u0159stv\u00ed!<\/h1><\/div><div class=\"fusion-text fusion-text-1\"><p>Spole\u010dnost Dibella se anga\u017euje v sdru\u017een\u00edch jako CIBUTEX zab\u00fdvaj\u00edc\u00edch se t\u00e9matem ob\u011bhov\u00e9ho hospod\u00e1\u0159stv\u00ed a pod\u00edl\u00ed se na r\u016fzn\u00fdch v\u00fdzkumn\u00fdch projektech. Brzy zde najdete p\u0159edstaven\u00ed p\u0159\u00edstup\u016f k ob\u011bhov\u00e9mu hospod\u00e1\u0159stv\u00ed v textiln\u00edm pr\u016fmyslu &#8230;.<\/p>\n<\/div><\/div><\/div><\/div><\/div><div class=\"fusion-fullwidth fullwidth-box fusion-builder-row-2 fusion-flex-container has-pattern-background has-mask-background nonhundred-percent-fullwidth non-hundred-percent-height-scrolling\" style=\"--awb-border-radius-top-left:0px;--awb-border-radius-top-right:0px;--awb-border-radius-bottom-right:0px;--awb-border-radius-bottom-left:0px;--awb-flex-wrap:wrap;\" ><div class=\"fusion-builder-row fusion-row fusion-flex-align-items-flex-start fusion-flex-content-wrap\" style=\"max-width:1320.8px;margin-left: calc(-4% \/ 2 );margin-right: calc(-4% \/ 2 );\"><div class=\"fusion-layout-column fusion_builder_column fusion-builder-column-1 fusion_builder_column_1_1 1_1 fusion-flex-column\" style=\"--awb-bg-size:cover;--awb-width-large:100%;--awb-margin-top-large:25px;--awb-spacing-right-large:1.92%;--awb-margin-bottom-large:25px;--awb-spacing-left-large:1.92%;--awb-width-medium:100%;--awb-order-medium:0;--awb-spacing-right-medium:1.92%;--awb-spacing-left-medium:1.92%;--awb-width-small:100%;--awb-order-small:0;--awb-spacing-right-small:1.92%;--awb-spacing-left-small:1.92%;\"><div class=\"fusion-column-wrapper fusion-column-has-shadow fusion-flex-justify-content-flex-start fusion-content-layout-column\"><div style=\"text-align:center;\"><a class=\"fusion-button button-flat fusion-button-default-size button-default fusion-button-default button-1 fusion-button-default-span fusion-button-default-type\" target=\"_self\" href=\"https:\/\/www.dibellatextiles.com\/cs\/udrzitelne-jednani\/\"><span class=\"fusion-button-text awb-button__text awb-button__text--default\">Zp\u011bt k p\u0159ehledu: Udr\u017eiteln\u00e9 jedn\u00e1n\u00ed<\/span><\/a><\/div><\/div><\/div><\/div><\/div><\/p>\n","protected":false},"excerpt":{"rendered":"","protected":false},"author":1,"featured_media":0,"parent":14762,"menu_order":4,"comment_status":"closed","ping_status":"closed","template":"100-width.php","meta":{"_acf_changed":false,"footnotes":""},"class_list":["post-14833","page","type-page","status-publish","hentry"],"acf":[],"_links":{"self":[{"href":"https:\/\/www.dibellatextiles.com\/cs\/wp-json\/wp\/v2\/pages\/14833","targetHints":{"allow":["GET"]}}],"collection":[{"href":"https:\/\/www.dibellatextiles.com\/cs\/wp-json\/wp\/v2\/pages"}],"about":[{"href":"https:\/\/www.dibellatextiles.com\/cs\/wp-json\/wp\/v2\/types\/page"}],"author":[{"embeddable":true,"href":"https:\/\/www.dibellatextiles.com\/cs\/wp-json\/wp\/v2\/users\/1"}],"replies":[{"embeddable":true,"href":"https:\/\/www.dibellatextiles.com\/cs\/wp-json\/wp\/v2\/comments?post=14833"}],"version-history":[{"count":3,"href":"https:\/\/www.dibellatextiles.com\/cs\/wp-json\/wp\/v2\/pages\/14833\/revisions"}],"predecessor-version":[{"id":14836,"href":"https:\/\/www.dibellatextiles.com\/cs\/wp-json\/wp\/v2\/pages\/14833\/revisions\/14836"}],"up":[{"embeddable":true,"href":"https:\/\/www.dibellatextiles.com\/cs\/wp-json\/wp\/v2\/pages\/14762"}],"wp:attachment":[{"href":"https:\/\/www.dibellatextiles.com\/cs\/wp-json\/wp\/v2\/media?parent=14833"}],"curies":[{"name":"wp","href":"https:\/\/api.w.org\/{rel}","templated":true}]}}