{"id":14801,"date":"2025-10-08T13:44:31","date_gmt":"2025-10-08T11:44:31","guid":{"rendered":"https:\/\/www.dibellatextiles.com\/udrzitelne-jednani\/der-dibella-wald\/"},"modified":"2026-03-06T12:59:14","modified_gmt":"2026-03-06T11:59:14","slug":"les-dibella","status":"publish","type":"page","link":"https:\/\/www.dibellatextiles.com\/cs\/udrzitelne-jednani\/les-dibella\/","title":{"rendered":"Les Dibella"},"content":{"rendered":"<p><div class=\"fusion-fullwidth fullwidth-box fusion-builder-row-1 fusion-flex-container has-pattern-background has-mask-background nonhundred-percent-fullwidth non-hundred-percent-height-scrolling\" style=\"--awb-border-radius-top-left:0px;--awb-border-radius-top-right:0px;--awb-border-radius-bottom-right:0px;--awb-border-radius-bottom-left:0px;--awb-flex-wrap:wrap;\" ><div class=\"fusion-builder-row fusion-row fusion-flex-align-items-flex-start fusion-flex-content-wrap\" style=\"max-width:1320.8px;margin-left: calc(-4% \/ 2 );margin-right: calc(-4% \/ 2 );\"><div class=\"fusion-layout-column fusion_builder_column fusion-builder-column-0 fusion_builder_column_1_1 1_1 fusion-flex-column\" style=\"--awb-bg-size:cover;--awb-width-large:100%;--awb-margin-top-large:25px;--awb-spacing-right-large:1.92%;--awb-margin-bottom-large:25px;--awb-spacing-left-large:1.92%;--awb-width-medium:100%;--awb-order-medium:0;--awb-spacing-right-medium:1.92%;--awb-spacing-left-medium:1.92%;--awb-width-small:100%;--awb-order-small:0;--awb-spacing-right-small:1.92%;--awb-spacing-left-small:1.92%;\" data-scroll-devices=\"small-visibility,medium-visibility,large-visibility\"><div class=\"fusion-column-wrapper fusion-column-has-shadow fusion-flex-justify-content-flex-start fusion-content-layout-column\"><div class=\"fusion-title title fusion-title-1 fusion-sep-none fusion-title-text fusion-title-size-one\" style=\"--awb-margin-top-small:8px;--awb-margin-right-small:0px;--awb-margin-bottom-small:16px;--awb-margin-left-small:0px;\"><h1 class=\"fusion-title-heading title-heading-left fusion-responsive-typography-calculated\" style=\"margin:0;--fontSize:60;line-height:var(--awb-typography1-line-height);\">Projekt, kter\u00fd n\u00e1m le\u017e\u00ed na srdci: N\u00e1\u0161 les Dibella<\/h1><\/div><div class=\"fusion-title title fusion-title-2 fusion-sep-none fusion-title-text fusion-title-size-two\" style=\"--awb-margin-top-small:8px;--awb-margin-right-small:0px;--awb-margin-bottom-small:16px;--awb-margin-left-small:0px;--awb-font-size:30px;\"><h2 class=\"fusion-title-heading title-heading-left fusion-responsive-typography-calculated\" style=\"margin:0;font-size:1em;--fontSize:30;line-height:var(--awb-typography1-line-height);\">Za\u010dalo to projektem zales\u0148ov\u00e1n\u00ed a pak to rostlo a rostlo a rostlo \u2026<\/h2><\/div><div class=\"fusion-text fusion-text-1\" style=\"--awb-text-font-family:&quot;GT Walsheim Regular&quot;;--awb-text-font-style:normal;--awb-text-font-weight:400;\"><p>Prost\u0159ednictv\u00edm lesa Dibella v Indii podporujeme dosa\u017een\u00ed na\u0161ich deklarovan\u00fdch klimatick\u00fdch c\u00edl\u016f a umo\u017e\u0148ujeme t\u0159et\u00edm stran\u00e1m zapojit se do kompenzace emis\u00ed oxidu uhli\u010dit\u00e9ho (CO<sub>2<\/sub>). Z\u00e1rove\u0148 m\u00e1 neust\u00e1le rostouc\u00ed les aktivn\u011b p\u0159isp\u00edvat k ochran\u011b klimatu a \u017eivotn\u00edho prost\u0159ed\u00ed ve st\u00e1t\u011b Tamil Nadu.<\/p>\n<\/div><div class=\"fusion-video fusion-selfhosted-video\" style=\"max-width:100%;\"><div class=\"video-wrapper\"><video playsinline=\"true\" width=\"100%\" style=\"object-fit: cover;\" autoplay=\"true\" muted=\"true\" loop=\"true\" poster=\"https:\/\/www.dibellatextiles.com\/wp-content\/uploads\/2025\/10\/Screenshot-Forestvideo-200x122.webp\" preload=\"auto\" controls=\"1\"><source src=\"https:\/\/www.dibellatextiles.com\/wp-content\/uploads\/2025\/10\/dibella_forest.mp4-720p.mp4\" type=\"video\/mp4\">Sorry, your browser doesn&#039;t support embedded videos.<\/video><\/div><\/div><\/div><\/div><div class=\"fusion-layout-column fusion_builder_column fusion-builder-column-1 fusion_builder_column_2_3 2_3 fusion-flex-column\" style=\"--awb-bg-size:cover;--awb-width-large:66.666666666667%;--awb-margin-top-large:25px;--awb-spacing-right-large:2.88%;--awb-margin-bottom-large:25px;--awb-spacing-left-large:2.88%;--awb-width-medium:100%;--awb-order-medium:0;--awb-spacing-right-medium:1.92%;--awb-spacing-left-medium:1.92%;--awb-width-small:100%;--awb-order-small:0;--awb-spacing-right-small:1.92%;--awb-spacing-left-small:1.92%;\"><div class=\"fusion-column-wrapper fusion-column-has-shadow fusion-flex-justify-content-flex-start fusion-content-layout-column\"><div class=\"fusion-text fusion-text-2\"><p>Program zales\u0148ov\u00e1n\u00ed Dibella je otev\u0159en\u00fd pro \u00fa\u010dast t\u0159et\u00edch stran: Z\u00e1kazn\u00edci, partne\u0159i a dodavatel\u00e9 mohou kompenzovat svou uhl\u00edkovou stopu CO<sub>2<\/sub> vlastn\u00edm lesn\u00edm porostem.<\/p>\n<p>Projekt ji\u017e na\u0161el sv\u00e9 n\u00e1sledovn\u00edky. Aby mohl d\u00e1le r\u016fst, u\u010dinila spole\u010dnost Dibella p\u0159\u00edslu\u0161n\u00e1 opat\u0159en\u00ed: Lesn\u00ed plocha je roz\u0161i\u0159iteln\u00e1.<\/p>\n<p>M\u00e1te z\u00e1jem pod\u00edlet se na tomto zaj\u00edmav\u00e9m p\u0159\u00edrod\u011b bl\u00edzk\u00e9m projektu? Obra\u0165te se p\u0159\u00edmo na n\u00e1s a spole\u010dn\u011b zv\u00e1\u017e\u00edme, jak m\u016f\u017eeme va\u0161e n\u00e1pady v t\u00e9to oblasti podpo\u0159it:\u00a0<a title=\"gnass@dibella.de\" href=\"mailto:gnass@dibellatextiles.com\">gnass@dibellatextiles.com<\/a><\/p>\n<\/div><\/div><\/div><div class=\"fusion-layout-column fusion_builder_column fusion-builder-column-2 fusion_builder_column_1_3 1_3 fusion-flex-column\" style=\"--awb-bg-size:cover;--awb-width-large:33.333333333333%;--awb-margin-top-large:25px;--awb-spacing-right-large:5.76%;--awb-margin-bottom-large:25px;--awb-spacing-left-large:5.76%;--awb-width-medium:100%;--awb-order-medium:0;--awb-spacing-right-medium:1.92%;--awb-spacing-left-medium:1.92%;--awb-width-small:100%;--awb-order-small:0;--awb-spacing-right-small:1.92%;--awb-spacing-left-small:1.92%;\"><div class=\"fusion-column-wrapper fusion-column-has-shadow fusion-flex-justify-content-flex-start fusion-content-layout-column\"><div class=\"fusion-image-element \" style=\"text-align:right;--awb-aspect-ratio:3 \/ 2;--awb-object-position:61% 53%;--awb-caption-title-font-family:var(--h2_typography-font-family);--awb-caption-title-font-weight:var(--h2_typography-font-weight);--awb-caption-title-font-style:var(--h2_typography-font-style);--awb-caption-title-size:var(--h2_typography-font-size);--awb-caption-title-transform:var(--h2_typography-text-transform);--awb-caption-title-line-height:var(--h2_typography-line-height);--awb-caption-title-letter-spacing:var(--h2_typography-letter-spacing);\"><span class=\" fusion-imageframe imageframe-none imageframe-1 hover-type-none has-aspect-ratio\"><img decoding=\"async\" width=\"200\" height=\"150\" alt=\"Planting Trees in Dibella Forest\" title=\"Dibella Forrest-39\" src=\"https:\/\/www.dibellatextiles.com\/wp-content\/uploads\/2025\/10\/Dibella-Forrest-39.webp\" data-orig-src=\"https:\/\/www.dibellatextiles.com\/wp-content\/uploads\/2025\/10\/Dibella-Forrest-39-200x150.webp\" class=\"lazyload img-responsive wp-image-14804 img-with-aspect-ratio\" data-parent-fit=\"cover\" data-parent-container=\".fusion-image-element\" srcset=\"data:image\/svg+xml,%3Csvg%20xmlns%3D%27http%3A%2F%2Fwww.w3.org%2F2000%2Fsvg%27%20width%3D%271920%27%20height%3D%271440%27%20viewBox%3D%270%200%201920%201440%27%3E%3Crect%20width%3D%271920%27%20height%3D%271440%27%20fill-opacity%3D%220%22%2F%3E%3C%2Fsvg%3E\" data-srcset=\"https:\/\/www.dibellatextiles.com\/wp-content\/uploads\/2025\/10\/Dibella-Forrest-39-200x150.webp 200w, https:\/\/www.dibellatextiles.com\/wp-content\/uploads\/2025\/10\/Dibella-Forrest-39-400x300.webp 400w, https:\/\/www.dibellatextiles.com\/wp-content\/uploads\/2025\/10\/Dibella-Forrest-39-600x450.webp 600w, https:\/\/www.dibellatextiles.com\/wp-content\/uploads\/2025\/10\/Dibella-Forrest-39-800x600.webp 800w, https:\/\/www.dibellatextiles.com\/wp-content\/uploads\/2025\/10\/Dibella-Forrest-39-1200x900.webp 1200w, https:\/\/www.dibellatextiles.com\/wp-content\/uploads\/2025\/10\/Dibella-Forrest-39.webp 1920w\" data-sizes=\"auto\" data-orig-sizes=\"(max-width: 1300px) 100vw, (max-width: 640px) 100vw, 400px\" \/><\/span><\/div><\/div><\/div><\/div><\/div><div class=\"fusion-fullwidth fullwidth-box fusion-builder-row-2 fusion-flex-container has-pattern-background has-mask-background nonhundred-percent-fullwidth non-hundred-percent-height-scrolling\" style=\"--awb-border-radius-top-left:0px;--awb-border-radius-top-right:0px;--awb-border-radius-bottom-right:0px;--awb-border-radius-bottom-left:0px;--awb-flex-wrap:wrap;\" ><div class=\"fusion-builder-row fusion-row fusion-flex-align-items-flex-start fusion-flex-content-wrap\" style=\"max-width:1320.8px;margin-left: calc(-4% \/ 2 );margin-right: calc(-4% \/ 2 );\"><div class=\"fusion-layout-column fusion_builder_column fusion-builder-column-3 fusion_builder_column_1_1 1_1 fusion-flex-column\" style=\"--awb-bg-size:cover;--awb-width-large:100%;--awb-margin-top-large:25px;--awb-spacing-right-large:1.92%;--awb-margin-bottom-large:25px;--awb-spacing-left-large:1.92%;--awb-width-medium:100%;--awb-order-medium:0;--awb-spacing-right-medium:1.92%;--awb-spacing-left-medium:1.92%;--awb-width-small:100%;--awb-order-small:0;--awb-spacing-right-small:1.92%;--awb-spacing-left-small:1.92%;\"><div class=\"fusion-column-wrapper fusion-column-has-shadow fusion-flex-justify-content-flex-start fusion-content-layout-column\"><div style=\"text-align:center;\"><a class=\"fusion-button button-flat fusion-button-default-size button-default fusion-button-default button-1 fusion-button-default-span fusion-button-default-type\" target=\"_self\" href=\"\/cs\/udrzitelne-jednani\/\"><span class=\"fusion-button-text awb-button__text awb-button__text--default\">Zp\u011bt k p\u0159ehledu: Udr\u017eiteln\u00e9 jedn\u00e1n\u00ed<\/span><\/a><\/div><\/div><\/div><\/div><\/div><\/p>\n","protected":false},"excerpt":{"rendered":"","protected":false},"author":2,"featured_media":0,"parent":14762,"menu_order":2,"comment_status":"closed","ping_status":"closed","template":"100-width.php","meta":{"_acf_changed":false,"footnotes":""},"class_list":["post-14801","page","type-page","status-publish","hentry"],"acf":[],"_links":{"self":[{"href":"https:\/\/www.dibellatextiles.com\/cs\/wp-json\/wp\/v2\/pages\/14801","targetHints":{"allow":["GET"]}}],"collection":[{"href":"https:\/\/www.dibellatextiles.com\/cs\/wp-json\/wp\/v2\/pages"}],"about":[{"href":"https:\/\/www.dibellatextiles.com\/cs\/wp-json\/wp\/v2\/types\/page"}],"author":[{"embeddable":true,"href":"https:\/\/www.dibellatextiles.com\/cs\/wp-json\/wp\/v2\/users\/2"}],"replies":[{"embeddable":true,"href":"https:\/\/www.dibellatextiles.com\/cs\/wp-json\/wp\/v2\/comments?post=14801"}],"version-history":[{"count":5,"href":"https:\/\/www.dibellatextiles.com\/cs\/wp-json\/wp\/v2\/pages\/14801\/revisions"}],"predecessor-version":[{"id":14816,"href":"https:\/\/www.dibellatextiles.com\/cs\/wp-json\/wp\/v2\/pages\/14801\/revisions\/14816"}],"up":[{"embeddable":true,"href":"https:\/\/www.dibellatextiles.com\/cs\/wp-json\/wp\/v2\/pages\/14762"}],"wp:attachment":[{"href":"https:\/\/www.dibellatextiles.com\/cs\/wp-json\/wp\/v2\/media?parent=14801"}],"curies":[{"name":"wp","href":"https:\/\/api.w.org\/{rel}","templated":true}]}}