{"id":14795,"date":"2025-06-30T11:44:50","date_gmt":"2025-06-30T09:44:50","guid":{"rendered":"https:\/\/www.dibellatextiles.com\/udrzitelne-jednani\/wertschoepfungskette\/"},"modified":"2026-03-10T10:22:18","modified_gmt":"2026-03-10T09:22:18","slug":"hodnotovy-retezec","status":"publish","type":"page","link":"https:\/\/www.dibellatextiles.com\/cs\/udrzitelne-jednani\/hodnotovy-retezec\/","title":{"rendered":"Hodnotov\u00fd \u0159et\u011bzec"},"content":{"rendered":"<p><div class=\"fusion-fullwidth fullwidth-box fusion-builder-row-1 fusion-flex-container has-pattern-background has-mask-background nonhundred-percent-fullwidth non-hundred-percent-height-scrolling\" style=\"--awb-border-radius-top-left:0px;--awb-border-radius-top-right:0px;--awb-border-radius-bottom-right:0px;--awb-border-radius-bottom-left:0px;--awb-flex-wrap:wrap;\" ><div class=\"fusion-builder-row fusion-row fusion-flex-align-items-flex-start fusion-flex-justify-content-center fusion-flex-content-wrap\" style=\"max-width:1320.8px;margin-left: calc(-4% \/ 2 );margin-right: calc(-4% \/ 2 );\"><div class=\"fusion-layout-column fusion_builder_column fusion-builder-column-0 fusion_builder_column_3_4 3_4 fusion-flex-column\" style=\"--awb-bg-size:cover;--awb-width-large:75%;--awb-margin-top-large:25px;--awb-spacing-right-large:2.56%;--awb-margin-bottom-large:25px;--awb-spacing-left-large:2.56%;--awb-width-medium:100%;--awb-order-medium:0;--awb-spacing-right-medium:1.92%;--awb-spacing-left-medium:1.92%;--awb-width-small:100%;--awb-order-small:0;--awb-spacing-right-small:1.92%;--awb-spacing-left-small:1.92%;\"><div class=\"fusion-column-wrapper fusion-column-has-shadow fusion-flex-justify-content-flex-start fusion-content-layout-column\"><div class=\"fusion-video fusion-selfhosted-video\" style=\"max-width:100%;\"><div class=\"video-wrapper\"><video playsinline=\"true\" width=\"100%\" style=\"object-fit: cover;\" autoplay=\"true\" muted=\"true\" loop=\"true\" preload=\"auto\" controls=\"1\"><source src=\"https:\/\/www.dibellatextiles.com\/wp-content\/uploads\/2025\/11\/dibella-wertschoepfungskette.mp4\" type=\"video\/mp4\">Sorry, your browser doesn&#039;t support embedded videos.<\/video><\/div><\/div><\/div><\/div><\/div><\/div><div class=\"fusion-fullwidth fullwidth-box fusion-builder-row-2 fusion-flex-container has-pattern-background has-mask-background nonhundred-percent-fullwidth non-hundred-percent-height-scrolling\" style=\"--awb-border-radius-top-left:0px;--awb-border-radius-top-right:0px;--awb-border-radius-bottom-right:0px;--awb-border-radius-bottom-left:0px;--awb-flex-wrap:wrap;\" ><div class=\"fusion-builder-row fusion-row fusion-flex-align-items-flex-start fusion-flex-content-wrap\" style=\"max-width:1320.8px;margin-left: calc(-4% \/ 2 );margin-right: calc(-4% \/ 2 );\"><div class=\"fusion-layout-column fusion_builder_column fusion-builder-column-1 fusion_builder_column_1_1 1_1 fusion-flex-column\" style=\"--awb-bg-size:cover;--awb-width-large:100%;--awb-margin-top-large:25px;--awb-spacing-right-large:1.92%;--awb-margin-bottom-large:25px;--awb-spacing-left-large:1.92%;--awb-width-medium:100%;--awb-order-medium:0;--awb-spacing-right-medium:1.92%;--awb-spacing-left-medium:1.92%;--awb-width-small:100%;--awb-order-small:0;--awb-spacing-right-small:1.92%;--awb-spacing-left-small:1.92%;\"><div class=\"fusion-column-wrapper fusion-column-has-shadow fusion-flex-justify-content-flex-start fusion-content-layout-column\"><div class=\"fusion-title title fusion-title-1 fusion-sep-none fusion-title-text fusion-title-size-one\" style=\"--awb-margin-top-small:8px;--awb-margin-right-small:0px;--awb-margin-bottom-small:16px;--awb-margin-left-small:0px;\"><h1 class=\"fusion-title-heading title-heading-left fusion-responsive-typography-calculated\" style=\"margin:0;--fontSize:60;line-height:var(--awb-typography1-line-height);\">Trval\u00e1 udr\u017eitelnost ji\u017e v z\u00e1kladn\u00edm sortimentu<\/h1><\/div><div class=\"fusion-text fusion-text-1\"><p><strong>Hodnotov\u00fd \u0159et\u011bzec v textiln\u00edm pr\u016fmyslu je dlouh\u00fd a pln\u00fd v\u00fdzev. O to d\u016fle\u017eit\u011bj\u0161\u00ed je prok\u00e1zat co nejv\u011bt\u0161\u00ed transparentnost ve v\u0161ech relevantn\u00edch bodech.<\/strong><br \/>\nSpole\u010dnost Dibella p\u0159ej\u00edm\u00e1 odpov\u011bdnost a anga\u017euje se v oblasti lidsk\u00fdch pr\u00e1v, ochrany \u017eivotn\u00edho prost\u0159ed\u00ed a zdrav\u00ed. Udr\u017eitelnost, z n\u00ed\u017e maj\u00ed prosp\u011bch v\u0161echny z\u00fa\u010dastn\u011bn\u00e9 strany. Ji\u017e v na\u0161em standardn\u00edm sortimentu klademe nejv\u011bt\u0161\u00ed d\u016fraz na dodr\u017eov\u00e1n\u00ed soci\u00e1ln\u00edch a ekologick\u00fdch krit\u00e9ri\u00ed. V\u011bt\u0161ina na\u0161eho sortimentu vlastn\u00ed certifik\u00e1t OEKO-TEX\u00aeMADE IN GREEN\/GREEN BUTTON (p\u0159esn\u00e9 \u00fadaje o jednotliv\u00fdch certifik\u00e1tech najdete u jednotliv\u00fdch produkt\u016f).<\/p>\n<p>U na\u0161ich produkt\u016f Good Textiles jdeme je\u0161t\u011b o krok d\u00e1l: V \u00fazk\u00e9 spolupr\u00e1ci se spole\u010dnost\u00ed Chetna Kooperative s\u00e1z\u00edme na nejudr\u017eiteln\u011bj\u0161\u00ed bavlnu a zpracov\u00e1n\u00ed.<\/p>\n<\/div><\/div><\/div><\/div><\/div><div class=\"fusion-fullwidth fullwidth-box fusion-builder-row-3 fusion-flex-container has-pattern-background has-mask-background nonhundred-percent-fullwidth non-hundred-percent-height-scrolling\" style=\"--awb-border-radius-top-left:0px;--awb-border-radius-top-right:0px;--awb-border-radius-bottom-right:0px;--awb-border-radius-bottom-left:0px;--awb-flex-wrap:wrap;\" ><div class=\"fusion-builder-row fusion-row fusion-flex-align-items-flex-start fusion-flex-content-wrap\" style=\"max-width:1320.8px;margin-left: calc(-4% \/ 2 );margin-right: calc(-4% \/ 2 );\"><div class=\"fusion-layout-column fusion_builder_column fusion-builder-column-2 fusion_builder_column_1_1 1_1 fusion-flex-column\" style=\"--awb-bg-size:cover;--awb-width-large:100%;--awb-margin-top-large:25px;--awb-spacing-right-large:1.92%;--awb-margin-bottom-large:25px;--awb-spacing-left-large:1.92%;--awb-width-medium:100%;--awb-order-medium:0;--awb-spacing-right-medium:1.92%;--awb-spacing-left-medium:1.92%;--awb-width-small:100%;--awb-order-small:0;--awb-spacing-right-small:1.92%;--awb-spacing-left-small:1.92%;\"><div class=\"fusion-column-wrapper fusion-column-has-shadow fusion-flex-justify-content-flex-start fusion-content-layout-column\"><div class=\"fusion-title title fusion-title-2 fusion-sep-none fusion-title-text fusion-title-size-two\" style=\"--awb-margin-top-small:8px;--awb-margin-right-small:0px;--awb-margin-bottom-small:16px;--awb-margin-left-small:0px;\"><h2 class=\"fusion-title-heading title-heading-left fusion-responsive-typography-calculated\" style=\"margin:0;--fontSize:42;line-height:var(--awb-typography1-line-height);\">N\u00e1\u0161 dodavatelsk\u00fd \u0159et\u011bzec v detailu<\/h2><\/div><div class=\"fusion-image-element \" style=\"--awb-caption-title-font-family:var(--h2_typography-font-family);--awb-caption-title-font-weight:var(--h2_typography-font-weight);--awb-caption-title-font-style:var(--h2_typography-font-style);--awb-caption-title-size:var(--h2_typography-font-size);--awb-caption-title-transform:var(--h2_typography-text-transform);--awb-caption-title-line-height:var(--h2_typography-line-height);--awb-caption-title-letter-spacing:var(--h2_typography-letter-spacing);\"><span class=\" fusion-imageframe imageframe-none imageframe-1 hover-type-magnify has-image-magnify fusion-animated\" data-animationType=\"zoomInLeft\" data-animationDuration=\"0.3\" data-animationOffset=\"top-into-view\" data-magnify-img=\"https:\/\/www.dibellatextiles.com\/wp-content\/uploads\/2026\/03\/supply-chain_EN-b.jpg\" data-magnify-duration=\"200\"><img decoding=\"async\" width=\"1070\" height=\"757\" title=\"dibella-supply-chain-graphic-in-detail-en\" src=\"https:\/\/www.dibellatextiles.com\/wp-content\/uploads\/2026\/03\/dibella-supply-chain-graphic-in-detail-en.webp\" data-orig-src=\"https:\/\/www.dibellatextiles.com\/wp-content\/uploads\/2026\/03\/dibella-supply-chain-graphic-in-detail-en.webp\" alt class=\"lazyload img-responsive wp-image-15434\" srcset=\"data:image\/svg+xml,%3Csvg%20xmlns%3D%27http%3A%2F%2Fwww.w3.org%2F2000%2Fsvg%27%20width%3D%271070%27%20height%3D%27757%27%20viewBox%3D%270%200%201070%20757%27%3E%3Crect%20width%3D%271070%27%20height%3D%27757%27%20fill-opacity%3D%220%22%2F%3E%3C%2Fsvg%3E\" data-srcset=\"https:\/\/www.dibellatextiles.com\/wp-content\/uploads\/2026\/03\/dibella-supply-chain-graphic-in-detail-en-200x141.webp 200w, https:\/\/www.dibellatextiles.com\/wp-content\/uploads\/2026\/03\/dibella-supply-chain-graphic-in-detail-en-400x283.webp 400w, https:\/\/www.dibellatextiles.com\/wp-content\/uploads\/2026\/03\/dibella-supply-chain-graphic-in-detail-en-600x424.webp 600w, https:\/\/www.dibellatextiles.com\/wp-content\/uploads\/2026\/03\/dibella-supply-chain-graphic-in-detail-en-800x566.webp 800w, https:\/\/www.dibellatextiles.com\/wp-content\/uploads\/2026\/03\/dibella-supply-chain-graphic-in-detail-en.webp 1070w\" data-sizes=\"auto\" data-orig-sizes=\"(max-width: 1300px) 100vw, (max-width: 640px) 100vw, 1070px\" \/><\/span><\/div><\/div><\/div><\/div><\/div><div class=\"fusion-fullwidth fullwidth-box fusion-builder-row-4 fusion-flex-container has-pattern-background has-mask-background nonhundred-percent-fullwidth non-hundred-percent-height-scrolling\" style=\"--awb-border-radius-top-left:0px;--awb-border-radius-top-right:0px;--awb-border-radius-bottom-right:0px;--awb-border-radius-bottom-left:0px;--awb-flex-wrap:wrap;\" ><div class=\"fusion-builder-row fusion-row fusion-flex-align-items-flex-start fusion-flex-content-wrap\" style=\"max-width:1320.8px;margin-left: calc(-4% \/ 2 );margin-right: calc(-4% \/ 2 );\"><div class=\"fusion-layout-column fusion_builder_column fusion-builder-column-3 fusion_builder_column_1_1 1_1 fusion-flex-column\" style=\"--awb-bg-size:cover;--awb-width-large:100%;--awb-margin-top-large:25px;--awb-spacing-right-large:1.92%;--awb-margin-bottom-large:25px;--awb-spacing-left-large:1.92%;--awb-width-medium:100%;--awb-order-medium:0;--awb-spacing-right-medium:1.92%;--awb-spacing-left-medium:1.92%;--awb-width-small:100%;--awb-order-small:0;--awb-spacing-right-small:1.92%;--awb-spacing-left-small:1.92%;\"><div class=\"fusion-column-wrapper fusion-column-has-shadow fusion-flex-justify-content-space-evenly fusion-content-layout-row\"><div style=\"text-align:center;\"><a class=\"fusion-button button-flat fusion-button-default-size button-default fusion-button-default button-1 fusion-button-default-span fusion-button-default-type\" style=\"--awb-margin-bottom:10px;\" target=\"_blank\" rel=\"noopener noreferrer\" href=\"https:\/\/www.dibellatextiles.com\/wp-content\/uploads\/2025\/09\/dibella-kreislaufrecycling-DE-quer-1.pdf\"><span class=\"fusion-button-text awb-button__text awb-button__text--default\">St\u00e1hnout dodavatelsk\u00fd \u0159et\u011bzec<\/span><\/a><\/div><div style=\"text-align:center;\"><a class=\"fusion-button button-flat fusion-button-default-size button-default fusion-button-default button-2 fusion-button-default-span fusion-button-default-type\" target=\"_self\" href=\"\/cs\/udrzitelne-jednani\/\"><span class=\"fusion-button-text awb-button__text awb-button__text--default\">Zp\u011bt k p\u0159ehledu: Udr\u017eiteln\u00e9 jedn\u00e1n\u00ed<\/span><\/a><\/div><\/div><\/div><\/div><\/div><\/p>\n","protected":false},"excerpt":{"rendered":"","protected":false},"author":1,"featured_media":0,"parent":14762,"menu_order":1,"comment_status":"closed","ping_status":"closed","template":"100-width.php","meta":{"_acf_changed":false,"footnotes":""},"class_list":["post-14795","page","type-page","status-publish","hentry"],"acf":[],"_links":{"self":[{"href":"https:\/\/www.dibellatextiles.com\/cs\/wp-json\/wp\/v2\/pages\/14795","targetHints":{"allow":["GET"]}}],"collection":[{"href":"https:\/\/www.dibellatextiles.com\/cs\/wp-json\/wp\/v2\/pages"}],"about":[{"href":"https:\/\/www.dibellatextiles.com\/cs\/wp-json\/wp\/v2\/types\/page"}],"author":[{"embeddable":true,"href":"https:\/\/www.dibellatextiles.com\/cs\/wp-json\/wp\/v2\/users\/1"}],"replies":[{"embeddable":true,"href":"https:\/\/www.dibellatextiles.com\/cs\/wp-json\/wp\/v2\/comments?post=14795"}],"version-history":[{"count":6,"href":"https:\/\/www.dibellatextiles.com\/cs\/wp-json\/wp\/v2\/pages\/14795\/revisions"}],"predecessor-version":[{"id":15437,"href":"https:\/\/www.dibellatextiles.com\/cs\/wp-json\/wp\/v2\/pages\/14795\/revisions\/15437"}],"up":[{"embeddable":true,"href":"https:\/\/www.dibellatextiles.com\/cs\/wp-json\/wp\/v2\/pages\/14762"}],"wp:attachment":[{"href":"https:\/\/www.dibellatextiles.com\/cs\/wp-json\/wp\/v2\/media?parent=14795"}],"curies":[{"name":"wp","href":"https:\/\/api.w.org\/{rel}","templated":true}]}}